{"id":321,"date":"2024-12-09T17:03:08","date_gmt":"2024-12-09T09:03:08","guid":{"rendered":"http:\/\/jiuqi.deepvaluer.cn\/?post_type=product&#038;p=321"},"modified":"2025-09-16T17:07:19","modified_gmt":"2025-09-16T09:07:19","slug":"gas-filling-machine","status":"publish","type":"product","link":"https:\/\/www.lightermakingmachine.com\/de\/product\/gas-filling-machine\/","title":{"rendered":"Gasf\u00fcllmaschine"},"content":{"rendered":"<p>Hauptparameter Hauptparameter<\/p>\n<p>F\u00fcllposition oben auf der F\u00fcllposition<\/p>\n<p>Quantitative Zylinder sind quantitative Zylinder mit 5 PCs<\/p>\n<p>F\u00fcllen Sie den Kopf 5 PCs aus<\/p>\n<p>Automatisierungsabschluss vollst\u00e4ndig Automatisierung. Automatisierungsabschluss vollst\u00e4ndig Automatisierung<\/p>\n<p>Produktionskapazit\u00e4t 8000-1000 PCs\/Stunde<\/p>\n<p>F\u00fcllungsmengenbereich 2-7ML (Spezialspezifikation kann angepasst werden) F\u00fcllungsmengenbereich 2-7ml (Spezialspezifikation kann angepasst werden)<\/p>\n<p>Anwendung f\u00fcr die Gr\u00f6\u00dfe von Feuerzeug in Gr\u00f6\u00dfen von 15*28*86 mm. Anwendung f\u00fcr die Gr\u00f6\u00dfe von Feuerzeug in Gr\u00f6\u00dfen von 15*28*86 mm<\/p>\n<p>Luftquellendruck 0,5-0,6 mPa Luftquellendruck<\/p>\n<p>Verbrauch Luftquelle 0,03 cbm\/Minute<\/p>\n<p>Die Umrissabmessungen des Ger\u00e4ts betragen 120 cm*160 cm<\/p>","protected":false},"excerpt":{"rendered":"<p>Um den Bedarf an der Produktion von Feuerzeugen zu befriedigen, entwickeln wir Entwicklung und Design durch unsere eigene diese explosionsbeweise, vollst\u00e4ndig pneumatische, vollautomatische Ger\u00e4te.<\/p>","protected":false},"featured_media":738,"template":"","meta":[],"product_cat":[24],"product_tag":[],"class_list":{"0":"post-321","1":"product","2":"type-product","3":"status-publish","4":"has-post-thumbnail","6":"product_cat-automatic-machine","8":"first","9":"instock","10":"shipping-taxable","11":"product-type-simple"},"_links":{"self":[{"href":"https:\/\/www.lightermakingmachine.com\/de\/wp-json\/wp\/v2\/product\/321","targetHints":{"allow":["GET"]}}],"collection":[{"href":"https:\/\/www.lightermakingmachine.com\/de\/wp-json\/wp\/v2\/product"}],"about":[{"href":"https:\/\/www.lightermakingmachine.com\/de\/wp-json\/wp\/v2\/types\/product"}],"version-history":[{"count":2,"href":"https:\/\/www.lightermakingmachine.com\/de\/wp-json\/wp\/v2\/product\/321\/revisions"}],"predecessor-version":[{"id":1318,"href":"https:\/\/www.lightermakingmachine.com\/de\/wp-json\/wp\/v2\/product\/321\/revisions\/1318"}],"wp:featuredmedia":[{"embeddable":true,"href":"https:\/\/www.lightermakingmachine.com\/de\/wp-json\/wp\/v2\/media\/738"}],"wp:attachment":[{"href":"https:\/\/www.lightermakingmachine.com\/de\/wp-json\/wp\/v2\/media?parent=321"}],"wp:term":[{"taxonomy":"product_cat","embeddable":true,"href":"https:\/\/www.lightermakingmachine.com\/de\/wp-json\/wp\/v2\/product_cat?post=321"},{"taxonomy":"product_tag","embeddable":true,"href":"https:\/\/www.lightermakingmachine.com\/de\/wp-json\/wp\/v2\/product_tag?post=321"}],"curies":[{"name":"wp","href":"https:\/\/api.w.org\/{rel}","templated":true}]}}