{"id":331,"date":"2024-12-10T09:23:36","date_gmt":"2024-12-10T01:23:36","guid":{"rendered":"http:\/\/jiuqi.deepvaluer.cn\/?post_type=product&#038;p=331"},"modified":"2025-09-16T17:05:53","modified_gmt":"2025-09-16T09:05:53","slug":"packing-machine","status":"publish","type":"product","link":"https:\/\/www.lightermakingmachine.com\/de\/product\/packing-machine\/","title":{"rendered":"Verpackungsmaschine"},"content":{"rendered":"<p>1. Produktnutzung<br \/>\nDie Verpackungsmaschine vervollst\u00e4ndigt die leichtere Produktverpackung und spielt die pritektive, sch\u00f6ne Rolle.<br \/>\n2. Ausr\u00fcstungsparameter<\/p>\n<table style=\"height: 232px;\" width=\"190\">\n<tbody>\n<tr>\n<td width=\"68\">Modell<\/td>\n<td width=\"119\">JQ-BZ-01<\/td>\n<\/tr>\n<tr>\n<td>Stromspannung<\/td>\n<td>AC220V<\/td>\n<\/tr>\n<tr>\n<td>Frequenz<\/td>\n<td>50HZ<\/td>\n<\/tr>\n<tr>\n<td>Leistung<\/td>\n<td>1.8KW<\/td>\n<\/tr>\n<tr>\n<td>Druck<\/td>\n<td>0.5MP<\/td>\n<\/tr>\n<tr>\n<td>Gr\u00f6\u00dfe<\/td>\n<td>4.2m<sup>3<\/sup><\/td>\n<\/tr>\n<tr>\n<td>Gewicht<\/td>\n<td>480KG<\/td>\n<\/tr>\n<tr>\n<td>Ausgabe<\/td>\n<td>18000PCS\/HOUR<\/td>\n<\/tr>\n<\/tbody>\n<\/table>","protected":false},"excerpt":{"rendered":"<p>1. Produktnutzungspackmaschine vervollst\u00e4ndigt die leichtere Produktverpackung und spielt die pritektive, sch\u00f6ne Rolle. 2. Ger\u00e4teparameter Modell JQ-BZ-01-Spannung AC220V Frequenz 50 Hz Leistung 1,8 kW Druck 0,5 MP Gr\u00f6\u00dfe 4,2 m3 Gewicht 480 kg Ausgang 18000 St\u00fcck\/Stunde<\/p>","protected":false},"featured_media":333,"template":"","meta":[],"product_cat":[24],"product_tag":[],"class_list":{"0":"post-331","1":"product","2":"type-product","3":"status-publish","4":"has-post-thumbnail","6":"product_cat-automatic-machine","8":"first","9":"instock","10":"shipping-taxable","11":"product-type-simple"},"_links":{"self":[{"href":"https:\/\/www.lightermakingmachine.com\/de\/wp-json\/wp\/v2\/product\/331","targetHints":{"allow":["GET"]}}],"collection":[{"href":"https:\/\/www.lightermakingmachine.com\/de\/wp-json\/wp\/v2\/product"}],"about":[{"href":"https:\/\/www.lightermakingmachine.com\/de\/wp-json\/wp\/v2\/types\/product"}],"version-history":[{"count":1,"href":"https:\/\/www.lightermakingmachine.com\/de\/wp-json\/wp\/v2\/product\/331\/revisions"}],"predecessor-version":[{"id":1316,"href":"https:\/\/www.lightermakingmachine.com\/de\/wp-json\/wp\/v2\/product\/331\/revisions\/1316"}],"wp:featuredmedia":[{"embeddable":true,"href":"https:\/\/www.lightermakingmachine.com\/de\/wp-json\/wp\/v2\/media\/333"}],"wp:attachment":[{"href":"https:\/\/www.lightermakingmachine.com\/de\/wp-json\/wp\/v2\/media?parent=331"}],"wp:term":[{"taxonomy":"product_cat","embeddable":true,"href":"https:\/\/www.lightermakingmachine.com\/de\/wp-json\/wp\/v2\/product_cat?post=331"},{"taxonomy":"product_tag","embeddable":true,"href":"https:\/\/www.lightermakingmachine.com\/de\/wp-json\/wp\/v2\/product_tag?post=331"}],"curies":[{"name":"wp","href":"https:\/\/api.w.org\/{rel}","templated":true}]}}