{"id":340,"date":"2024-12-10T10:54:20","date_gmt":"2024-12-10T02:54:20","guid":{"rendered":"http:\/\/jiuqi.deepvaluer.cn\/?post_type=product&#038;p=340"},"modified":"2025-09-16T17:05:10","modified_gmt":"2025-09-16T09:05:10","slug":"fully-automatic-lighter-test-machine","status":"publish","type":"product","link":"https:\/\/www.lightermakingmachine.com\/de\/product\/fully-automatic-lighter-test-machine\/","title":{"rendered":"Vollautomatische leichtere Testmaschine"},"content":{"rendered":"<p>Leichter Alle Teile, die zu fertigen Produkten zusammengesetzt sind, obwohl es die Flamme zuvor eingestellt hat, aber aufgrund des Fehlers der Teile und des Montageprozesses auch zur \u00c4nderung der Flamme f\u00fchrt, m\u00fcssen die Erkennung des fertigen Flammenfeuerph\u00e4nomens inspizieren und die Qualit\u00e4t der Produkt -Endstabilit\u00e4t gew\u00e4hrleisten.<\/p>","protected":false},"excerpt":{"rendered":"<p>Leichter Alle Teile, die zu fertigen Produkten zusammengesetzt sind, obwohl es die Flamme zuvor eingestellt hat, aber aufgrund des Fehlers der Teile und des Montageprozesses auch zur \u00c4nderung der Flamme f\u00fchrt, m\u00fcssen die Erkennung des fertigen Flammenfeuerph\u00e4nomens inspizieren und die Qualit\u00e4t der Produkt -Endstabilit\u00e4t gew\u00e4hrleisten.<\/p>","protected":false},"featured_media":771,"template":"","meta":[],"product_cat":[24],"product_tag":[],"class_list":{"0":"post-340","1":"product","2":"type-product","3":"status-publish","4":"has-post-thumbnail","6":"product_cat-automatic-machine","8":"first","9":"instock","10":"shipping-taxable","11":"product-type-simple"},"_links":{"self":[{"href":"https:\/\/www.lightermakingmachine.com\/de\/wp-json\/wp\/v2\/product\/340","targetHints":{"allow":["GET"]}}],"collection":[{"href":"https:\/\/www.lightermakingmachine.com\/de\/wp-json\/wp\/v2\/product"}],"about":[{"href":"https:\/\/www.lightermakingmachine.com\/de\/wp-json\/wp\/v2\/types\/product"}],"version-history":[{"count":1,"href":"https:\/\/www.lightermakingmachine.com\/de\/wp-json\/wp\/v2\/product\/340\/revisions"}],"predecessor-version":[{"id":1315,"href":"https:\/\/www.lightermakingmachine.com\/de\/wp-json\/wp\/v2\/product\/340\/revisions\/1315"}],"wp:featuredmedia":[{"embeddable":true,"href":"https:\/\/www.lightermakingmachine.com\/de\/wp-json\/wp\/v2\/media\/771"}],"wp:attachment":[{"href":"https:\/\/www.lightermakingmachine.com\/de\/wp-json\/wp\/v2\/media?parent=340"}],"wp:term":[{"taxonomy":"product_cat","embeddable":true,"href":"https:\/\/www.lightermakingmachine.com\/de\/wp-json\/wp\/v2\/product_cat?post=340"},{"taxonomy":"product_tag","embeddable":true,"href":"https:\/\/www.lightermakingmachine.com\/de\/wp-json\/wp\/v2\/product_tag?post=340"}],"curies":[{"name":"wp","href":"https:\/\/api.w.org\/{rel}","templated":true}]}}