{"id":345,"date":"2024-12-10T11:03:02","date_gmt":"2024-12-10T03:03:02","guid":{"rendered":"http:\/\/jiuqi.deepvaluer.cn\/?post_type=product&#038;p=345"},"modified":"2025-09-16T17:04:28","modified_gmt":"2025-09-16T09:04:28","slug":"semi-automatic-gas-filling-machine","status":"publish","type":"product","link":"https:\/\/www.lightermakingmachine.com\/de\/product\/semi-automatic-gas-filling-machine\/","title":{"rendered":"Halbautomatische Gasf\u00fcllmaschine"},"content":{"rendered":"<p>Diese Ausr\u00fcstung eignet sich f\u00fcr eine geringe Menge an Produkten, da das angemessene Design dieses Modells f\u00fcr alle Arten von helleren oberen oder unteren F\u00fcllungsinflation, kompakten Struktur, hochgenauiger Ger\u00e4ten, weniger Gasabf\u00e4llen, bequemer Betrieb, sehr praktisch geeignet ist.<br \/>\nEs kann verwendet werden, um das Gas verschiedener Arten von Feuerzeugen unter Druck zu setzen und das quantitative Konserven von Feuerzeugen gleichzeitig schnell zu vervollst\u00e4ndigen und weniger Personal erforderlich (eine Person betreibt eine).<\/p>","protected":false},"excerpt":{"rendered":"<p>Diese Ausr\u00fcstung eignet sich f\u00fcr eine geringe Menge an Produkten, da das angemessene Design dieses Modells f\u00fcr alle Arten von helleren oberen oder unteren F\u00fcllungsinflation, kompakten Struktur, hochgenauiger Ger\u00e4ten, weniger Gasabf\u00e4llen, bequemer Betrieb, sehr praktisch geeignet ist. Es kann verwendet werden, um das Gas verschiedener Typen unter Druck zu setzen [\u2026]<\/p>","protected":false},"featured_media":346,"template":"","meta":[],"product_cat":[25],"product_tag":[],"class_list":{"0":"post-345","1":"product","2":"type-product","3":"status-publish","4":"has-post-thumbnail","6":"product_cat-semi-automatic-machine","8":"first","9":"instock","10":"shipping-taxable","11":"product-type-simple"},"_links":{"self":[{"href":"https:\/\/www.lightermakingmachine.com\/de\/wp-json\/wp\/v2\/product\/345","targetHints":{"allow":["GET"]}}],"collection":[{"href":"https:\/\/www.lightermakingmachine.com\/de\/wp-json\/wp\/v2\/product"}],"about":[{"href":"https:\/\/www.lightermakingmachine.com\/de\/wp-json\/wp\/v2\/types\/product"}],"version-history":[{"count":1,"href":"https:\/\/www.lightermakingmachine.com\/de\/wp-json\/wp\/v2\/product\/345\/revisions"}],"predecessor-version":[{"id":1314,"href":"https:\/\/www.lightermakingmachine.com\/de\/wp-json\/wp\/v2\/product\/345\/revisions\/1314"}],"wp:featuredmedia":[{"embeddable":true,"href":"https:\/\/www.lightermakingmachine.com\/de\/wp-json\/wp\/v2\/media\/346"}],"wp:attachment":[{"href":"https:\/\/www.lightermakingmachine.com\/de\/wp-json\/wp\/v2\/media?parent=345"}],"wp:term":[{"taxonomy":"product_cat","embeddable":true,"href":"https:\/\/www.lightermakingmachine.com\/de\/wp-json\/wp\/v2\/product_cat?post=345"},{"taxonomy":"product_tag","embeddable":true,"href":"https:\/\/www.lightermakingmachine.com\/de\/wp-json\/wp\/v2\/product_tag?post=345"}],"curies":[{"name":"wp","href":"https:\/\/api.w.org\/{rel}","templated":true}]}}