{"id":351,"date":"2024-12-10T11:20:07","date_gmt":"2024-12-10T03:20:07","guid":{"rendered":"http:\/\/jiuqi.deepvaluer.cn\/?post_type=product&#038;p=351"},"modified":"2025-09-16T17:02:43","modified_gmt":"2025-09-16T09:02:43","slug":"inspektionsmaschine-leichter-produktionslinie","status":"publish","type":"product","link":"https:\/\/www.lightermakingmachine.com\/de\/product\/inspektionsmaschine-leichter-produktionslinie\/","title":{"rendered":"Inspektionsmaschine leichter Produktionslinie"},"content":{"rendered":"<p>Leichtere Ger\u00e4te leichter Inspektionsmaschine leichter Produktionslinie leichtere Maschine<br \/>\nWird verwendet, um die Gr\u00f6\u00dfe der leichteren Flamme zu \u00fcberpr\u00fcfen<\/p>","protected":false},"excerpt":{"rendered":"<p>Leichtere Ger\u00e4te leichter Inspektionsmaschine leichter Produktionslinie leichter<\/p>","protected":false},"featured_media":800,"template":"","meta":[],"product_cat":[25],"product_tag":[],"class_list":{"0":"post-351","1":"product","2":"type-product","3":"status-publish","4":"has-post-thumbnail","6":"product_cat-semi-automatic-machine","8":"first","9":"instock","10":"shipping-taxable","11":"product-type-simple"},"_links":{"self":[{"href":"https:\/\/www.lightermakingmachine.com\/de\/wp-json\/wp\/v2\/product\/351","targetHints":{"allow":["GET"]}}],"collection":[{"href":"https:\/\/www.lightermakingmachine.com\/de\/wp-json\/wp\/v2\/product"}],"about":[{"href":"https:\/\/www.lightermakingmachine.com\/de\/wp-json\/wp\/v2\/types\/product"}],"version-history":[{"count":1,"href":"https:\/\/www.lightermakingmachine.com\/de\/wp-json\/wp\/v2\/product\/351\/revisions"}],"predecessor-version":[{"id":1312,"href":"https:\/\/www.lightermakingmachine.com\/de\/wp-json\/wp\/v2\/product\/351\/revisions\/1312"}],"wp:featuredmedia":[{"embeddable":true,"href":"https:\/\/www.lightermakingmachine.com\/de\/wp-json\/wp\/v2\/media\/800"}],"wp:attachment":[{"href":"https:\/\/www.lightermakingmachine.com\/de\/wp-json\/wp\/v2\/media?parent=351"}],"wp:term":[{"taxonomy":"product_cat","embeddable":true,"href":"https:\/\/www.lightermakingmachine.com\/de\/wp-json\/wp\/v2\/product_cat?post=351"},{"taxonomy":"product_tag","embeddable":true,"href":"https:\/\/www.lightermakingmachine.com\/de\/wp-json\/wp\/v2\/product_tag?post=351"}],"curies":[{"name":"wp","href":"https:\/\/api.w.org\/{rel}","templated":true}]}}