{"id":445,"date":"2024-12-11T13:53:49","date_gmt":"2024-12-11T05:53:49","guid":{"rendered":"http:\/\/jiuqi.deepvaluer.cn\/?post_type=product&#038;p=445"},"modified":"2025-09-16T17:01:41","modified_gmt":"2025-09-16T09:01:41","slug":"hochwertige-leichtere-montagepresse-automatische-zigarette-leichter-machen","status":"publish","type":"product","link":"https:\/\/www.lightermakingmachine.com\/de\/product\/hochwertige-leichtere-montagepresse-automatische-zigarette-leichter-machen\/","title":{"rendered":"Hochwertige leichtere Montagepresse Automatische Zigarette leichter machen"},"content":{"rendered":"<p>Hochwertiger leichtere Montagepresse Automatische Zigarette leichter<\/p>\n<table style=\"height: 581px;\" width=\"402\">\n<tbody>\n<tr>\n<td width=\"210\" height=\"10\">Herkunftsort<\/td>\n<td width=\"210\">Zhejiang, China<\/td>\n<\/tr>\n<tr>\n<td>Zustand<\/td>\n<td>Neu<\/td>\n<\/tr>\n<tr>\n<td>Video-Ausgangspflicht<\/td>\n<td>Nicht verf\u00fcgbar<\/td>\n<\/tr>\n<tr>\n<td>Maschinen -Testbericht<\/td>\n<td>Nicht verf\u00fcgbar<\/td>\n<\/tr>\n<tr>\n<td>Marketingtyp<\/td>\n<td>Neues Produkt 2020<\/td>\n<\/tr>\n<tr>\n<td>Garantie f\u00fcr Kernkomponenten<\/td>\n<td>1 Jahr<\/td>\n<\/tr>\n<tr>\n<td>Kernkomponenten<\/td>\n<td>Plc<\/td>\n<\/tr>\n<tr>\n<td>Garantie<\/td>\n<td>Nicht verf\u00fcgbar<\/td>\n<\/tr>\n<tr>\n<td>Schl\u00fcsselverkaufspunkte<\/td>\n<td>halbautomatisch<\/td>\n<\/tr>\n<tr>\n<td>Gewicht (kg)<\/td>\n<td>95<\/td>\n<\/tr>\n<tr>\n<td>Anwendbare Branchen<\/td>\n<td>Fertigungsanlage<\/td>\n<\/tr>\n<tr>\n<td>Ausstellungsraum Ort<\/td>\n<td>\u00c4gypten, T\u00fcrkei, Vietnam, Brasilien, Indien, Marokko<\/td>\n<\/tr>\n<tr>\n<td>Markenname<\/td>\n<td>Jiuqi<\/td>\n<\/tr>\n<tr>\n<td>Kapazit\u00e4t<\/td>\n<td>10000PCS\/H<\/td>\n<\/tr>\n<tr>\n<td>Luftquellendruck<\/td>\n<td>0.6mpa<\/td>\n<\/tr>\n<tr>\n<td>Funktion<\/td>\n<td>Halbautomatische Schwei\u00dfmaschine<\/td>\n<\/tr>\n<\/tbody>\n<\/table>","protected":false},"excerpt":{"rendered":"<p>Hochwertige leichtere Montagepresse Automatische Zigarette leichterer Herkunftsort Zhejiang, China Zustand Neue Videoausschaltung-Inspektion nicht verf\u00fcgbarer Maschinen-Testbericht nicht verf\u00fcgbarer Marketing-Typen Neuprodukt 2020 Garantie f\u00fcr Kernkomponenten 1 Jahr Kernkomponenten SPS-Garantie Garantie nicht verf\u00fcgbare Schl\u00fcsselverkaufspunkte halbautomatisches Gewicht (kg) 95 anwendbares Industrieanbieter-Fertigungsanbieter-Anbieter-Anbieter-Anbieter-Anbieter-Anbieter-Anbieter-Anbieter-Anbieter-Ausstellungsanlagen.<\/p>","protected":false},"featured_media":767,"template":"","meta":[],"product_cat":[24],"product_tag":[],"class_list":{"0":"post-445","1":"product","2":"type-product","3":"status-publish","4":"has-post-thumbnail","6":"product_cat-automatic-machine","8":"first","9":"instock","10":"shipping-taxable","11":"product-type-simple"},"_links":{"self":[{"href":"https:\/\/www.lightermakingmachine.com\/de\/wp-json\/wp\/v2\/product\/445","targetHints":{"allow":["GET"]}}],"collection":[{"href":"https:\/\/www.lightermakingmachine.com\/de\/wp-json\/wp\/v2\/product"}],"about":[{"href":"https:\/\/www.lightermakingmachine.com\/de\/wp-json\/wp\/v2\/types\/product"}],"version-history":[{"count":1,"href":"https:\/\/www.lightermakingmachine.com\/de\/wp-json\/wp\/v2\/product\/445\/revisions"}],"predecessor-version":[{"id":1311,"href":"https:\/\/www.lightermakingmachine.com\/de\/wp-json\/wp\/v2\/product\/445\/revisions\/1311"}],"wp:featuredmedia":[{"embeddable":true,"href":"https:\/\/www.lightermakingmachine.com\/de\/wp-json\/wp\/v2\/media\/767"}],"wp:attachment":[{"href":"https:\/\/www.lightermakingmachine.com\/de\/wp-json\/wp\/v2\/media?parent=445"}],"wp:term":[{"taxonomy":"product_cat","embeddable":true,"href":"https:\/\/www.lightermakingmachine.com\/de\/wp-json\/wp\/v2\/product_cat?post=445"},{"taxonomy":"product_tag","embeddable":true,"href":"https:\/\/www.lightermakingmachine.com\/de\/wp-json\/wp\/v2\/product_tag?post=445"}],"curies":[{"name":"wp","href":"https:\/\/api.w.org\/{rel}","templated":true}]}}