{"id":452,"date":"2024-12-11T14:36:06","date_gmt":"2024-12-11T06:36:06","guid":{"rendered":"http:\/\/jiuqi.deepvaluer.cn\/?post_type=product&#038;p=452"},"modified":"2025-09-16T17:00:50","modified_gmt":"2025-09-16T09:00:50","slug":"swing-machine-for-lighter-making-machine","status":"publish","type":"product","link":"https:\/\/www.lightermakingmachine.com\/de\/product\/swing-machine-for-lighter-making-machine\/","title":{"rendered":"Schaukelmaschine f\u00fcr die leichtere Herstellungmaschine"},"content":{"rendered":"<p>Hohe Produktionskapazit\u00e4t: Diese semiautomatische Ga-Zigarette-Leichtermaschine bietet eine beeindruckende Produktionskapazit\u00e4t von 10.000 Teilen pro Stunde, was sie zu einer idealen Wahl f\u00fcr gro\u00df angelegte Herstellungsbetriebe macht.<\/p>\n<p>Kompaktes und effizientes Design: Mit Abmessungen von 1300 x 800 x 900 mm ist diese Maschine so ausgelegt, dass sie den Platz maximiert und gleichzeitig ein hohes Effizienzniveau aufrechterhalten.<\/p>\n<p>Einfacher Betrieb: Der Mechanismus f\u00fcr Schwungmaschinen sorgt f\u00fcr einen reibungslosen und einfachen Betrieb, senkt die Arbeitskosten und steigert die Produktivit\u00e4t.<\/p>\n<p>Markenzuverl\u00e4ssigkeit: Diese Maschine wird von Jiuqi, einer seri\u00f6sen Marke hergestellt. Es ist so gebaut und bietet eine konsistente Leistung.<\/p>\n<p><strong>Branchenspezifische Attribute<\/strong><\/p>\n<table width=\"209\">\n<tbody>\n<tr>\n<td width=\"141\">Maschinenkapazit\u00e4t<\/td>\n<td width=\"68\">10000pcs\/hour<\/td>\n<\/tr>\n<\/tbody>\n<\/table>\n<p><strong>Andere Attribute<\/strong><\/p>\n<table width=\"209\">\n<tbody>\n<tr>\n<td width=\"141\">Gewicht<\/td>\n<td width=\"68\">55 kg<\/td>\n<\/tr>\n<tr>\n<td>Automatische Note<\/td>\n<td>Halbautomatisch<\/td>\n<\/tr>\n<tr>\n<td>Schl\u00fcsselmaschinen<\/td>\n<td>Schaukelmaschine<\/td>\n<\/tr>\n<tr>\n<td>Zustand<\/td>\n<td>Neu<\/td>\n<\/tr>\n<tr>\n<td>Markenname<\/td>\n<td>Jiuqi<\/td>\n<\/tr>\n<tr>\n<td>Dimension (l*w*h)<\/td>\n<td>1300*800*900 mm<\/td>\n<\/tr>\n<tr>\n<td>Herkunftsort<\/td>\n<td>Zhejiang, China<\/td>\n<\/tr>\n<tr>\n<td>Automatisierungsabschluss<\/td>\n<td>halbautomatisch<\/td>\n<\/tr>\n<tr>\n<td>Anwendung f\u00fcr die Gr\u00f6\u00dfe von Lighter<\/td>\n<td>1300*800*900 mm<\/td>\n<\/tr>\n<tr>\n<td>Kapazit\u00e4t<\/td>\n<td>10000pcs\/h<\/td>\n<\/tr>\n<\/tbody>\n<\/table>","protected":false},"excerpt":{"rendered":"<p>Hohe Produktionskapazit\u00e4t: Diese semiautomatische Ga-Zigarette-Leichtermaschine bietet eine beeindruckende Produktionskapazit\u00e4t von 10.000 Teilen pro Stunde, was sie zu einer idealen Wahl f\u00fcr gro\u00df angelegte Herstellungsbetriebe macht. Kompaktes und effizientes Design: Mit Abmessungen von 1300 x 800 x 900 mm ist diese Maschine so ausgelegt, dass sie den Platz maximiert und gleichzeitig ein hohes Effizienzniveau aufrechterhalten. Einfacher Betrieb: Die Schaukel [\u2026]<\/p>","protected":false},"featured_media":789,"template":"","meta":[],"product_cat":[24],"product_tag":[],"class_list":{"0":"post-452","1":"product","2":"type-product","3":"status-publish","4":"has-post-thumbnail","6":"product_cat-automatic-machine","8":"first","9":"instock","10":"shipping-taxable","11":"product-type-simple"},"_links":{"self":[{"href":"https:\/\/www.lightermakingmachine.com\/de\/wp-json\/wp\/v2\/product\/452","targetHints":{"allow":["GET"]}}],"collection":[{"href":"https:\/\/www.lightermakingmachine.com\/de\/wp-json\/wp\/v2\/product"}],"about":[{"href":"https:\/\/www.lightermakingmachine.com\/de\/wp-json\/wp\/v2\/types\/product"}],"version-history":[{"count":2,"href":"https:\/\/www.lightermakingmachine.com\/de\/wp-json\/wp\/v2\/product\/452\/revisions"}],"predecessor-version":[{"id":1310,"href":"https:\/\/www.lightermakingmachine.com\/de\/wp-json\/wp\/v2\/product\/452\/revisions\/1310"}],"wp:featuredmedia":[{"embeddable":true,"href":"https:\/\/www.lightermakingmachine.com\/de\/wp-json\/wp\/v2\/media\/789"}],"wp:attachment":[{"href":"https:\/\/www.lightermakingmachine.com\/de\/wp-json\/wp\/v2\/media?parent=452"}],"wp:term":[{"taxonomy":"product_cat","embeddable":true,"href":"https:\/\/www.lightermakingmachine.com\/de\/wp-json\/wp\/v2\/product_cat?post=452"},{"taxonomy":"product_tag","embeddable":true,"href":"https:\/\/www.lightermakingmachine.com\/de\/wp-json\/wp\/v2\/product_tag?post=452"}],"curies":[{"name":"wp","href":"https:\/\/api.w.org\/{rel}","templated":true}]}}