{"id":785,"date":"2024-12-13T14:18:59","date_gmt":"2024-12-13T06:18:59","guid":{"rendered":"http:\/\/jiuqi.deepvaluer.cn\/?post_type=product&#038;p=785"},"modified":"2025-09-16T16:57:43","modified_gmt":"2025-09-16T08:57:43","slug":"appending-machine","status":"publish","type":"product","link":"https:\/\/www.lightermakingmachine.com\/de\/product\/appending-machine\/","title":{"rendered":"Anhangsmaschine"},"content":{"rendered":"<p>Der Feeder ist ein fortschrittliches automatisiertes Ger\u00e4t, das die Position und Richtung des Feuerzeugs durch ein visuelles Erkennungssystem genau identifizieren kann. Es werden hochaufl\u00f6sende Kameras und Bildverarbeitungsalgorithmen verwendet, um Echtzeitbilder des Feuerzeugs zu erfassen und zu analysieren und die Position und den Winkel des Einsatzes zu bestimmen. Durch das Pr\u00e4zisions -Roboterarmsystem wird das Feuerzeug genau auf den F\u00f6rderband platziert, um die Produktionseffizienz und die Produktqualit\u00e4t zu verbessern.<\/p>\n<p>Hauptparameter<br \/>\n1. Vielseitigkeit: austauschbares Modell<br \/>\n2. Produktionskapazit\u00e4t: 8000-10000 \/ Stunde<br \/>\n3. Luftquellendruck: Luftquellendruck 0,5-0,7 mPa<br \/>\n4. Spannung: 220 V<br \/>\n5. Ausr\u00fcstungsabmessungen: L2705 mm*W1925mm*H1725mm<br \/>\n6. Gewicht: ca. 200 kg<\/p>","protected":false},"excerpt":{"rendered":"<p>Der Feeder ist ein fortschrittliches automatisiertes Ger\u00e4t, das die Position und Richtung des Feuerzeugs durch ein visuelles Erkennungssystem genau identifizieren kann. Es werden hochaufl\u00f6sende Kameras und Bildverarbeitungsalgorithmen verwendet, um Echtzeitbilder des Feuerzeugs zu erfassen und zu analysieren und die Position und den Winkel des Einsatzes zu bestimmen. Dann durch den Pr\u00e4zisionsroboterarm [\u2026]<\/p>","protected":false},"featured_media":786,"template":"","meta":[],"product_cat":[24],"product_tag":[],"class_list":{"0":"post-785","1":"product","2":"type-product","3":"status-publish","4":"has-post-thumbnail","6":"product_cat-automatic-machine","8":"first","9":"instock","10":"shipping-taxable","11":"product-type-simple"},"_links":{"self":[{"href":"https:\/\/www.lightermakingmachine.com\/de\/wp-json\/wp\/v2\/product\/785","targetHints":{"allow":["GET"]}}],"collection":[{"href":"https:\/\/www.lightermakingmachine.com\/de\/wp-json\/wp\/v2\/product"}],"about":[{"href":"https:\/\/www.lightermakingmachine.com\/de\/wp-json\/wp\/v2\/types\/product"}],"version-history":[{"count":1,"href":"https:\/\/www.lightermakingmachine.com\/de\/wp-json\/wp\/v2\/product\/785\/revisions"}],"predecessor-version":[{"id":1307,"href":"https:\/\/www.lightermakingmachine.com\/de\/wp-json\/wp\/v2\/product\/785\/revisions\/1307"}],"wp:featuredmedia":[{"embeddable":true,"href":"https:\/\/www.lightermakingmachine.com\/de\/wp-json\/wp\/v2\/media\/786"}],"wp:attachment":[{"href":"https:\/\/www.lightermakingmachine.com\/de\/wp-json\/wp\/v2\/media?parent=785"}],"wp:term":[{"taxonomy":"product_cat","embeddable":true,"href":"https:\/\/www.lightermakingmachine.com\/de\/wp-json\/wp\/v2\/product_cat?post=785"},{"taxonomy":"product_tag","embeddable":true,"href":"https:\/\/www.lightermakingmachine.com\/de\/wp-json\/wp\/v2\/product_tag?post=785"}],"curies":[{"name":"wp","href":"https:\/\/api.w.org\/{rel}","templated":true}]}}