{"id":787,"date":"2024-12-13T14:25:25","date_gmt":"2024-12-13T06:25:25","guid":{"rendered":"http:\/\/jiuqi.deepvaluer.cn\/?post_type=product&#038;p=787"},"modified":"2025-09-16T16:56:47","modified_gmt":"2025-09-16T08:56:47","slug":"automatic-welding-machine","status":"publish","type":"product","link":"https:\/\/www.lightermakingmachine.com\/de\/product\/automatic-welding-machine\/","title":{"rendered":"Automatische Schwei\u00dfmaschine"},"content":{"rendered":"<p>Der hellere K\u00f6rper sollte mit dem inneren Kopfabdeckung und anderen Zubeh\u00f6r durch Ultraschallwelle geschwei\u00dft werden, um die Wirkung von Versiegelungsgas zu erzielen.<\/p>\n<table width=\"346\">\n<tbody>\n<tr>\n<td width=\"145\">Modell<\/td>\n<td width=\"104\">JQ-HJ-01<\/td>\n<td width=\"97\">JQ-HJ-10<\/td>\n<\/tr>\n<tr>\n<td>Stromspannung<\/td>\n<td>AC220V<\/td>\n<td>AC220V<\/td>\n<\/tr>\n<tr>\n<td>Frequenz<\/td>\n<td>50HZ<\/td>\n<td>50HZ<\/td>\n<\/tr>\n<tr>\n<td>Leistung<\/td>\n<td>4.8KW<\/td>\n<td>5.6KW<\/td>\n<\/tr>\n<tr>\n<td>Druck<\/td>\n<td>0.6MP<\/td>\n<td>0.6MP<\/td>\n<\/tr>\n<tr>\n<td>Gr\u00f6\u00dfe<\/td>\n<td>11,4 m\u00b3<\/td>\n<td>13m\u00b3<\/td>\n<\/tr>\n<tr>\n<td>Gewicht<\/td>\n<td>2250KG<\/td>\n<td>2550KG<\/td>\n<\/tr>\n<tr>\n<td>Ausgabe<\/td>\n<td>6500PCS\/HOUR<\/td>\n<td>11000PCS\/HOUR<\/td>\n<\/tr>\n<\/tbody>\n<\/table>\n<p>&nbsp;<\/p>","protected":false},"excerpt":{"rendered":"<p>Der hellere K\u00f6rper sollte mit dem inneren Kopfabdeckung und anderen Zubeh\u00f6r durch Ultraschallwelle geschwei\u00dft werden, um die Wirkung von Dichtungsgas zu erzielen. Modell JQ-HJ-01 JQ-HJ-10 Voltage AC220V AC220V Frequenz 50 Hz 50 Hz Leistung 4,8 kW 5,6 kW Druck 0,6 MP 0,6 MP Gr\u00f6\u00dfe 11,4 m\u00b3 13 Messer Gewicht 2250 kg 2550 kg Ausgang 6500pcs\/Stunde 11000 St\u00fcck\/st\u00fcndlich &nbsp;<\/p>","protected":false},"featured_media":788,"template":"","meta":[],"product_cat":[24],"product_tag":[],"class_list":{"0":"post-787","1":"product","2":"type-product","3":"status-publish","4":"has-post-thumbnail","6":"product_cat-automatic-machine","8":"first","9":"instock","10":"shipping-taxable","11":"product-type-simple"},"_links":{"self":[{"href":"https:\/\/www.lightermakingmachine.com\/de\/wp-json\/wp\/v2\/product\/787","targetHints":{"allow":["GET"]}}],"collection":[{"href":"https:\/\/www.lightermakingmachine.com\/de\/wp-json\/wp\/v2\/product"}],"about":[{"href":"https:\/\/www.lightermakingmachine.com\/de\/wp-json\/wp\/v2\/types\/product"}],"version-history":[{"count":1,"href":"https:\/\/www.lightermakingmachine.com\/de\/wp-json\/wp\/v2\/product\/787\/revisions"}],"predecessor-version":[{"id":1306,"href":"https:\/\/www.lightermakingmachine.com\/de\/wp-json\/wp\/v2\/product\/787\/revisions\/1306"}],"wp:featuredmedia":[{"embeddable":true,"href":"https:\/\/www.lightermakingmachine.com\/de\/wp-json\/wp\/v2\/media\/788"}],"wp:attachment":[{"href":"https:\/\/www.lightermakingmachine.com\/de\/wp-json\/wp\/v2\/media?parent=787"}],"wp:term":[{"taxonomy":"product_cat","embeddable":true,"href":"https:\/\/www.lightermakingmachine.com\/de\/wp-json\/wp\/v2\/product_cat?post=787"},{"taxonomy":"product_tag","embeddable":true,"href":"https:\/\/www.lightermakingmachine.com\/de\/wp-json\/wp\/v2\/product_tag?post=787"}],"curies":[{"name":"wp","href":"https:\/\/api.w.org\/{rel}","templated":true}]}}