{"id":321,"date":"2024-12-09T17:03:08","date_gmt":"2024-12-09T09:03:08","guid":{"rendered":"http:\/\/jiuqi.deepvaluer.cn\/?post_type=product&#038;p=321"},"modified":"2025-09-16T17:07:19","modified_gmt":"2025-09-16T09:07:19","slug":"gas-filling-machine","status":"publish","type":"product","link":"https:\/\/www.lightermakingmachine.com\/es\/product\/gas-filling-machine\/","title":{"rendered":"M\u00e1quina de llenado de gas"},"content":{"rendered":"<p>Par\u00e1metro principal par\u00e1metro principal<\/p>\n<p>Posici\u00f3n de llenado en la parte superior de la posici\u00f3n de llenado<\/p>\n<p>Los cilindros cuantitativos son cilindros cuantitativos con 5 pcs<\/p>\n<p>Llenamiento de la cabeza 5 PCS<\/p>\n<p>Automatizaci\u00f3n Totalmente automatizaci\u00f3n. Automatizaci\u00f3n Totalmente automatizaci\u00f3n<\/p>\n<p>Capacidad de producci\u00f3n 8000-1000 PC\/hora<\/p>\n<p>Alcance de cantidad de llenado 2-7 ml (se puede personalizar la especificaci\u00f3n especial) Alcance de la cantidad de llenado 2-7 ml (se puede personalizar la especificaci\u00f3n especial)<\/p>\n<p>Aplicaci\u00f3n de tama\u00f1o m\u00e1s ligero dentro de los tama\u00f1os de 15*28*86 mm. Aplicaci\u00f3n de tama\u00f1o m\u00e1s ligero dentro de los tama\u00f1os de 15*28*86 mm<\/p>\n<p>Presi\u00f3n de fuente de aire 0.5-0.6MPA Presi\u00f3n de fuente de aire<\/p>\n<p>Fuente de aire de consumo 0.03 CBM\/minuto<\/p>\n<p>Las dimensiones del esquema del equipo son de 120 cm*160 cm<\/p>","protected":false},"excerpt":{"rendered":"<p>Para satisfacer la demanda de la cantidad de la producci\u00f3n de los encendedores, tenemos desarrollo y dise\u00f1o con nuestra propia prueba de explosi\u00f3n, equipos totalmente neum\u00e1ticos, completamente autom\u00e1ticos.<\/p>","protected":false},"featured_media":738,"template":"","meta":[],"product_cat":[24],"product_tag":[],"class_list":{"0":"post-321","1":"product","2":"type-product","3":"status-publish","4":"has-post-thumbnail","6":"product_cat-automatic-machine","8":"first","9":"instock","10":"shipping-taxable","11":"product-type-simple"},"_links":{"self":[{"href":"https:\/\/www.lightermakingmachine.com\/es\/wp-json\/wp\/v2\/product\/321","targetHints":{"allow":["GET"]}}],"collection":[{"href":"https:\/\/www.lightermakingmachine.com\/es\/wp-json\/wp\/v2\/product"}],"about":[{"href":"https:\/\/www.lightermakingmachine.com\/es\/wp-json\/wp\/v2\/types\/product"}],"version-history":[{"count":2,"href":"https:\/\/www.lightermakingmachine.com\/es\/wp-json\/wp\/v2\/product\/321\/revisions"}],"predecessor-version":[{"id":1318,"href":"https:\/\/www.lightermakingmachine.com\/es\/wp-json\/wp\/v2\/product\/321\/revisions\/1318"}],"wp:featuredmedia":[{"embeddable":true,"href":"https:\/\/www.lightermakingmachine.com\/es\/wp-json\/wp\/v2\/media\/738"}],"wp:attachment":[{"href":"https:\/\/www.lightermakingmachine.com\/es\/wp-json\/wp\/v2\/media?parent=321"}],"wp:term":[{"taxonomy":"product_cat","embeddable":true,"href":"https:\/\/www.lightermakingmachine.com\/es\/wp-json\/wp\/v2\/product_cat?post=321"},{"taxonomy":"product_tag","embeddable":true,"href":"https:\/\/www.lightermakingmachine.com\/es\/wp-json\/wp\/v2\/product_tag?post=321"}],"curies":[{"name":"wp","href":"https:\/\/api.w.org\/{rel}","templated":true}]}}