{"id":326,"date":"2024-12-09T17:49:46","date_gmt":"2024-12-09T09:49:46","guid":{"rendered":"http:\/\/jiuqi.deepvaluer.cn\/?post_type=product&#038;p=326"},"modified":"2025-09-16T17:06:39","modified_gmt":"2025-09-16T09:06:39","slug":"flame-adjust-machine","status":"publish","type":"product","link":"https:\/\/www.lightermakingmachine.com\/es\/product\/flame-adjust-machine\/","title":{"rendered":"M\u00e1quina de ajuste de llama"},"content":{"rendered":"<p>Marca:<\/p>\n<p>Tecnolog\u00eda jiuqi<\/p>\n<p>N\u00famero de modelo:<\/p>\n<p>D-JQ-THJ-6<\/p>\n<p>Art\u00edculo No. (n\u00famero de art\u00edculo):<\/p>\n<p>Consulte el servicio al cliente<\/p>\n<p>Alias \u200b\u200bde productos:<\/p>\n<p>Equipo m\u00e1s ligero<\/p>\n<p>usar:<\/p>\n<p>Ajuste m\u00e1s ligero<\/p>\n<p>Industria aplicable:<\/p>\n<p>F\u00e1brica<\/p>\n<p>Uso de productos:<\/p>\n<p>Ajuste la llama del encendedor<\/p>\n<p>especificaci\u00f3n:<\/p>\n<p>105 * 100 * 170<\/p>\n<p>Si la exportaci\u00f3n transfronteriza es una fuente de bienes:<\/p>\n<p>No<\/p>","protected":false},"excerpt":{"rendered":"<p>Ajuste autom\u00e1tico de llama<\/p>","protected":false},"featured_media":328,"template":"","meta":[],"product_cat":[24],"product_tag":[],"class_list":{"0":"post-326","1":"product","2":"type-product","3":"status-publish","4":"has-post-thumbnail","6":"product_cat-automatic-machine","8":"first","9":"instock","10":"shipping-taxable","11":"product-type-simple"},"_links":{"self":[{"href":"https:\/\/www.lightermakingmachine.com\/es\/wp-json\/wp\/v2\/product\/326","targetHints":{"allow":["GET"]}}],"collection":[{"href":"https:\/\/www.lightermakingmachine.com\/es\/wp-json\/wp\/v2\/product"}],"about":[{"href":"https:\/\/www.lightermakingmachine.com\/es\/wp-json\/wp\/v2\/types\/product"}],"version-history":[{"count":1,"href":"https:\/\/www.lightermakingmachine.com\/es\/wp-json\/wp\/v2\/product\/326\/revisions"}],"predecessor-version":[{"id":1317,"href":"https:\/\/www.lightermakingmachine.com\/es\/wp-json\/wp\/v2\/product\/326\/revisions\/1317"}],"wp:featuredmedia":[{"embeddable":true,"href":"https:\/\/www.lightermakingmachine.com\/es\/wp-json\/wp\/v2\/media\/328"}],"wp:attachment":[{"href":"https:\/\/www.lightermakingmachine.com\/es\/wp-json\/wp\/v2\/media?parent=326"}],"wp:term":[{"taxonomy":"product_cat","embeddable":true,"href":"https:\/\/www.lightermakingmachine.com\/es\/wp-json\/wp\/v2\/product_cat?post=326"},{"taxonomy":"product_tag","embeddable":true,"href":"https:\/\/www.lightermakingmachine.com\/es\/wp-json\/wp\/v2\/product_tag?post=326"}],"curies":[{"name":"wp","href":"https:\/\/api.w.org\/{rel}","templated":true}]}}