{"id":331,"date":"2024-12-10T09:23:36","date_gmt":"2024-12-10T01:23:36","guid":{"rendered":"http:\/\/jiuqi.deepvaluer.cn\/?post_type=product&#038;p=331"},"modified":"2026-04-29T15:30:57","modified_gmt":"2026-04-29T07:30:57","slug":"packing-machine","status":"publish","type":"product","link":"https:\/\/www.lightermakingmachine.com\/es\/product\/packing-machine\/","title":{"rendered":"M\u00e1quina de embalaje"},"content":{"rendered":"<p>1. Uso del producto<br \/>\nLa m\u00e1quina de embalaje completar\u00e1 el empaque del producto m\u00e1s ligero, desempe\u00f1e el papel pritectiva y hermoso.<br \/>\n2. Par\u00e1metros del equipo<\/p>\n<table style=\"height: 232px;\" width=\"190\">\n<tbody>\n<tr>\n<td width=\"68\">modelo<\/td>\n<td width=\"119\">JQ-BZ-01<\/td>\n<\/tr>\n<tr>\n<td>Voltaje<\/td>\n<td>AC220V<\/td>\n<\/tr>\n<tr>\n<td>frecuencia<\/td>\n<td>50hz<\/td>\n<\/tr>\n<tr>\n<td>fuerza<\/td>\n<td>1.8KW<\/td>\n<\/tr>\n<tr>\n<td>presi\u00f3n<\/td>\n<td>0.5MP<\/td>\n<\/tr>\n<tr>\n<td>tama\u00f1o<\/td>\n<td>4.2m<sup>3<\/sup><\/td>\n<\/tr>\n<tr>\n<td>peso<\/td>\n<td>480KG<\/td>\n<\/tr>\n<tr>\n<td>producci\u00f3n<\/td>\n<td>18000PCS\/HOUR<\/td>\n<\/tr>\n<\/tbody>\n<\/table>","protected":false},"excerpt":{"rendered":"<p>1. La m\u00e1quina de embalaje de uso del producto completar\u00e1 el empaque del producto m\u00e1s ligero, desempe\u00f1e el papel pritectiva y hermoso. 2. Par\u00e1metros del equipo Modelo JQ-BZ-01 Voltaje AC220V Frecuencia 50Hz Potencia 1.8kW Presi\u00f3n 0.5MP Tama\u00f1o 4.2M3 Peso 480 kg Salida 18000 PCS\/Hora<\/p>","protected":false},"featured_media":333,"template":"","meta":[],"product_cat":[24],"product_tag":[],"class_list":{"0":"post-331","1":"product","2":"type-product","3":"status-publish","4":"has-post-thumbnail","6":"product_cat-automatic-machine","8":"first","9":"instock","10":"shipping-taxable","11":"product-type-simple"},"_links":{"self":[{"href":"https:\/\/www.lightermakingmachine.com\/es\/wp-json\/wp\/v2\/product\/331","targetHints":{"allow":["GET"]}}],"collection":[{"href":"https:\/\/www.lightermakingmachine.com\/es\/wp-json\/wp\/v2\/product"}],"about":[{"href":"https:\/\/www.lightermakingmachine.com\/es\/wp-json\/wp\/v2\/types\/product"}],"version-history":[{"count":1,"href":"https:\/\/www.lightermakingmachine.com\/es\/wp-json\/wp\/v2\/product\/331\/revisions"}],"predecessor-version":[{"id":1316,"href":"https:\/\/www.lightermakingmachine.com\/es\/wp-json\/wp\/v2\/product\/331\/revisions\/1316"}],"wp:featuredmedia":[{"embeddable":true,"href":"https:\/\/www.lightermakingmachine.com\/es\/wp-json\/wp\/v2\/media\/333"}],"wp:attachment":[{"href":"https:\/\/www.lightermakingmachine.com\/es\/wp-json\/wp\/v2\/media?parent=331"}],"wp:term":[{"taxonomy":"product_cat","embeddable":true,"href":"https:\/\/www.lightermakingmachine.com\/es\/wp-json\/wp\/v2\/product_cat?post=331"},{"taxonomy":"product_tag","embeddable":true,"href":"https:\/\/www.lightermakingmachine.com\/es\/wp-json\/wp\/v2\/product_tag?post=331"}],"curies":[{"name":"wp","href":"https:\/\/api.w.org\/{rel}","templated":true}]}}