{"id":791,"date":"2024-12-13T14:50:49","date_gmt":"2024-12-13T06:50:49","guid":{"rendered":"http:\/\/jiuqi.deepvaluer.cn\/?post_type=product&#038;p=791"},"modified":"2025-09-16T16:55:48","modified_gmt":"2025-09-16T08:55:48","slug":"printing-machine","status":"publish","type":"product","link":"https:\/\/www.lightermakingmachine.com\/es\/product\/printing-machine\/","title":{"rendered":"Impresi\u00f3n"},"content":{"rendered":"<p>El encendedor ingresa al dispositivo a su vez, y la fuente que debe imprimirse se imprime en el m\u00e1s ligero, que se puede imprimir en ambos lados y en una variedad de colores. Uno a la vez, m\u00faltiple a la vez, con alta eficiencia, simplicidad y aspectos de las caracter\u00edsticas.<\/p>\n<table width=\"249\">\n<tbody>\n<tr>\n<td width=\"145\">modelo<\/td>\n<td width=\"104\">JQ-YZ-01<\/td>\n<\/tr>\n<tr>\n<td>Voltaje<\/td>\n<td>AC220V<\/td>\n<\/tr>\n<tr>\n<td>frecuencia<\/td>\n<td>50hz<\/td>\n<\/tr>\n<tr>\n<td>fuerza<\/td>\n<td>0.3KW<\/td>\n<\/tr>\n<tr>\n<td>presi\u00f3n<\/td>\n<td>0.6MP<\/td>\n<\/tr>\n<tr>\n<td>tama\u00f1o<\/td>\n<td>1.04m\u00b3<\/td>\n<\/tr>\n<tr>\n<td>peso<\/td>\n<td>200KG<\/td>\n<\/tr>\n<tr>\n<td>producci\u00f3n<\/td>\n<td>12000PCS\/HOUR<\/td>\n<\/tr>\n<\/tbody>\n<\/table>","protected":false},"excerpt":{"rendered":"<p>El encendedor ingresa al dispositivo a su vez, y la fuente que debe imprimirse se imprime en el m\u00e1s ligero, que se puede imprimir en ambos lados y en una variedad de colores. Uno a la vez, m\u00faltiple a la vez, con alta eficiencia, simplicidad y aspectos de las caracter\u00edsticas. Modelo JQ-YZ-01 Voltaje AC220V Frecuencia 50Hz [\u2026]<\/p>","protected":false},"featured_media":792,"template":"","meta":[],"product_cat":[24],"product_tag":[],"class_list":{"0":"post-791","1":"product","2":"type-product","3":"status-publish","4":"has-post-thumbnail","6":"product_cat-automatic-machine","8":"first","9":"instock","10":"shipping-taxable","11":"product-type-simple"},"_links":{"self":[{"href":"https:\/\/www.lightermakingmachine.com\/es\/wp-json\/wp\/v2\/product\/791","targetHints":{"allow":["GET"]}}],"collection":[{"href":"https:\/\/www.lightermakingmachine.com\/es\/wp-json\/wp\/v2\/product"}],"about":[{"href":"https:\/\/www.lightermakingmachine.com\/es\/wp-json\/wp\/v2\/types\/product"}],"version-history":[{"count":1,"href":"https:\/\/www.lightermakingmachine.com\/es\/wp-json\/wp\/v2\/product\/791\/revisions"}],"predecessor-version":[{"id":1305,"href":"https:\/\/www.lightermakingmachine.com\/es\/wp-json\/wp\/v2\/product\/791\/revisions\/1305"}],"wp:featuredmedia":[{"embeddable":true,"href":"https:\/\/www.lightermakingmachine.com\/es\/wp-json\/wp\/v2\/media\/792"}],"wp:attachment":[{"href":"https:\/\/www.lightermakingmachine.com\/es\/wp-json\/wp\/v2\/media?parent=791"}],"wp:term":[{"taxonomy":"product_cat","embeddable":true,"href":"https:\/\/www.lightermakingmachine.com\/es\/wp-json\/wp\/v2\/product_cat?post=791"},{"taxonomy":"product_tag","embeddable":true,"href":"https:\/\/www.lightermakingmachine.com\/es\/wp-json\/wp\/v2\/product_tag?post=791"}],"curies":[{"name":"wp","href":"https:\/\/api.w.org\/{rel}","templated":true}]}}