{"id":316,"date":"2024-12-09T16:55:06","date_gmt":"2024-12-09T08:55:06","guid":{"rendered":"http:\/\/jiuqi.deepvaluer.cn\/?post_type=product&#038;p=316"},"modified":"2025-09-16T17:08:07","modified_gmt":"2025-09-16T09:08:07","slug":"fully-automatic-welding-machine","status":"publish","type":"product","link":"https:\/\/www.lightermakingmachine.com\/fr\/product\/fully-automatic-welding-machine\/","title":{"rendered":"Machine de soudage enti\u00e8rement automatique"},"content":{"rendered":"<p>Fonction:<\/p>\n<p>Le corps plus l\u00e9ger doit \u00eatre soud\u00e9 avec un couvercle inf\u00e9rieur de la t\u00eate int\u00e9rieure et d'autres accessoires par une vague \u00e0 ultrasons pour obtenir l'effet du gaz d'\u00e9tanch\u00e9it\u00e9.<\/p>","protected":false},"excerpt":{"rendered":"<p>Soudage enti\u00e8rement automatique<\/p>","protected":false},"featured_media":317,"template":"","meta":[],"product_cat":[24],"product_tag":[],"class_list":{"0":"post-316","1":"product","2":"type-product","3":"status-publish","4":"has-post-thumbnail","6":"product_cat-automatic-machine","8":"first","9":"instock","10":"shipping-taxable","11":"product-type-simple"},"_links":{"self":[{"href":"https:\/\/www.lightermakingmachine.com\/fr\/wp-json\/wp\/v2\/product\/316","targetHints":{"allow":["GET"]}}],"collection":[{"href":"https:\/\/www.lightermakingmachine.com\/fr\/wp-json\/wp\/v2\/product"}],"about":[{"href":"https:\/\/www.lightermakingmachine.com\/fr\/wp-json\/wp\/v2\/types\/product"}],"version-history":[{"count":2,"href":"https:\/\/www.lightermakingmachine.com\/fr\/wp-json\/wp\/v2\/product\/316\/revisions"}],"predecessor-version":[{"id":1319,"href":"https:\/\/www.lightermakingmachine.com\/fr\/wp-json\/wp\/v2\/product\/316\/revisions\/1319"}],"wp:featuredmedia":[{"embeddable":true,"href":"https:\/\/www.lightermakingmachine.com\/fr\/wp-json\/wp\/v2\/media\/317"}],"wp:attachment":[{"href":"https:\/\/www.lightermakingmachine.com\/fr\/wp-json\/wp\/v2\/media?parent=316"}],"wp:term":[{"taxonomy":"product_cat","embeddable":true,"href":"https:\/\/www.lightermakingmachine.com\/fr\/wp-json\/wp\/v2\/product_cat?post=316"},{"taxonomy":"product_tag","embeddable":true,"href":"https:\/\/www.lightermakingmachine.com\/fr\/wp-json\/wp\/v2\/product_tag?post=316"}],"curies":[{"name":"wp","href":"https:\/\/api.w.org\/{rel}","templated":true}]}}