{"id":321,"date":"2024-12-09T17:03:08","date_gmt":"2024-12-09T09:03:08","guid":{"rendered":"http:\/\/jiuqi.deepvaluer.cn\/?post_type=product&#038;p=321"},"modified":"2025-09-16T17:07:19","modified_gmt":"2025-09-16T09:07:19","slug":"gas-filling-machine","status":"publish","type":"product","link":"https:\/\/www.lightermakingmachine.com\/fr\/product\/gas-filling-machine\/","title":{"rendered":"Machine \u00e0 remplir de gaz"},"content":{"rendered":"<p>Param\u00e8tre principal Param\u00e8tre principal<\/p>\n<p>Position de remplissage au-dessus de la position de remplissage<\/p>\n<p>Les cylindres quantitatifs sont des cylindres quantitatifs avec 5 pcs<\/p>\n<p>Remplissage de la t\u00eate 5 pcs<\/p>\n<p>Degr\u00e9 d'automatisation enti\u00e8rement automatisation. Dipl\u00f4me d'automatisation enti\u00e8rement automatisation<\/p>\n<p>Capacit\u00e9 de production 8000-1000 PCS \/ Hour<\/p>\n<p>Remplissage de la quantit\u00e9 de quantit\u00e9 2-7 ml (sp\u00e9cification sp\u00e9ciale peut \u00eatre personnalis\u00e9e) Remplissage de la quantit\u00e9 de quantit\u00e9 2 \u00e0 7 ml (la sp\u00e9cification sp\u00e9ciale peut \u00eatre personnalis\u00e9e)<\/p>\n<p>Application pour la taille de Light dans les tailles de 15 * 28 * 86 mm. Application pour la taille de Light dans les tailles de 15 * 28 * 86 mm<\/p>\n<p>Pression de la source d'air 0,5 \u00e0 0,6 MPA Pression de la source d'air<\/p>\n<p>Consommation d'air Source 0,03 cbm \/ minute<\/p>\n<p>Les dimensions du contour de l'\u00e9quipement sont de 120 cm * 160 cm<\/p>","protected":false},"excerpt":{"rendered":"<p>Pour r\u00e9pondre \u00e0 la demande de quantit\u00e9 de production de la production de Lighters, nous avons le d\u00e9veloppement et la conception par notre propre preuve d'explosion, enti\u00e8rement pneumatique, enti\u00e8rement automatique. Rapid et une fois r\u00e9alisent le remplissage quantitatif pour les cylindres quantitatifs de 5pcs, une personne remplissant deux \u00e9quipements et des mat\u00e9riaux de sortie automatique.<\/p>","protected":false},"featured_media":738,"template":"","meta":[],"product_cat":[24],"product_tag":[],"class_list":{"0":"post-321","1":"product","2":"type-product","3":"status-publish","4":"has-post-thumbnail","6":"product_cat-automatic-machine","8":"first","9":"instock","10":"shipping-taxable","11":"product-type-simple"},"_links":{"self":[{"href":"https:\/\/www.lightermakingmachine.com\/fr\/wp-json\/wp\/v2\/product\/321","targetHints":{"allow":["GET"]}}],"collection":[{"href":"https:\/\/www.lightermakingmachine.com\/fr\/wp-json\/wp\/v2\/product"}],"about":[{"href":"https:\/\/www.lightermakingmachine.com\/fr\/wp-json\/wp\/v2\/types\/product"}],"version-history":[{"count":2,"href":"https:\/\/www.lightermakingmachine.com\/fr\/wp-json\/wp\/v2\/product\/321\/revisions"}],"predecessor-version":[{"id":1318,"href":"https:\/\/www.lightermakingmachine.com\/fr\/wp-json\/wp\/v2\/product\/321\/revisions\/1318"}],"wp:featuredmedia":[{"embeddable":true,"href":"https:\/\/www.lightermakingmachine.com\/fr\/wp-json\/wp\/v2\/media\/738"}],"wp:attachment":[{"href":"https:\/\/www.lightermakingmachine.com\/fr\/wp-json\/wp\/v2\/media?parent=321"}],"wp:term":[{"taxonomy":"product_cat","embeddable":true,"href":"https:\/\/www.lightermakingmachine.com\/fr\/wp-json\/wp\/v2\/product_cat?post=321"},{"taxonomy":"product_tag","embeddable":true,"href":"https:\/\/www.lightermakingmachine.com\/fr\/wp-json\/wp\/v2\/product_tag?post=321"}],"curies":[{"name":"wp","href":"https:\/\/api.w.org\/{rel}","templated":true}]}}