{"id":340,"date":"2024-12-10T10:54:20","date_gmt":"2024-12-10T02:54:20","guid":{"rendered":"http:\/\/jiuqi.deepvaluer.cn\/?post_type=product&#038;p=340"},"modified":"2026-04-29T15:30:57","modified_gmt":"2026-04-29T07:30:57","slug":"fully-automatic-lighter-test-machine","status":"publish","type":"product","link":"https:\/\/www.lightermakingmachine.com\/fr\/product\/fully-automatic-lighter-test-machine\/","title":{"rendered":"Machine de test plus l\u00e9g\u00e8re enti\u00e8rement automatique"},"content":{"rendered":"<p>Plus l\u00e9ger toutes les pi\u00e8ces assembl\u00e9es en produits finis, bien que l'ajustement de la flamme avant, mais en raison de l'erreur des pi\u00e8ces et du processus d'assemblage entra\u00eenera \u00e9galement le changement de la flamme, il faut inspecter la d\u00e9tection du ph\u00e9nom\u00e8ne de feu de flamme fini, assurer la qualit\u00e9 de la stabilit\u00e9 finale du produit.<\/p>","protected":false},"excerpt":{"rendered":"<p>Plus l\u00e9ger toutes les pi\u00e8ces assembl\u00e9es en produits finis, bien que l'ajustement de la flamme avant, mais en raison de l'erreur des pi\u00e8ces et du processus d'assemblage entra\u00eenera \u00e9galement le changement de la flamme, il faut inspecter la d\u00e9tection du ph\u00e9nom\u00e8ne de feu de flamme fini, assurer la qualit\u00e9 de la stabilit\u00e9 finale du produit.<\/p>","protected":false},"featured_media":771,"template":"","meta":[],"product_cat":[24],"product_tag":[],"class_list":{"0":"post-340","1":"product","2":"type-product","3":"status-publish","4":"has-post-thumbnail","6":"product_cat-automatic-machine","8":"first","9":"instock","10":"shipping-taxable","11":"product-type-simple"},"_links":{"self":[{"href":"https:\/\/www.lightermakingmachine.com\/fr\/wp-json\/wp\/v2\/product\/340","targetHints":{"allow":["GET"]}}],"collection":[{"href":"https:\/\/www.lightermakingmachine.com\/fr\/wp-json\/wp\/v2\/product"}],"about":[{"href":"https:\/\/www.lightermakingmachine.com\/fr\/wp-json\/wp\/v2\/types\/product"}],"version-history":[{"count":1,"href":"https:\/\/www.lightermakingmachine.com\/fr\/wp-json\/wp\/v2\/product\/340\/revisions"}],"predecessor-version":[{"id":1315,"href":"https:\/\/www.lightermakingmachine.com\/fr\/wp-json\/wp\/v2\/product\/340\/revisions\/1315"}],"wp:featuredmedia":[{"embeddable":true,"href":"https:\/\/www.lightermakingmachine.com\/fr\/wp-json\/wp\/v2\/media\/771"}],"wp:attachment":[{"href":"https:\/\/www.lightermakingmachine.com\/fr\/wp-json\/wp\/v2\/media?parent=340"}],"wp:term":[{"taxonomy":"product_cat","embeddable":true,"href":"https:\/\/www.lightermakingmachine.com\/fr\/wp-json\/wp\/v2\/product_cat?post=340"},{"taxonomy":"product_tag","embeddable":true,"href":"https:\/\/www.lightermakingmachine.com\/fr\/wp-json\/wp\/v2\/product_tag?post=340"}],"curies":[{"name":"wp","href":"https:\/\/api.w.org\/{rel}","templated":true}]}}