{"id":345,"date":"2024-12-10T11:03:02","date_gmt":"2024-12-10T03:03:02","guid":{"rendered":"http:\/\/jiuqi.deepvaluer.cn\/?post_type=product&#038;p=345"},"modified":"2025-09-16T17:04:28","modified_gmt":"2025-09-16T09:04:28","slug":"semi-automatic-gas-filling-machine","status":"publish","type":"product","link":"https:\/\/www.lightermakingmachine.com\/fr\/product\/semi-automatic-gas-filling-machine\/","title":{"rendered":"Machine \u00e0 remplissage de gaz semi-automatique"},"content":{"rendered":"<p>Cet \u00e9quipement convient \u00e0 une petite quantit\u00e9 de produits \u00e0 utiliser, en raison de la conception raisonnable de ce mod\u00e8le convient \u00e0 toutes sortes d'inflation de remplissage sup\u00e9rieure ou inf\u00e9rieure plus l\u00e9g\u00e8re, de structure compacte, d'\u00e9quipement de haute pr\u00e9cision, de d\u00e9chets de gaz moins, de fonctionnement pratique, tr\u00e8s pratique.<br \/>\nIl peut \u00eatre utilis\u00e9 pour faire pression sur le gaz de divers types de briquets et terminer rapidement la mise en conserve quantitative des briquets \u00e0 la fois, et n\u00e9cessite moins de personnel (une personne en exploite une).<\/p>","protected":false},"excerpt":{"rendered":"<p>This equipment is suitable for a small amount of products to use, due to the reasonable design of this model is suitable for all kinds of lighter upper or lower filling inflation, compact structure, high precision equipment, less gas waste, convenient operation, very practical. It can be used to pressurize the gas of various types [\u2026]<\/p>","protected":false},"featured_media":346,"template":"","meta":[],"product_cat":[25],"product_tag":[],"class_list":{"0":"post-345","1":"product","2":"type-product","3":"status-publish","4":"has-post-thumbnail","6":"product_cat-semi-automatic-machine","8":"first","9":"instock","10":"shipping-taxable","11":"product-type-simple"},"_links":{"self":[{"href":"https:\/\/www.lightermakingmachine.com\/fr\/wp-json\/wp\/v2\/product\/345","targetHints":{"allow":["GET"]}}],"collection":[{"href":"https:\/\/www.lightermakingmachine.com\/fr\/wp-json\/wp\/v2\/product"}],"about":[{"href":"https:\/\/www.lightermakingmachine.com\/fr\/wp-json\/wp\/v2\/types\/product"}],"version-history":[{"count":1,"href":"https:\/\/www.lightermakingmachine.com\/fr\/wp-json\/wp\/v2\/product\/345\/revisions"}],"predecessor-version":[{"id":1314,"href":"https:\/\/www.lightermakingmachine.com\/fr\/wp-json\/wp\/v2\/product\/345\/revisions\/1314"}],"wp:featuredmedia":[{"embeddable":true,"href":"https:\/\/www.lightermakingmachine.com\/fr\/wp-json\/wp\/v2\/media\/346"}],"wp:attachment":[{"href":"https:\/\/www.lightermakingmachine.com\/fr\/wp-json\/wp\/v2\/media?parent=345"}],"wp:term":[{"taxonomy":"product_cat","embeddable":true,"href":"https:\/\/www.lightermakingmachine.com\/fr\/wp-json\/wp\/v2\/product_cat?post=345"},{"taxonomy":"product_tag","embeddable":true,"href":"https:\/\/www.lightermakingmachine.com\/fr\/wp-json\/wp\/v2\/product_tag?post=345"}],"curies":[{"name":"wp","href":"https:\/\/api.w.org\/{rel}","templated":true}]}}