{"id":445,"date":"2024-12-11T13:53:49","date_gmt":"2024-12-11T05:53:49","guid":{"rendered":"http:\/\/jiuqi.deepvaluer.cn\/?post_type=product&#038;p=445"},"modified":"2025-09-16T17:01:41","modified_gmt":"2025-09-16T09:01:41","slug":"high-quality-lighter-assembly-press-automatic-cigarette-lighter-making","status":"publish","type":"product","link":"https:\/\/www.lightermakingmachine.com\/fr\/product\/high-quality-lighter-assembly-press-automatic-cigarette-lighter-making\/","title":{"rendered":"Assemblage plus l\u00e9ger de haute qualit\u00e9 appuyez sur la fabrication automatique de cigarettes"},"content":{"rendered":"<p>Assemblage de briquet de haute qualit\u00e9 presse allume-cigarette automatique<\/p>\n<table style=\"height: 581px;\" width=\"402\">\n<tbody>\n<tr>\n<td width=\"210\" height=\"10\">Lieu d'origine<\/td>\n<td width=\"210\">Zhejiang, Chine<\/td>\n<\/tr>\n<tr>\n<td>Condition<\/td>\n<td>Nouveau<\/td>\n<\/tr>\n<tr>\n<td>Vid\u00e9o sortante inspection<\/td>\n<td>Pas disponible<\/td>\n<\/tr>\n<tr>\n<td>Rapport de test de machines<\/td>\n<td>Pas disponible<\/td>\n<\/tr>\n<tr>\n<td>Type marketing<\/td>\n<td>Nouveau produit 2020<\/td>\n<\/tr>\n<tr>\n<td>Garantie des composants centraux<\/td>\n<td>1 an<\/td>\n<\/tr>\n<tr>\n<td>Composants de base<\/td>\n<td>CLu<\/td>\n<\/tr>\n<tr>\n<td>Garantie<\/td>\n<td>Indisponible<\/td>\n<\/tr>\n<tr>\n<td>Points de vente cl\u00e9s<\/td>\n<td>semi-automatique<\/td>\n<\/tr>\n<tr>\n<td>Poids (kg)<\/td>\n<td>95<\/td>\n<\/tr>\n<tr>\n<td>Industries applicables<\/td>\n<td>Usine de fabrication<\/td>\n<\/tr>\n<tr>\n<td>Emplacement de la salle d'exposition<\/td>\n<td>\u00c9gypte, Turquie, Viet Nam, Br\u00e9sil, Inde, Maroc<\/td>\n<\/tr>\n<tr>\n<td>Nom de marque<\/td>\n<td>jiuqi<\/td>\n<\/tr>\n<tr>\n<td>Capacit\u00e9<\/td>\n<td>10000PCS\/H<\/td>\n<\/tr>\n<tr>\n<td>Pression de la source d'air<\/td>\n<td>0.6mpa<\/td>\n<\/tr>\n<tr>\n<td>Fonction<\/td>\n<td>Machine de soudage semi-automatique<\/td>\n<\/tr>\n<\/tbody>\n<\/table>","protected":false},"excerpt":{"rendered":"<p>Assemblage de briquet de haute qualit\u00e9 Presse de allume-cigare automatique Locteur d'origine Zhejiang, Chine Condition Nouvelle vid\u00e9o Sortante-inspection non disponible Rapport de test de machines non disponible Type de marketing Nouveau produit 2020 Garantie des composants principaux (KG) 95 Industries applicables de fabrication de la salle de salon de l'usine Egypt, turkey, [\u2026]<\/p>","protected":false},"featured_media":767,"template":"","meta":[],"product_cat":[24],"product_tag":[],"class_list":{"0":"post-445","1":"product","2":"type-product","3":"status-publish","4":"has-post-thumbnail","6":"product_cat-automatic-machine","8":"first","9":"instock","10":"shipping-taxable","11":"product-type-simple"},"_links":{"self":[{"href":"https:\/\/www.lightermakingmachine.com\/fr\/wp-json\/wp\/v2\/product\/445","targetHints":{"allow":["GET"]}}],"collection":[{"href":"https:\/\/www.lightermakingmachine.com\/fr\/wp-json\/wp\/v2\/product"}],"about":[{"href":"https:\/\/www.lightermakingmachine.com\/fr\/wp-json\/wp\/v2\/types\/product"}],"version-history":[{"count":1,"href":"https:\/\/www.lightermakingmachine.com\/fr\/wp-json\/wp\/v2\/product\/445\/revisions"}],"predecessor-version":[{"id":1311,"href":"https:\/\/www.lightermakingmachine.com\/fr\/wp-json\/wp\/v2\/product\/445\/revisions\/1311"}],"wp:featuredmedia":[{"embeddable":true,"href":"https:\/\/www.lightermakingmachine.com\/fr\/wp-json\/wp\/v2\/media\/767"}],"wp:attachment":[{"href":"https:\/\/www.lightermakingmachine.com\/fr\/wp-json\/wp\/v2\/media?parent=445"}],"wp:term":[{"taxonomy":"product_cat","embeddable":true,"href":"https:\/\/www.lightermakingmachine.com\/fr\/wp-json\/wp\/v2\/product_cat?post=445"},{"taxonomy":"product_tag","embeddable":true,"href":"https:\/\/www.lightermakingmachine.com\/fr\/wp-json\/wp\/v2\/product_tag?post=445"}],"curies":[{"name":"wp","href":"https:\/\/api.w.org\/{rel}","templated":true}]}}