{"id":452,"date":"2024-12-11T14:36:06","date_gmt":"2024-12-11T06:36:06","guid":{"rendered":"http:\/\/jiuqi.deepvaluer.cn\/?post_type=product&#038;p=452"},"modified":"2025-09-16T17:00:50","modified_gmt":"2025-09-16T09:00:50","slug":"swing-machine-for-lighter-making-machine","status":"publish","type":"product","link":"https:\/\/www.lightermakingmachine.com\/fr\/product\/swing-machine-for-lighter-making-machine\/","title":{"rendered":"Swing Machine pour une machine \u00e0 fabriquer plus l\u00e9g\u00e8re"},"content":{"rendered":"<p>Capacit\u00e9 de production \u00e9lev\u00e9e: cette machine \u00e0 fabriquer de cigarettes \u00e0 gaz semi-automatique poss\u00e8de une capacit\u00e9 de production impressionnante de 10 000 pi\u00e8ces par heure, ce qui en fait un choix id\u00e9al pour les op\u00e9rations de fabrication \u00e0 grande \u00e9chelle.<\/p>\n<p>Conception compacte et efficace: avec des dimensions de 1300x800x900mm, cette machine est con\u00e7ue pour maximiser l'espace tout en maintenant un niveau \u00e9lev\u00e9 d'efficacit\u00e9.<\/p>\n<p>Fonctionnement facile: Le m\u00e9canisme de la machine \u00e0 swing garantit un fonctionnement lisse et facile, r\u00e9duisant les co\u00fbts de main-d'\u0153uvre et augmentant la productivit\u00e9.<\/p>\n<p>Fiabilit\u00e9 de la marque: fabriqu\u00e9e par Jiuqi, une marque r\u00e9put\u00e9e, cette machine est con\u00e7ue pour durer et offre des performances coh\u00e9rentes.<\/p>\n<p><strong>Attributs sp\u00e9cifiques \u00e0 l'industrie<\/strong><\/p>\n<table width=\"209\">\n<tbody>\n<tr>\n<td width=\"141\">Capacit\u00e9 de machines<\/td>\n<td width=\"68\">10000pcs\/hour<\/td>\n<\/tr>\n<\/tbody>\n<\/table>\n<p><strong>Autres attributs<\/strong><\/p>\n<table width=\"209\">\n<tbody>\n<tr>\n<td width=\"141\">Poids<\/td>\n<td width=\"68\">55 kg<\/td>\n<\/tr>\n<tr>\n<td>Note automatique<\/td>\n<td>Semi-automatique<\/td>\n<\/tr>\n<tr>\n<td>Machines cl\u00e9s<\/td>\n<td>Foule<\/td>\n<\/tr>\n<tr>\n<td>Condition<\/td>\n<td>Nouveau<\/td>\n<\/tr>\n<tr>\n<td>Nom de marque<\/td>\n<td>jiuqi<\/td>\n<\/tr>\n<tr>\n<td>Dimension (l * w * h)<\/td>\n<td>1300 * 800 * 900 mm<\/td>\n<\/tr>\n<tr>\n<td>Lieu d'origine<\/td>\n<td>Zhejiang, Chine<\/td>\n<\/tr>\n<tr>\n<td>Dipl\u00f4me d'automatisation<\/td>\n<td>semi-automatique<\/td>\n<\/tr>\n<tr>\n<td>Application pour la taille de Light<\/td>\n<td>1300 * 800 * 900 mm<\/td>\n<\/tr>\n<tr>\n<td>Capacit\u00e9<\/td>\n<td>10000pcs\/h<\/td>\n<\/tr>\n<\/tbody>\n<\/table>","protected":false},"excerpt":{"rendered":"<p>Capacit\u00e9 de production \u00e9lev\u00e9e: cette machine \u00e0 fabriquer de cigarettes \u00e0 gaz semi-automatique poss\u00e8de une capacit\u00e9 de production impressionnante de 10 000 pi\u00e8ces par heure, ce qui en fait un choix id\u00e9al pour les op\u00e9rations de fabrication \u00e0 grande \u00e9chelle. Conception compacte et efficace: avec des dimensions de 1300x800x900mm, cette machine est con\u00e7ue pour maximiser l'espace tout en maintenant un niveau \u00e9lev\u00e9 d'efficacit\u00e9. Fonctionnement facile: le swing [\u2026]<\/p>","protected":false},"featured_media":789,"template":"","meta":[],"product_cat":[24],"product_tag":[],"class_list":{"0":"post-452","1":"product","2":"type-product","3":"status-publish","4":"has-post-thumbnail","6":"product_cat-automatic-machine","8":"first","9":"instock","10":"shipping-taxable","11":"product-type-simple"},"_links":{"self":[{"href":"https:\/\/www.lightermakingmachine.com\/fr\/wp-json\/wp\/v2\/product\/452","targetHints":{"allow":["GET"]}}],"collection":[{"href":"https:\/\/www.lightermakingmachine.com\/fr\/wp-json\/wp\/v2\/product"}],"about":[{"href":"https:\/\/www.lightermakingmachine.com\/fr\/wp-json\/wp\/v2\/types\/product"}],"version-history":[{"count":2,"href":"https:\/\/www.lightermakingmachine.com\/fr\/wp-json\/wp\/v2\/product\/452\/revisions"}],"predecessor-version":[{"id":1310,"href":"https:\/\/www.lightermakingmachine.com\/fr\/wp-json\/wp\/v2\/product\/452\/revisions\/1310"}],"wp:featuredmedia":[{"embeddable":true,"href":"https:\/\/www.lightermakingmachine.com\/fr\/wp-json\/wp\/v2\/media\/789"}],"wp:attachment":[{"href":"https:\/\/www.lightermakingmachine.com\/fr\/wp-json\/wp\/v2\/media?parent=452"}],"wp:term":[{"taxonomy":"product_cat","embeddable":true,"href":"https:\/\/www.lightermakingmachine.com\/fr\/wp-json\/wp\/v2\/product_cat?post=452"},{"taxonomy":"product_tag","embeddable":true,"href":"https:\/\/www.lightermakingmachine.com\/fr\/wp-json\/wp\/v2\/product_tag?post=452"}],"curies":[{"name":"wp","href":"https:\/\/api.w.org\/{rel}","templated":true}]}}