{"id":776,"date":"2024-12-13T13:46:49","date_gmt":"2024-12-13T05:46:49","guid":{"rendered":"http:\/\/jiuqi.deepvaluer.cn\/?post_type=product&#038;p=776"},"modified":"2025-09-16T16:59:15","modified_gmt":"2025-09-16T08:59:15","slug":"jq-gz-3vcp-three-in-onesemi-automatic-aerosol-filling-machine","status":"publish","type":"product","link":"https:\/\/www.lightermakingmachine.com\/fr\/product\/jq-gz-3vcp-three-in-onesemi-automatic-aerosol-filling-machine\/","title":{"rendered":"JQ-GZ-3VCP (trois en un) Machine de remplissage d'a\u00e9rosols semi-automatique"},"content":{"rendered":"<p>La machine \u00e0 vide semi-automatique, le serpent \u00e0 soupape d'a\u00e9rosol semi-automatique et la machine \u00e0 remplissage de gaz semi-automatique sont install\u00e9es sur une plate-forme de travail. Une seule personne exploite la vanne \u00e0 pied et peut effectuer toutes les actions en m\u00eame temps. Une vitesse rapide, une haute pr\u00e9cision, une bonne stabilit\u00e9, un temps d'\u00e9conomie et des efforts, est le choix id\u00e9al pour les petits et moyens fabricants d'a\u00e9rosols. La machine est principalement utilis\u00e9e pour le remplissage de gaz int\u00e9gr\u00e9.<\/p>\n<table width=\"213\">\n<tbody>\n<tr>\n<td width=\"145\">mod\u00e8le<\/td>\n<td width=\"68\">JQ-GZ-3VCP<\/td>\n<\/tr>\n<tr>\n<td>capacit\u00e9<\/td>\n<td>500ML<\/td>\n<\/tr>\n<tr>\n<td>vanne applicable<\/td>\n<td>50HZ<\/td>\n<\/tr>\n<tr>\n<td>hauteur applicable<\/td>\n<td>80-400MM<\/td>\n<\/tr>\n<tr>\n<td>pression<\/td>\n<td>0.4-0.65MP<\/td>\n<\/tr>\n<tr>\n<td>consommation de gaz<\/td>\n<td>\u22641,2 m\u00b3<\/td>\n<\/tr>\n<tr>\n<td>Diam\u00e8tre<\/td>\n<td>45-65MM<\/td>\n<\/tr>\n<tr>\n<td>sortir<\/td>\n<td>800PCS\/HOUR<\/td>\n<\/tr>\n<\/tbody>\n<\/table>","protected":false},"excerpt":{"rendered":"<p>Semi-automatic vacuum machine,semi-automatic aerosol valve crimper and semi-automatic gas filling machine are installed on a working platform. Only one person operates the foot valve and can complete all actions at one time. Fast speed, high precision, good stability, saving time and effort, is the ideal choice for small and medium-sized aerosol manufacturers. The machine is [\u2026]<\/p>","protected":false},"featured_media":777,"template":"","meta":[],"product_cat":[25],"product_tag":[],"class_list":{"0":"post-776","1":"product","2":"type-product","3":"status-publish","4":"has-post-thumbnail","6":"product_cat-semi-automatic-machine","8":"first","9":"instock","10":"shipping-taxable","11":"product-type-simple"},"_links":{"self":[{"href":"https:\/\/www.lightermakingmachine.com\/fr\/wp-json\/wp\/v2\/product\/776","targetHints":{"allow":["GET"]}}],"collection":[{"href":"https:\/\/www.lightermakingmachine.com\/fr\/wp-json\/wp\/v2\/product"}],"about":[{"href":"https:\/\/www.lightermakingmachine.com\/fr\/wp-json\/wp\/v2\/types\/product"}],"version-history":[{"count":1,"href":"https:\/\/www.lightermakingmachine.com\/fr\/wp-json\/wp\/v2\/product\/776\/revisions"}],"predecessor-version":[{"id":1309,"href":"https:\/\/www.lightermakingmachine.com\/fr\/wp-json\/wp\/v2\/product\/776\/revisions\/1309"}],"wp:featuredmedia":[{"embeddable":true,"href":"https:\/\/www.lightermakingmachine.com\/fr\/wp-json\/wp\/v2\/media\/777"}],"wp:attachment":[{"href":"https:\/\/www.lightermakingmachine.com\/fr\/wp-json\/wp\/v2\/media?parent=776"}],"wp:term":[{"taxonomy":"product_cat","embeddable":true,"href":"https:\/\/www.lightermakingmachine.com\/fr\/wp-json\/wp\/v2\/product_cat?post=776"},{"taxonomy":"product_tag","embeddable":true,"href":"https:\/\/www.lightermakingmachine.com\/fr\/wp-json\/wp\/v2\/product_tag?post=776"}],"curies":[{"name":"wp","href":"https:\/\/api.w.org\/{rel}","templated":true}]}}