{"id":785,"date":"2024-12-13T14:18:59","date_gmt":"2024-12-13T06:18:59","guid":{"rendered":"http:\/\/jiuqi.deepvaluer.cn\/?post_type=product&#038;p=785"},"modified":"2025-09-16T16:57:43","modified_gmt":"2025-09-16T08:57:43","slug":"appending-machine","status":"publish","type":"product","link":"https:\/\/www.lightermakingmachine.com\/fr\/product\/appending-machine\/","title":{"rendered":"Applaudissement"},"content":{"rendered":"<p>Le mangeoire est un appareil automatis\u00e9 avanc\u00e9 qui peut identifier avec pr\u00e9cision la position et la direction du briquet via un syst\u00e8me de reconnaissance visuelle. Il utilise des cam\u00e9ras \u00e0 haute r\u00e9solution et des algorithmes de traitement d'image pour capturer et analyser les images en temps r\u00e9el du briquet et d\u00e9terminer la position et l'angle de l'insert. Ensuite, \u00e0 travers le syst\u00e8me de bras du robot de pr\u00e9cision, le briquet est plac\u00e9 avec pr\u00e9cision sur le tapis roulant pour am\u00e9liorer l'efficacit\u00e9 de la production et la qualit\u00e9 du produit.<\/p>\n<p>Param\u00e8tre principal<br \/>\n1. Polyvolet: mod\u00e8le interchangeable<br \/>\n2. Capacit\u00e9 de production: 8000-10000 \/ heure<br \/>\n3. Pression de la source d'air: pression de la source d'air 0,5-0,7 MPA<br \/>\n4. Tension: 220V<br \/>\n5. Dimensions de l'\u00e9quipement: L2705 mm * W1925 mm * H1725 mm<br \/>\n6. Poids: environ 200 kg<\/p>","protected":false},"excerpt":{"rendered":"<p>Le mangeoire est un appareil automatis\u00e9 avanc\u00e9 qui peut identifier avec pr\u00e9cision la position et la direction du briquet via un syst\u00e8me de reconnaissance visuelle. Il utilise des cam\u00e9ras \u00e0 haute r\u00e9solution et des algorithmes de traitement d'image pour capturer et analyser les images en temps r\u00e9el du briquet et d\u00e9terminer la position et l'angle de l'insert. Ensuite, \u00e0 travers le bras de robot de pr\u00e9cision [\u2026]<\/p>","protected":false},"featured_media":786,"template":"","meta":[],"product_cat":[24],"product_tag":[],"class_list":{"0":"post-785","1":"product","2":"type-product","3":"status-publish","4":"has-post-thumbnail","6":"product_cat-automatic-machine","8":"first","9":"instock","10":"shipping-taxable","11":"product-type-simple"},"_links":{"self":[{"href":"https:\/\/www.lightermakingmachine.com\/fr\/wp-json\/wp\/v2\/product\/785","targetHints":{"allow":["GET"]}}],"collection":[{"href":"https:\/\/www.lightermakingmachine.com\/fr\/wp-json\/wp\/v2\/product"}],"about":[{"href":"https:\/\/www.lightermakingmachine.com\/fr\/wp-json\/wp\/v2\/types\/product"}],"version-history":[{"count":1,"href":"https:\/\/www.lightermakingmachine.com\/fr\/wp-json\/wp\/v2\/product\/785\/revisions"}],"predecessor-version":[{"id":1307,"href":"https:\/\/www.lightermakingmachine.com\/fr\/wp-json\/wp\/v2\/product\/785\/revisions\/1307"}],"wp:featuredmedia":[{"embeddable":true,"href":"https:\/\/www.lightermakingmachine.com\/fr\/wp-json\/wp\/v2\/media\/786"}],"wp:attachment":[{"href":"https:\/\/www.lightermakingmachine.com\/fr\/wp-json\/wp\/v2\/media?parent=785"}],"wp:term":[{"taxonomy":"product_cat","embeddable":true,"href":"https:\/\/www.lightermakingmachine.com\/fr\/wp-json\/wp\/v2\/product_cat?post=785"},{"taxonomy":"product_tag","embeddable":true,"href":"https:\/\/www.lightermakingmachine.com\/fr\/wp-json\/wp\/v2\/product_tag?post=785"}],"curies":[{"name":"wp","href":"https:\/\/api.w.org\/{rel}","templated":true}]}}