{"id":787,"date":"2024-12-13T14:25:25","date_gmt":"2024-12-13T06:25:25","guid":{"rendered":"http:\/\/jiuqi.deepvaluer.cn\/?post_type=product&#038;p=787"},"modified":"2025-09-16T16:56:47","modified_gmt":"2025-09-16T08:56:47","slug":"automatic-welding-machine","status":"publish","type":"product","link":"https:\/\/www.lightermakingmachine.com\/fr\/product\/automatic-welding-machine\/","title":{"rendered":"Machine de soudage automatique"},"content":{"rendered":"<p>Le corps plus l\u00e9ger doit \u00eatre soud\u00e9 avec la t\u00eate int\u00e9rieure \u3001 Le couvercle inf\u00e9rieur et d'autres accessoires par une vague \u00e0 ultrasons pour obtenir l'effet de l'\u00e9tanch\u00e9it\u00e9 du gaz.<\/p>\n<table width=\"346\">\n<tbody>\n<tr>\n<td width=\"145\">mod\u00e8le<\/td>\n<td width=\"104\">JQ-HJ-01<\/td>\n<td width=\"97\">JQ-HJ-10<\/td>\n<\/tr>\n<tr>\n<td>tension<\/td>\n<td>AC220V<\/td>\n<td>AC220V<\/td>\n<\/tr>\n<tr>\n<td>fr\u00e9quence<\/td>\n<td>50HZ<\/td>\n<td>50HZ<\/td>\n<\/tr>\n<tr>\n<td>pouvoir<\/td>\n<td>4.8KW<\/td>\n<td>5.6KW<\/td>\n<\/tr>\n<tr>\n<td>pression<\/td>\n<td>0.6MP<\/td>\n<td>0.6MP<\/td>\n<\/tr>\n<tr>\n<td>taille<\/td>\n<td>11.4m\u00b3<\/td>\n<td>13m\u00b3<\/td>\n<\/tr>\n<tr>\n<td>poids<\/td>\n<td>2250KG<\/td>\n<td>2550KG<\/td>\n<\/tr>\n<tr>\n<td>sortir<\/td>\n<td>6500PCS\/HOUR<\/td>\n<td>11000PCS\/HOUR<\/td>\n<\/tr>\n<\/tbody>\n<\/table>\n<p>&nbsp;<\/p>","protected":false},"excerpt":{"rendered":"<p>Le corps plus l\u00e9ger doit \u00eatre soud\u00e9 avec la t\u00eate int\u00e9rieure \u3001 Le couvercle inf\u00e9rieur et d'autres accessoires par une vague \u00e0 ultrasons pour obtenir l'effet de l'\u00e9tanch\u00e9it\u00e9 du gaz. Mod\u00e8le JQ-HJ-01 Tension JQ-HJ-10 AC220V AC220V Fr\u00e9quence 50Hz 50Hz Power 4.8KW 5,6 kW Pression 0,6 Mp 0,6 Mp Taille 11,4m\u00b3 13m\u00b3 Poids 2250kg 2550 kg Sortie 6500PCS \/ Hour 11000PCS \/ Hour 2250kg &nbsp;<\/p>","protected":false},"featured_media":788,"template":"","meta":[],"product_cat":[24],"product_tag":[],"class_list":{"0":"post-787","1":"product","2":"type-product","3":"status-publish","4":"has-post-thumbnail","6":"product_cat-automatic-machine","8":"first","9":"instock","10":"shipping-taxable","11":"product-type-simple"},"_links":{"self":[{"href":"https:\/\/www.lightermakingmachine.com\/fr\/wp-json\/wp\/v2\/product\/787","targetHints":{"allow":["GET"]}}],"collection":[{"href":"https:\/\/www.lightermakingmachine.com\/fr\/wp-json\/wp\/v2\/product"}],"about":[{"href":"https:\/\/www.lightermakingmachine.com\/fr\/wp-json\/wp\/v2\/types\/product"}],"version-history":[{"count":1,"href":"https:\/\/www.lightermakingmachine.com\/fr\/wp-json\/wp\/v2\/product\/787\/revisions"}],"predecessor-version":[{"id":1306,"href":"https:\/\/www.lightermakingmachine.com\/fr\/wp-json\/wp\/v2\/product\/787\/revisions\/1306"}],"wp:featuredmedia":[{"embeddable":true,"href":"https:\/\/www.lightermakingmachine.com\/fr\/wp-json\/wp\/v2\/media\/788"}],"wp:attachment":[{"href":"https:\/\/www.lightermakingmachine.com\/fr\/wp-json\/wp\/v2\/media?parent=787"}],"wp:term":[{"taxonomy":"product_cat","embeddable":true,"href":"https:\/\/www.lightermakingmachine.com\/fr\/wp-json\/wp\/v2\/product_cat?post=787"},{"taxonomy":"product_tag","embeddable":true,"href":"https:\/\/www.lightermakingmachine.com\/fr\/wp-json\/wp\/v2\/product_tag?post=787"}],"curies":[{"name":"wp","href":"https:\/\/api.w.org\/{rel}","templated":true}]}}