{"id":778,"date":"2024-12-13T14:00:50","date_gmt":"2024-12-13T06:00:50","guid":{"rendered":"http:\/\/jiuqi.deepvaluer.cn\/?post_type=product&#038;p=778"},"modified":"2025-09-16T16:58:46","modified_gmt":"2025-09-16T08:58:46","slug":"label-machine-paper-wrapping-machine","status":"publish","type":"product","link":"https:\/\/www.lightermakingmachine.com\/fr_ca\/product\/label-machine-paper-wrapping-machine\/","title":{"rendered":"Machine d'\u00e9tiquette \/ machine d'emballage en papier"},"content":{"rendered":"<p>Apr\u00e8s avoir termin\u00e9 l'inspection finale des produits plus l\u00e9gers, l'apparence du briquet doit \u00eatre trait\u00e9e, la plus courante est l'\u00e9tiquetage et l'ensemble du papier plus l\u00e9ger.<\/p>\n<table width=\"346\">\n<tbody>\n<tr>\n<td width=\"145\">mod\u00e8le<\/td>\n<td width=\"104\">JQ-TB<\/td>\n<td width=\"97\">Jq-bz<\/td>\n<\/tr>\n<tr>\n<td>tension<\/td>\n<td>AC220V<\/td>\n<td>AC220V<\/td>\n<\/tr>\n<tr>\n<td>fr\u00e9quence<\/td>\n<td>50HZ<\/td>\n<td>50HZ<\/td>\n<\/tr>\n<tr>\n<td>pouvoir<\/td>\n<td>4.8KW<\/td>\n<td>5.6KW<\/td>\n<\/tr>\n<tr>\n<td>pression<\/td>\n<td>0.6MP<\/td>\n<td>0.6MP<\/td>\n<\/tr>\n<tr>\n<td>taille<\/td>\n<td>1,5 m\u00b3<\/td>\n<td>1m\u00b3<\/td>\n<\/tr>\n<tr>\n<td>poids<\/td>\n<td>167KG<\/td>\n<td>206KG<\/td>\n<\/tr>\n<tr>\n<td>sortir<\/td>\n<td>12000PCS\/HOUR<\/td>\n<td>8000PCS\/HOUR<\/td>\n<\/tr>\n<\/tbody>\n<\/table>","protected":false},"excerpt":{"rendered":"<p>Apr\u00e8s avoir termin\u00e9 l'inspection finale des produits plus l\u00e9gers, l'apparence du briquet doit \u00eatre trait\u00e9e, la plus courante est l'\u00e9tiquetage et l'ensemble du papier plus l\u00e9ger. Mod\u00e8le JQ-TB JQ-BZ Tension AC220V AC220V Fr\u00e9quence 50Hz 50Hz Power 4,8KW 5,6 kW Pression 0,6 Mp 0,6 Mp Taille 1,5 m\u00b3 1m\u00b3 Poids 167kg 206 kg Sortie 12000pcs \/ heure 8000 pcs \/ heure<\/p>","protected":false},"featured_media":779,"template":"","meta":[],"product_cat":[24],"product_tag":[],"class_list":{"0":"post-778","1":"product","2":"type-product","3":"status-publish","4":"has-post-thumbnail","6":"product_cat-automatic-machine","8":"first","9":"instock","10":"shipping-taxable","11":"product-type-simple"},"_links":{"self":[{"href":"https:\/\/www.lightermakingmachine.com\/fr_ca\/wp-json\/wp\/v2\/product\/778","targetHints":{"allow":["GET"]}}],"collection":[{"href":"https:\/\/www.lightermakingmachine.com\/fr_ca\/wp-json\/wp\/v2\/product"}],"about":[{"href":"https:\/\/www.lightermakingmachine.com\/fr_ca\/wp-json\/wp\/v2\/types\/product"}],"version-history":[{"count":1,"href":"https:\/\/www.lightermakingmachine.com\/fr_ca\/wp-json\/wp\/v2\/product\/778\/revisions"}],"predecessor-version":[{"id":1308,"href":"https:\/\/www.lightermakingmachine.com\/fr_ca\/wp-json\/wp\/v2\/product\/778\/revisions\/1308"}],"wp:featuredmedia":[{"embeddable":true,"href":"https:\/\/www.lightermakingmachine.com\/fr_ca\/wp-json\/wp\/v2\/media\/779"}],"wp:attachment":[{"href":"https:\/\/www.lightermakingmachine.com\/fr_ca\/wp-json\/wp\/v2\/media?parent=778"}],"wp:term":[{"taxonomy":"product_cat","embeddable":true,"href":"https:\/\/www.lightermakingmachine.com\/fr_ca\/wp-json\/wp\/v2\/product_cat?post=778"},{"taxonomy":"product_tag","embeddable":true,"href":"https:\/\/www.lightermakingmachine.com\/fr_ca\/wp-json\/wp\/v2\/product_tag?post=778"}],"curies":[{"name":"wp","href":"https:\/\/api.w.org\/{rel}","templated":true}]}}