{"id":791,"date":"2024-12-13T14:50:49","date_gmt":"2024-12-13T06:50:49","guid":{"rendered":"http:\/\/jiuqi.deepvaluer.cn\/?post_type=product&#038;p=791"},"modified":"2025-09-16T16:55:48","modified_gmt":"2025-09-16T08:55:48","slug":"printing-machine","status":"publish","type":"product","link":"https:\/\/www.lightermakingmachine.com\/fr_ca\/product\/printing-machine\/","title":{"rendered":"Imprimerie"},"content":{"rendered":"<p>Le briquet p\u00e9n\u00e8tre \u00e0 son tour, et la police qui doit \u00eatre imprim\u00e9e est imprim\u00e9e sur le briquet, qui peut \u00eatre imprim\u00e9 des deux c\u00f4t\u00e9s et dans une vari\u00e9t\u00e9 de couleurs. Un \u00e0 la fois, multiple \u00e0 la fois, avec une grande efficacit\u00e9, une simplicit\u00e9 et des aspects des caract\u00e9ristiques.<\/p>\n<table width=\"249\">\n<tbody>\n<tr>\n<td width=\"145\">mod\u00e8le<\/td>\n<td width=\"104\">JQ-YZ-01<\/td>\n<\/tr>\n<tr>\n<td>tension<\/td>\n<td>AC220V<\/td>\n<\/tr>\n<tr>\n<td>fr\u00e9quence<\/td>\n<td>50HZ<\/td>\n<\/tr>\n<tr>\n<td>pouvoir<\/td>\n<td>0.3KW<\/td>\n<\/tr>\n<tr>\n<td>pression<\/td>\n<td>0.6MP<\/td>\n<\/tr>\n<tr>\n<td>taille<\/td>\n<td>1,04m\u00b3<\/td>\n<\/tr>\n<tr>\n<td>poids<\/td>\n<td>200KG<\/td>\n<\/tr>\n<tr>\n<td>sortir<\/td>\n<td>12000PCS\/HOUR<\/td>\n<\/tr>\n<\/tbody>\n<\/table>","protected":false},"excerpt":{"rendered":"<p>Le briquet p\u00e9n\u00e8tre \u00e0 son tour, et la police qui doit \u00eatre imprim\u00e9e est imprim\u00e9e sur le briquet, qui peut \u00eatre imprim\u00e9 des deux c\u00f4t\u00e9s et dans une vari\u00e9t\u00e9 de couleurs. Un \u00e0 la fois, multiple \u00e0 la fois, avec une grande efficacit\u00e9, une simplicit\u00e9 et des aspects des caract\u00e9ristiques. Mod\u00e8le de tension JQ-YZ-01 Fr\u00e9quence AC220V 50Hz [\u2026]<\/p>","protected":false},"featured_media":792,"template":"","meta":[],"product_cat":[24],"product_tag":[],"class_list":{"0":"post-791","1":"product","2":"type-product","3":"status-publish","4":"has-post-thumbnail","6":"product_cat-automatic-machine","8":"first","9":"instock","10":"shipping-taxable","11":"product-type-simple"},"_links":{"self":[{"href":"https:\/\/www.lightermakingmachine.com\/fr_ca\/wp-json\/wp\/v2\/product\/791","targetHints":{"allow":["GET"]}}],"collection":[{"href":"https:\/\/www.lightermakingmachine.com\/fr_ca\/wp-json\/wp\/v2\/product"}],"about":[{"href":"https:\/\/www.lightermakingmachine.com\/fr_ca\/wp-json\/wp\/v2\/types\/product"}],"version-history":[{"count":1,"href":"https:\/\/www.lightermakingmachine.com\/fr_ca\/wp-json\/wp\/v2\/product\/791\/revisions"}],"predecessor-version":[{"id":1305,"href":"https:\/\/www.lightermakingmachine.com\/fr_ca\/wp-json\/wp\/v2\/product\/791\/revisions\/1305"}],"wp:featuredmedia":[{"embeddable":true,"href":"https:\/\/www.lightermakingmachine.com\/fr_ca\/wp-json\/wp\/v2\/media\/792"}],"wp:attachment":[{"href":"https:\/\/www.lightermakingmachine.com\/fr_ca\/wp-json\/wp\/v2\/media?parent=791"}],"wp:term":[{"taxonomy":"product_cat","embeddable":true,"href":"https:\/\/www.lightermakingmachine.com\/fr_ca\/wp-json\/wp\/v2\/product_cat?post=791"},{"taxonomy":"product_tag","embeddable":true,"href":"https:\/\/www.lightermakingmachine.com\/fr_ca\/wp-json\/wp\/v2\/product_tag?post=791"}],"curies":[{"name":"wp","href":"https:\/\/api.w.org\/{rel}","templated":true}]}}