{"id":321,"date":"2024-12-09T17:03:08","date_gmt":"2024-12-09T09:03:08","guid":{"rendered":"http:\/\/jiuqi.deepvaluer.cn\/?post_type=product&#038;p=321"},"modified":"2025-09-16T17:07:19","modified_gmt":"2025-09-16T09:07:19","slug":"gas-filling-machine","status":"publish","type":"product","link":"https:\/\/www.lightermakingmachine.com\/it_it\/product\/gas-filling-machine\/","title":{"rendered":"Macchina di riempimento del gas"},"content":{"rendered":"<p>Parametro principale parametro principale<\/p>\n<p>Posizione di riempimento sopra la posizione di riempimento<\/p>\n<p>I cilindri quantitativi sono cilindri quantitativi con 5 pezzi<\/p>\n<p>Riempimento della testa 5 pezzi<\/p>\n<p>Automazione Automazione Automazione completamente. Diploma di automazione Automazione completamente<\/p>\n<p>Capacit\u00e0 di produzione 8000-1000 PC\/ora<\/p>\n<p>Riempimento della quantit\u00e0 di ambito 2-7ml (Special Specificaction pu\u00f2 essere personalizzato) Ambito di riempimento di riempimento 2-7ml (Special Specisfaction pu\u00f2 essere personalizzato)<\/p>\n<p>Applicazione per le dimensioni pi\u00f9 leggere entro dimensioni di 15*28*86 mm. Applicazione per le dimensioni pi\u00f9 leggere all'interno di dimensioni di 15*28*86 mm<\/p>\n<p>Pressione della fonte dell'aria 0,5-0,6 MPA Pressione della sorgente d'aria<\/p>\n<p>Fonte d'aria del consumo 0,03 cbm\/minuto<\/p>\n<p>Le dimensioni del contorno dell'attrezzatura sono 120 cm*160 cm<\/p>","protected":false},"excerpt":{"rendered":"<p>Per soddisfare la domanda di quantit\u00e0 di produzione degli accendini, abbiamo sviluppo e progettazione a base per la nostra prova di esplosione, apparecchiature completamente pneumatiche, completamente automatiche. RAPID e una tantum raggiungono il riempimento quantitativo per gli alger, le attrezzature con 5 pcs che riempie le teste 5pcs quantitative indipendenti, una persona azionaria, in entit\u00e0 automatica.<\/p>","protected":false},"featured_media":738,"template":"","meta":[],"product_cat":[24],"product_tag":[],"class_list":{"0":"post-321","1":"product","2":"type-product","3":"status-publish","4":"has-post-thumbnail","6":"product_cat-automatic-machine","8":"first","9":"instock","10":"shipping-taxable","11":"product-type-simple"},"_links":{"self":[{"href":"https:\/\/www.lightermakingmachine.com\/it_it\/wp-json\/wp\/v2\/product\/321","targetHints":{"allow":["GET"]}}],"collection":[{"href":"https:\/\/www.lightermakingmachine.com\/it_it\/wp-json\/wp\/v2\/product"}],"about":[{"href":"https:\/\/www.lightermakingmachine.com\/it_it\/wp-json\/wp\/v2\/types\/product"}],"version-history":[{"count":2,"href":"https:\/\/www.lightermakingmachine.com\/it_it\/wp-json\/wp\/v2\/product\/321\/revisions"}],"predecessor-version":[{"id":1318,"href":"https:\/\/www.lightermakingmachine.com\/it_it\/wp-json\/wp\/v2\/product\/321\/revisions\/1318"}],"wp:featuredmedia":[{"embeddable":true,"href":"https:\/\/www.lightermakingmachine.com\/it_it\/wp-json\/wp\/v2\/media\/738"}],"wp:attachment":[{"href":"https:\/\/www.lightermakingmachine.com\/it_it\/wp-json\/wp\/v2\/media?parent=321"}],"wp:term":[{"taxonomy":"product_cat","embeddable":true,"href":"https:\/\/www.lightermakingmachine.com\/it_it\/wp-json\/wp\/v2\/product_cat?post=321"},{"taxonomy":"product_tag","embeddable":true,"href":"https:\/\/www.lightermakingmachine.com\/it_it\/wp-json\/wp\/v2\/product_tag?post=321"}],"curies":[{"name":"wp","href":"https:\/\/api.w.org\/{rel}","templated":true}]}}