{"id":791,"date":"2024-12-13T14:50:49","date_gmt":"2024-12-13T06:50:49","guid":{"rendered":"http:\/\/jiuqi.deepvaluer.cn\/?post_type=product&#038;p=791"},"modified":"2025-09-16T16:55:48","modified_gmt":"2025-09-16T08:55:48","slug":"printing-machine","status":"publish","type":"product","link":"https:\/\/www.lightermakingmachine.com\/it_it\/product\/printing-machine\/","title":{"rendered":"Macchina da stampa"},"content":{"rendered":"<p>l'accendino entra nel dispositivo a sua volta e il carattere che deve essere stampato \u00e8 stampato sul pi\u00f9 leggero, che pu\u00f2 essere stampato su entrambi i lati e in una variet\u00e0 di colori. uno alla volta, multiplo alla volta, con alta efficienza, semplicit\u00e0 e aspetti delle caratteristiche.<\/p>\n<table width=\"249\">\n<tbody>\n<tr>\n<td width=\"145\">modello<\/td>\n<td width=\"104\">jq-yz-01<\/td>\n<\/tr>\n<tr>\n<td>voltaggio<\/td>\n<td>AC220V<\/td>\n<\/tr>\n<tr>\n<td>frequenza<\/td>\n<td>50HZ<\/td>\n<\/tr>\n<tr>\n<td>energia<\/td>\n<td>0,3kw<\/td>\n<\/tr>\n<tr>\n<td>pressione<\/td>\n<td>0.6MP<\/td>\n<\/tr>\n<tr>\n<td>misurare<\/td>\n<td>1,04m\u00b3<\/td>\n<\/tr>\n<tr>\n<td>peso<\/td>\n<td>200 kg<\/td>\n<\/tr>\n<tr>\n<td>produzione<\/td>\n<td>12000pcs\/ora<\/td>\n<\/tr>\n<\/tbody>\n<\/table>","protected":false},"excerpt":{"rendered":"<p>l'accendino entra nel dispositivo a sua volta e il carattere che deve essere stampato \u00e8 stampato sul pi\u00f9 leggero, che pu\u00f2 essere stampato su entrambi i lati e in una variet\u00e0 di colori. uno alla volta, multiplo alla volta, con alta efficienza, semplicit\u00e0 e aspetti delle caratteristiche. modello jq-yz-01 tensione ac220v frequenza 50hz [\u2026]<\/p>","protected":false},"featured_media":792,"template":"","meta":[],"product_cat":[24],"product_tag":[],"class_list":{"0":"post-791","1":"product","2":"type-product","3":"status-publish","4":"has-post-thumbnail","6":"product_cat-automatic-machine","8":"first","9":"instock","10":"shipping-taxable","11":"product-type-simple"},"_links":{"self":[{"href":"https:\/\/www.lightermakingmachine.com\/it_it\/wp-json\/wp\/v2\/product\/791","targetHints":{"allow":["GET"]}}],"collection":[{"href":"https:\/\/www.lightermakingmachine.com\/it_it\/wp-json\/wp\/v2\/product"}],"about":[{"href":"https:\/\/www.lightermakingmachine.com\/it_it\/wp-json\/wp\/v2\/types\/product"}],"version-history":[{"count":1,"href":"https:\/\/www.lightermakingmachine.com\/it_it\/wp-json\/wp\/v2\/product\/791\/revisions"}],"predecessor-version":[{"id":1305,"href":"https:\/\/www.lightermakingmachine.com\/it_it\/wp-json\/wp\/v2\/product\/791\/revisions\/1305"}],"wp:featuredmedia":[{"embeddable":true,"href":"https:\/\/www.lightermakingmachine.com\/it_it\/wp-json\/wp\/v2\/media\/792"}],"wp:attachment":[{"href":"https:\/\/www.lightermakingmachine.com\/it_it\/wp-json\/wp\/v2\/media?parent=791"}],"wp:term":[{"taxonomy":"product_cat","embeddable":true,"href":"https:\/\/www.lightermakingmachine.com\/it_it\/wp-json\/wp\/v2\/product_cat?post=791"},{"taxonomy":"product_tag","embeddable":true,"href":"https:\/\/www.lightermakingmachine.com\/it_it\/wp-json\/wp\/v2\/product_tag?post=791"}],"curies":[{"name":"wp","href":"https:\/\/api.w.org\/{rel}","templated":true}]}}