{"id":776,"date":"2024-12-13T13:46:49","date_gmt":"2024-12-13T05:46:49","guid":{"rendered":"http:\/\/jiuqi.deepvaluer.cn\/?post_type=product&#038;p=776"},"modified":"2025-09-16T16:59:15","modified_gmt":"2025-09-16T08:59:15","slug":"jq-gz-3vcp-three-in-onesemi-automatic-aerosol-filling-machine","status":"publish","type":"product","link":"https:\/\/www.lightermakingmachine.com\/nl_nl\/product\/jq-gz-3vcp-three-in-onesemi-automatic-aerosol-filling-machine\/","title":{"rendered":"JQ-GZ-3VCP (drie-in-\u00e9\u00e9n) semi-automatische aerosolvulmachine"},"content":{"rendered":"<p>Semi-automatische vacu\u00fcmmachine, semi-automatische aerosolventiel crimper en semi-automatische gasvulmachine zijn ge\u00efnstalleerd op een werkplatform. Slechts \u00e9\u00e9n persoon bedient de voetklep en kan alle acties tegelijk voltooien. Snelle snelheid, hoge precisie, goede stabiliteit, tijd en moeite besparen, is de ideale keuze voor kleine en middelgrote aerosolfabrikanten. De machine wordt voornamelijk gebruikt voor ingebouwd-oven gasblikje vullen.<\/p>\n<table width=\"213\">\n<tbody>\n<tr>\n<td width=\"145\">model<\/td>\n<td width=\"68\">JQ-GZ-3VCP<\/td>\n<\/tr>\n<tr>\n<td>capaciteit<\/td>\n<td>500ML<\/td>\n<\/tr>\n<tr>\n<td>Toepasselijke klep<\/td>\n<td>50HZ<\/td>\n<\/tr>\n<tr>\n<td>Toepasselijke hoogte<\/td>\n<td>80-400MM<\/td>\n<\/tr>\n<tr>\n<td>druk<\/td>\n<td>0.4-0.65MP<\/td>\n<\/tr>\n<tr>\n<td>gasverbruik<\/td>\n<td>\u22641.2m\u00b3<\/td>\n<\/tr>\n<tr>\n<td>Diameter<\/td>\n<td>45-65MM<\/td>\n<\/tr>\n<tr>\n<td>uitvoer<\/td>\n<td>800PCS\/HOUR<\/td>\n<\/tr>\n<\/tbody>\n<\/table>","protected":false},"excerpt":{"rendered":"<p>Semi-automatische vacu\u00fcmmachine, semi-automatische aerosolventiel crimper en semi-automatische gasvulmachine zijn ge\u00efnstalleerd op een werkplatform. Slechts \u00e9\u00e9n persoon bedient de voetklep en kan alle acties tegelijk voltooien. Snelle snelheid, hoge precisie, goede stabiliteit, tijd en moeite besparen, is de ideale keuze voor kleine en middelgrote aerosolfabrikanten. De machine is [\u2026]<\/p>","protected":false},"featured_media":777,"template":"","meta":[],"product_cat":[25],"product_tag":[],"class_list":{"0":"post-776","1":"product","2":"type-product","3":"status-publish","4":"has-post-thumbnail","6":"product_cat-semi-automatic-machine","8":"first","9":"instock","10":"shipping-taxable","11":"product-type-simple"},"_links":{"self":[{"href":"https:\/\/www.lightermakingmachine.com\/nl_nl\/wp-json\/wp\/v2\/product\/776","targetHints":{"allow":["GET"]}}],"collection":[{"href":"https:\/\/www.lightermakingmachine.com\/nl_nl\/wp-json\/wp\/v2\/product"}],"about":[{"href":"https:\/\/www.lightermakingmachine.com\/nl_nl\/wp-json\/wp\/v2\/types\/product"}],"version-history":[{"count":1,"href":"https:\/\/www.lightermakingmachine.com\/nl_nl\/wp-json\/wp\/v2\/product\/776\/revisions"}],"predecessor-version":[{"id":1309,"href":"https:\/\/www.lightermakingmachine.com\/nl_nl\/wp-json\/wp\/v2\/product\/776\/revisions\/1309"}],"wp:featuredmedia":[{"embeddable":true,"href":"https:\/\/www.lightermakingmachine.com\/nl_nl\/wp-json\/wp\/v2\/media\/777"}],"wp:attachment":[{"href":"https:\/\/www.lightermakingmachine.com\/nl_nl\/wp-json\/wp\/v2\/media?parent=776"}],"wp:term":[{"taxonomy":"product_cat","embeddable":true,"href":"https:\/\/www.lightermakingmachine.com\/nl_nl\/wp-json\/wp\/v2\/product_cat?post=776"},{"taxonomy":"product_tag","embeddable":true,"href":"https:\/\/www.lightermakingmachine.com\/nl_nl\/wp-json\/wp\/v2\/product_tag?post=776"}],"curies":[{"name":"wp","href":"https:\/\/api.w.org\/{rel}","templated":true}]}}