{"id":321,"date":"2024-12-09T17:03:08","date_gmt":"2024-12-09T09:03:08","guid":{"rendered":"http:\/\/jiuqi.deepvaluer.cn\/?post_type=product&#038;p=321"},"modified":"2025-09-16T17:07:19","modified_gmt":"2025-09-16T09:07:19","slug":"gas-filling-machine","status":"publish","type":"product","link":"https:\/\/www.lightermakingmachine.com\/pl_pl\/product\/gas-filling-machine\/","title":{"rendered":"Maszyna do nape\u0142niania gazu"},"content":{"rendered":"<p>G\u0142\u00f3wny parametr g\u0142\u00f3wny parametr g\u0142\u00f3wny<\/p>\n<p>Pozycja wype\u0142niania na pozycji wype\u0142niania<\/p>\n<p>Cylindry ilo\u015bciowe to cylindry ilo\u015bciowe z 5 szt.<\/p>\n<p>Nape\u0142nianie 5 szt.<\/p>\n<p>Stopie\u0144 automatyzacji w pe\u0142ni automatyzacja. Automatyzacja w pe\u0142ni automatyzacja<\/p>\n<p>Pojemno\u015b\u0107 produkcyjna 8000-1000 szt.<\/p>\n<p>Zakres wielko\u015bci wype\u0142niania 2-7 ml (Specjalna specyfika mo\u017cna dostosowa\u0107) Zakres wielko\u015bci wype\u0142nienia 2-7 ml (Specjalna specyfika mo\u017cna dostosowa\u0107)<\/p>\n<p>Zastosowanie wielko\u015bci zapalniczki w obr\u0119bie rozmiar\u00f3w 15*28*86 mm. Zastosowanie wielko\u015bci zapalniczki w obr\u0119bie rozmiar\u00f3w 15*28*86 mm<\/p>\n<p>Ci\u015bnienie \u017ar\u00f3d\u0142a powietrza 0,5-0,6MPa ci\u015bnienie \u017ar\u00f3d\u0142a powietrza<\/p>\n<p>Zu\u017cycie \u017ar\u00f3d\u0142a powietrza 0,03 CBM\/minut\u0119<\/p>\n<p>Wymiary zarysowe sprz\u0119tu wynosz\u0105 120 cm*160 cm<\/p>","protected":false},"excerpt":{"rendered":"<p>Aby zaspokoi\u0107 zapotrzebowanie na ilo\u015b\u0107 produkcji zapalniczki, mamy rozw\u00f3j i projektowanie przez w\u0142asny dow\u00f3d na ten temat, w pe\u0142ni pneumatyczny, w pe\u0142ni automatyczny sprz\u0119t. Rapidowe i jednorazowe osi\u0105gni\u0119cie ilo\u015bciowego nape\u0142niania latarni przeciwgazarzczego \u201d, sprz\u0119t z 5pc nape\u0142niaj\u0105cymi g\u0142owicami, 5PC niezale\u017cne cylindry, kt\u00f3re opracowuj\u0105 dwa wyposa\u017cenie, a automatycznie i wyniszcz.<\/p>","protected":false},"featured_media":738,"template":"","meta":[],"product_cat":[24],"product_tag":[],"class_list":{"0":"post-321","1":"product","2":"type-product","3":"status-publish","4":"has-post-thumbnail","6":"product_cat-automatic-machine","8":"first","9":"instock","10":"shipping-taxable","11":"product-type-simple"},"_links":{"self":[{"href":"https:\/\/www.lightermakingmachine.com\/pl_pl\/wp-json\/wp\/v2\/product\/321","targetHints":{"allow":["GET"]}}],"collection":[{"href":"https:\/\/www.lightermakingmachine.com\/pl_pl\/wp-json\/wp\/v2\/product"}],"about":[{"href":"https:\/\/www.lightermakingmachine.com\/pl_pl\/wp-json\/wp\/v2\/types\/product"}],"version-history":[{"count":2,"href":"https:\/\/www.lightermakingmachine.com\/pl_pl\/wp-json\/wp\/v2\/product\/321\/revisions"}],"predecessor-version":[{"id":1318,"href":"https:\/\/www.lightermakingmachine.com\/pl_pl\/wp-json\/wp\/v2\/product\/321\/revisions\/1318"}],"wp:featuredmedia":[{"embeddable":true,"href":"https:\/\/www.lightermakingmachine.com\/pl_pl\/wp-json\/wp\/v2\/media\/738"}],"wp:attachment":[{"href":"https:\/\/www.lightermakingmachine.com\/pl_pl\/wp-json\/wp\/v2\/media?parent=321"}],"wp:term":[{"taxonomy":"product_cat","embeddable":true,"href":"https:\/\/www.lightermakingmachine.com\/pl_pl\/wp-json\/wp\/v2\/product_cat?post=321"},{"taxonomy":"product_tag","embeddable":true,"href":"https:\/\/www.lightermakingmachine.com\/pl_pl\/wp-json\/wp\/v2\/product_tag?post=321"}],"curies":[{"name":"wp","href":"https:\/\/api.w.org\/{rel}","templated":true}]}}