{"id":326,"date":"2024-12-09T17:49:46","date_gmt":"2024-12-09T09:49:46","guid":{"rendered":"http:\/\/jiuqi.deepvaluer.cn\/?post_type=product&#038;p=326"},"modified":"2025-09-16T17:06:39","modified_gmt":"2025-09-16T09:06:39","slug":"flame-adjust-machine","status":"publish","type":"product","link":"https:\/\/www.lightermakingmachine.com\/pl_pl\/product\/flame-adjust-machine\/","title":{"rendered":"Maszyna regulacyjna p\u0142omienia"},"content":{"rendered":"<p>Marka:<\/p>\n<p>Technologia jiuqi<\/p>\n<p>Numer modelu:<\/p>\n<p>D-JQ-THJ-6<\/p>\n<p>Artyku\u0142 nr (numer artyku\u0142u):<\/p>\n<p>Prosz\u0119 zapozna\u0107 si\u0119 z obs\u0142ug\u0105 klienta<\/p>\n<p>Alias produktu:<\/p>\n<p>L\u017cejszy sprz\u0119t<\/p>\n<p>u\u017cywa\u0107:<\/p>\n<p>L\u017cejsza regulacja<\/p>\n<p>Odpowiedni przemys\u0142:<\/p>\n<p>Fabryka<\/p>\n<p>Zastosowanie produktu:<\/p>\n<p>Dostosuj p\u0142omie\u0144 zapalniczki<\/p>\n<p>specyfikacja:<\/p>\n<p>105 * 100 * 170<\/p>\n<p>Czy eksport transgraniczny jest \u017ar\u00f3d\u0142em towar\u00f3w:<\/p>\n<p>NIE<\/p>","protected":false},"excerpt":{"rendered":"<p>Automatyczna regulacja p\u0142omienia<\/p>","protected":false},"featured_media":328,"template":"","meta":[],"product_cat":[24],"product_tag":[],"class_list":{"0":"post-326","1":"product","2":"type-product","3":"status-publish","4":"has-post-thumbnail","6":"product_cat-automatic-machine","8":"first","9":"instock","10":"shipping-taxable","11":"product-type-simple"},"_links":{"self":[{"href":"https:\/\/www.lightermakingmachine.com\/pl_pl\/wp-json\/wp\/v2\/product\/326","targetHints":{"allow":["GET"]}}],"collection":[{"href":"https:\/\/www.lightermakingmachine.com\/pl_pl\/wp-json\/wp\/v2\/product"}],"about":[{"href":"https:\/\/www.lightermakingmachine.com\/pl_pl\/wp-json\/wp\/v2\/types\/product"}],"version-history":[{"count":1,"href":"https:\/\/www.lightermakingmachine.com\/pl_pl\/wp-json\/wp\/v2\/product\/326\/revisions"}],"predecessor-version":[{"id":1317,"href":"https:\/\/www.lightermakingmachine.com\/pl_pl\/wp-json\/wp\/v2\/product\/326\/revisions\/1317"}],"wp:featuredmedia":[{"embeddable":true,"href":"https:\/\/www.lightermakingmachine.com\/pl_pl\/wp-json\/wp\/v2\/media\/328"}],"wp:attachment":[{"href":"https:\/\/www.lightermakingmachine.com\/pl_pl\/wp-json\/wp\/v2\/media?parent=326"}],"wp:term":[{"taxonomy":"product_cat","embeddable":true,"href":"https:\/\/www.lightermakingmachine.com\/pl_pl\/wp-json\/wp\/v2\/product_cat?post=326"},{"taxonomy":"product_tag","embeddable":true,"href":"https:\/\/www.lightermakingmachine.com\/pl_pl\/wp-json\/wp\/v2\/product_tag?post=326"}],"curies":[{"name":"wp","href":"https:\/\/api.w.org\/{rel}","templated":true}]}}