{"id":331,"date":"2024-12-10T09:23:36","date_gmt":"2024-12-10T01:23:36","guid":{"rendered":"http:\/\/jiuqi.deepvaluer.cn\/?post_type=product&#038;p=331"},"modified":"2026-04-29T15:30:57","modified_gmt":"2026-04-29T07:30:57","slug":"packing-machine","status":"publish","type":"product","link":"https:\/\/www.lightermakingmachine.com\/pl_pl\/product\/packing-machine\/","title":{"rendered":"Maszyna do pakowania"},"content":{"rendered":"<p>1. Zastosowanie produktu<br \/>\nMaszyna do pakowania zako\u0144czy l\u017cejsze opakowanie produkt\u00f3w, odgrywa\u0107 Pritective, pi\u0119kn\u0105 rol\u0119.<br \/>\n2. Parametry sprz\u0119tu<\/p>\n<table style=\"height: 232px;\" width=\"190\">\n<tbody>\n<tr>\n<td width=\"68\">model<\/td>\n<td width=\"119\">JQ-BZ-01<\/td>\n<\/tr>\n<tr>\n<td>wolta\u017c<\/td>\n<td>AC220V<\/td>\n<\/tr>\n<tr>\n<td>cz\u0119stotliwo\u015b\u0107<\/td>\n<td>50HZ<\/td>\n<\/tr>\n<tr>\n<td>moc<\/td>\n<td>1.8KW<\/td>\n<\/tr>\n<tr>\n<td>ci\u015bnienie<\/td>\n<td>0.5MP<\/td>\n<\/tr>\n<tr>\n<td>rozmiar<\/td>\n<td>4.2m<sup>3<\/sup><\/td>\n<\/tr>\n<tr>\n<td>waga<\/td>\n<td>480KG<\/td>\n<\/tr>\n<tr>\n<td>wyj\u015bcie<\/td>\n<td>18000PCS\/HOUR<\/td>\n<\/tr>\n<\/tbody>\n<\/table>","protected":false},"excerpt":{"rendered":"<p>1. Maszyna do pakowania produktu uko\u0144czy l\u017cejsze opakowanie produkt\u00f3w, odgrywa\u0107 prowion\u0105, pi\u0119kn\u0105 rol\u0119. 2. Parametry sprz\u0119tu Model JQ-Bz-01 Napi\u0119cie AC220V Cz\u0119stotliwo\u015b\u0107 50 Hz Power 1,8 kW ci\u015bnienie 0,5 MP Rozmiar 4,2 m3 Waga 480 kg Wyj\u015bcie 18000pcs\/godzin\u0119<\/p>","protected":false},"featured_media":333,"template":"","meta":[],"product_cat":[24],"product_tag":[],"class_list":{"0":"post-331","1":"product","2":"type-product","3":"status-publish","4":"has-post-thumbnail","6":"product_cat-automatic-machine","8":"first","9":"instock","10":"shipping-taxable","11":"product-type-simple"},"_links":{"self":[{"href":"https:\/\/www.lightermakingmachine.com\/pl_pl\/wp-json\/wp\/v2\/product\/331","targetHints":{"allow":["GET"]}}],"collection":[{"href":"https:\/\/www.lightermakingmachine.com\/pl_pl\/wp-json\/wp\/v2\/product"}],"about":[{"href":"https:\/\/www.lightermakingmachine.com\/pl_pl\/wp-json\/wp\/v2\/types\/product"}],"version-history":[{"count":1,"href":"https:\/\/www.lightermakingmachine.com\/pl_pl\/wp-json\/wp\/v2\/product\/331\/revisions"}],"predecessor-version":[{"id":1316,"href":"https:\/\/www.lightermakingmachine.com\/pl_pl\/wp-json\/wp\/v2\/product\/331\/revisions\/1316"}],"wp:featuredmedia":[{"embeddable":true,"href":"https:\/\/www.lightermakingmachine.com\/pl_pl\/wp-json\/wp\/v2\/media\/333"}],"wp:attachment":[{"href":"https:\/\/www.lightermakingmachine.com\/pl_pl\/wp-json\/wp\/v2\/media?parent=331"}],"wp:term":[{"taxonomy":"product_cat","embeddable":true,"href":"https:\/\/www.lightermakingmachine.com\/pl_pl\/wp-json\/wp\/v2\/product_cat?post=331"},{"taxonomy":"product_tag","embeddable":true,"href":"https:\/\/www.lightermakingmachine.com\/pl_pl\/wp-json\/wp\/v2\/product_tag?post=331"}],"curies":[{"name":"wp","href":"https:\/\/api.w.org\/{rel}","templated":true}]}}