{"id":340,"date":"2024-12-10T10:54:20","date_gmt":"2024-12-10T02:54:20","guid":{"rendered":"http:\/\/jiuqi.deepvaluer.cn\/?post_type=product&#038;p=340"},"modified":"2025-09-16T17:05:10","modified_gmt":"2025-09-16T09:05:10","slug":"fully-automatic-lighter-test-machine","status":"publish","type":"product","link":"https:\/\/www.lightermakingmachine.com\/pl_pl\/product\/fully-automatic-lighter-test-machine\/","title":{"rendered":"W pe\u0142ni automatyczna l\u017cejsza maszyna testowa"},"content":{"rendered":"<p>L\u017cejsze wszystkie cz\u0119\u015bci zmontowane w gotowe produkty, chocia\u017c wcze\u015bniej dostosowywanie p\u0142omienia, ale ze wzgl\u0119du na b\u0142\u0105d cz\u0119\u015bci i proces monta\u017cu doprowadzi r\u00f3wnie\u017c do zmiany p\u0142omienia, musi sprawdzi\u0107 wykrywanie zjawiska gotowego ognia, zapewni\u0107 jako\u015b\u0107 ko\u0144cowej stabilno\u015bci produktu.<\/p>","protected":false},"excerpt":{"rendered":"<p>L\u017cejsze wszystkie cz\u0119\u015bci zmontowane w gotowe produkty, chocia\u017c wcze\u015bniej dostosowywanie p\u0142omienia, ale ze wzgl\u0119du na b\u0142\u0105d cz\u0119\u015bci i proces monta\u017cu doprowadzi r\u00f3wnie\u017c do zmiany p\u0142omienia, musi sprawdzi\u0107 wykrywanie zjawiska gotowego ognia, zapewni\u0107 jako\u015b\u0107 ko\u0144cowej stabilno\u015bci produktu.<\/p>","protected":false},"featured_media":771,"template":"","meta":[],"product_cat":[24],"product_tag":[],"class_list":{"0":"post-340","1":"product","2":"type-product","3":"status-publish","4":"has-post-thumbnail","6":"product_cat-automatic-machine","8":"first","9":"instock","10":"shipping-taxable","11":"product-type-simple"},"_links":{"self":[{"href":"https:\/\/www.lightermakingmachine.com\/pl_pl\/wp-json\/wp\/v2\/product\/340","targetHints":{"allow":["GET"]}}],"collection":[{"href":"https:\/\/www.lightermakingmachine.com\/pl_pl\/wp-json\/wp\/v2\/product"}],"about":[{"href":"https:\/\/www.lightermakingmachine.com\/pl_pl\/wp-json\/wp\/v2\/types\/product"}],"version-history":[{"count":1,"href":"https:\/\/www.lightermakingmachine.com\/pl_pl\/wp-json\/wp\/v2\/product\/340\/revisions"}],"predecessor-version":[{"id":1315,"href":"https:\/\/www.lightermakingmachine.com\/pl_pl\/wp-json\/wp\/v2\/product\/340\/revisions\/1315"}],"wp:featuredmedia":[{"embeddable":true,"href":"https:\/\/www.lightermakingmachine.com\/pl_pl\/wp-json\/wp\/v2\/media\/771"}],"wp:attachment":[{"href":"https:\/\/www.lightermakingmachine.com\/pl_pl\/wp-json\/wp\/v2\/media?parent=340"}],"wp:term":[{"taxonomy":"product_cat","embeddable":true,"href":"https:\/\/www.lightermakingmachine.com\/pl_pl\/wp-json\/wp\/v2\/product_cat?post=340"},{"taxonomy":"product_tag","embeddable":true,"href":"https:\/\/www.lightermakingmachine.com\/pl_pl\/wp-json\/wp\/v2\/product_tag?post=340"}],"curies":[{"name":"wp","href":"https:\/\/api.w.org\/{rel}","templated":true}]}}