{"id":345,"date":"2024-12-10T11:03:02","date_gmt":"2024-12-10T03:03:02","guid":{"rendered":"http:\/\/jiuqi.deepvaluer.cn\/?post_type=product&#038;p=345"},"modified":"2025-09-16T17:04:28","modified_gmt":"2025-09-16T09:04:28","slug":"semi-automatic-gas-filling-machine","status":"publish","type":"product","link":"https:\/\/www.lightermakingmachine.com\/pl_pl\/product\/semi-automatic-gas-filling-machine\/","title":{"rendered":"P\u00f3\u0142automatyczna maszyna do nape\u0142niania gazu"},"content":{"rendered":"<p>Sprz\u0119t ten jest odpowiedni dla niewielkiej ilo\u015bci produkt\u00f3w do u\u017cycia, ze wzgl\u0119du na rozs\u0105dny projekt tego modelu jest odpowiedni dla wszelkiego rodzaju l\u017cejszych inflacji g\u00f3rnej lub dolnej nape\u0142niania, kompaktowej struktury, wysokiej precyzyjnej sprz\u0119tu, mniejszej ilo\u015bci odpad\u00f3w gazowych, wygodnej operacji, bardzo praktycznej.<br \/>\nMo\u017cna go u\u017cywa\u0107 do presji na presj\u0119 gazu r\u00f3\u017cnych rodzaj\u00f3w zapalniczki i szybkiego uko\u0144czenia ilo\u015bciowej konserwatory zapalniczki jednocze\u015bnie i wymaga mniej personelu (jedna osoba dzia\u0142a).<\/p>","protected":false},"excerpt":{"rendered":"<p>Sprz\u0119t ten jest odpowiedni dla niewielkiej ilo\u015bci produkt\u00f3w do u\u017cycia, ze wzgl\u0119du na rozs\u0105dny projekt tego modelu jest odpowiedni dla wszelkiego rodzaju l\u017cejszych inflacji g\u00f3rnej lub dolnej nape\u0142niania, kompaktowej struktury, wysokiej precyzyjnej sprz\u0119tu, mniejszej ilo\u015bci odpad\u00f3w gazowych, wygodnej operacji, bardzo praktycznej. Mo\u017cna go u\u017cy\u0107 do presji gazu r\u00f3\u017cnych typ\u00f3w [\u2026]<\/p>","protected":false},"featured_media":346,"template":"","meta":[],"product_cat":[25],"product_tag":[],"class_list":{"0":"post-345","1":"product","2":"type-product","3":"status-publish","4":"has-post-thumbnail","6":"product_cat-semi-automatic-machine","8":"first","9":"instock","10":"shipping-taxable","11":"product-type-simple"},"_links":{"self":[{"href":"https:\/\/www.lightermakingmachine.com\/pl_pl\/wp-json\/wp\/v2\/product\/345","targetHints":{"allow":["GET"]}}],"collection":[{"href":"https:\/\/www.lightermakingmachine.com\/pl_pl\/wp-json\/wp\/v2\/product"}],"about":[{"href":"https:\/\/www.lightermakingmachine.com\/pl_pl\/wp-json\/wp\/v2\/types\/product"}],"version-history":[{"count":1,"href":"https:\/\/www.lightermakingmachine.com\/pl_pl\/wp-json\/wp\/v2\/product\/345\/revisions"}],"predecessor-version":[{"id":1314,"href":"https:\/\/www.lightermakingmachine.com\/pl_pl\/wp-json\/wp\/v2\/product\/345\/revisions\/1314"}],"wp:featuredmedia":[{"embeddable":true,"href":"https:\/\/www.lightermakingmachine.com\/pl_pl\/wp-json\/wp\/v2\/media\/346"}],"wp:attachment":[{"href":"https:\/\/www.lightermakingmachine.com\/pl_pl\/wp-json\/wp\/v2\/media?parent=345"}],"wp:term":[{"taxonomy":"product_cat","embeddable":true,"href":"https:\/\/www.lightermakingmachine.com\/pl_pl\/wp-json\/wp\/v2\/product_cat?post=345"},{"taxonomy":"product_tag","embeddable":true,"href":"https:\/\/www.lightermakingmachine.com\/pl_pl\/wp-json\/wp\/v2\/product_tag?post=345"}],"curies":[{"name":"wp","href":"https:\/\/api.w.org\/{rel}","templated":true}]}}