{"id":452,"date":"2024-12-11T14:36:06","date_gmt":"2024-12-11T06:36:06","guid":{"rendered":"http:\/\/jiuqi.deepvaluer.cn\/?post_type=product&#038;p=452"},"modified":"2025-09-16T17:00:50","modified_gmt":"2025-09-16T09:00:50","slug":"swing-machine-for-lighter-making-machine","status":"publish","type":"product","link":"https:\/\/www.lightermakingmachine.com\/pl_pl\/product\/swing-machine-for-lighter-making-machine\/","title":{"rendered":"Maszyna hu\u015btawka do l\u017cejszej maszyny do tworzenia"},"content":{"rendered":"<p>Wysoka zdolno\u015b\u0107 produkcyjna: Ta p\u00f3\u0142automatyczna maszyna do wytwarzania papieros\u00f3w gazowych oferuje imponuj\u0105c\u0105 wydajno\u015b\u0107 produkcyjn\u0105 10 000 sztuk na godzin\u0119, co czyni j\u0105 idealnym wyborem do operacji produkcyjnych na du\u017c\u0105 skal\u0119.<\/p>\n<p>Kompaktowa i wydajna konstrukcja: o wymiarach 1300x800x900 mm, maszyna ta zosta\u0142a zaprojektowana w celu maksymalizacji przestrzeni przy jednoczesnym utrzymaniu wysokiego poziomu wydajno\u015bci.<\/p>\n<p>\u0141atwe dzia\u0142anie: Mechanizm maszyny hu\u015btawki zapewnia p\u0142ynne i \u0142atwe dzia\u0142anie, zmniejszaj\u0105c koszty pracy i zwi\u0119kszaj\u0105c wydajno\u015b\u0107.<\/p>\n<p>Niezawodno\u015b\u0107 marki: wyprodukowana przez Jiuqi, renomowan\u0105 mark\u0119, ta maszyna jest zbudowana tak, aby trwa\u0107 i zapewnia konsekwentn\u0105 wydajno\u015b\u0107.<\/p>\n<p><strong>Atrybuty specyficzne dla bran\u017cy<\/strong><\/p>\n<table width=\"209\">\n<tbody>\n<tr>\n<td width=\"141\">Pojemno\u015b\u0107 maszyn<\/td>\n<td width=\"68\">10000pcs\/hour<\/td>\n<\/tr>\n<\/tbody>\n<\/table>\n<p><strong>Inne atrybuty<\/strong><\/p>\n<table width=\"209\">\n<tbody>\n<tr>\n<td width=\"141\">Waga<\/td>\n<td width=\"68\">55 kg<\/td>\n<\/tr>\n<tr>\n<td>Automatyczna ocena<\/td>\n<td>P\u00f3\u0142automatyczny<\/td>\n<\/tr>\n<tr>\n<td>Kluczowe maszyny<\/td>\n<td>Swing Maszyna<\/td>\n<\/tr>\n<tr>\n<td>Condition<\/td>\n<td>New<\/td>\n<\/tr>\n<tr>\n<td>Brand Name<\/td>\n<td>jiuqi<\/td>\n<\/tr>\n<tr>\n<td>Wymiar (l*w*h)<\/td>\n<td>1300*800*900 mm<\/td>\n<\/tr>\n<tr>\n<td>Place of Origin<\/td>\n<td>Zhejiang, Chiny<\/td>\n<\/tr>\n<tr>\n<td>Stopie\u0144 automatyzacji<\/td>\n<td>p\u00f3\u0142automatyczny<\/td>\n<\/tr>\n<tr>\n<td>Aplikacja do rozmiaru zapalniczki<\/td>\n<td>1300*800*900 mm<\/td>\n<\/tr>\n<tr>\n<td>Capacity<\/td>\n<td>10000pcs\/h<\/td>\n<\/tr>\n<\/tbody>\n<\/table>","protected":false},"excerpt":{"rendered":"<p>wysoka zdolno\u015b\u0107 produkcyjna: ta p\u00f3\u0142automatyczna maszyna do wytwarzania papieros\u00f3w gazowych oferuje imponuj\u0105c\u0105 wydajno\u015b\u0107 produkcyjn\u0105 10 000 sztuk na godzin\u0119, co czyni j\u0105 idealnym wyborem do operacji produkcyjnych na du\u017c\u0105 skal\u0119. kompaktowa i wydajna konstrukcja: o wymiarach 1300x800x900 mm, maszyna ta zosta\u0142a zaprojektowana w celu maksymalizacji przestrzeni przy jednoczesnym utrzymaniu wysokiego poziomu wydajno\u015bci. \u0142atwa operacja: hu\u015btawka [\u2026]<\/p>","protected":false},"featured_media":789,"template":"","meta":[],"product_cat":[24],"product_tag":[],"class_list":{"0":"post-452","1":"product","2":"type-product","3":"status-publish","4":"has-post-thumbnail","6":"product_cat-automatic-machine","8":"first","9":"instock","10":"shipping-taxable","11":"product-type-simple"},"_links":{"self":[{"href":"https:\/\/www.lightermakingmachine.com\/pl_pl\/wp-json\/wp\/v2\/product\/452","targetHints":{"allow":["GET"]}}],"collection":[{"href":"https:\/\/www.lightermakingmachine.com\/pl_pl\/wp-json\/wp\/v2\/product"}],"about":[{"href":"https:\/\/www.lightermakingmachine.com\/pl_pl\/wp-json\/wp\/v2\/types\/product"}],"version-history":[{"count":2,"href":"https:\/\/www.lightermakingmachine.com\/pl_pl\/wp-json\/wp\/v2\/product\/452\/revisions"}],"predecessor-version":[{"id":1310,"href":"https:\/\/www.lightermakingmachine.com\/pl_pl\/wp-json\/wp\/v2\/product\/452\/revisions\/1310"}],"wp:featuredmedia":[{"embeddable":true,"href":"https:\/\/www.lightermakingmachine.com\/pl_pl\/wp-json\/wp\/v2\/media\/789"}],"wp:attachment":[{"href":"https:\/\/www.lightermakingmachine.com\/pl_pl\/wp-json\/wp\/v2\/media?parent=452"}],"wp:term":[{"taxonomy":"product_cat","embeddable":true,"href":"https:\/\/www.lightermakingmachine.com\/pl_pl\/wp-json\/wp\/v2\/product_cat?post=452"},{"taxonomy":"product_tag","embeddable":true,"href":"https:\/\/www.lightermakingmachine.com\/pl_pl\/wp-json\/wp\/v2\/product_tag?post=452"}],"curies":[{"name":"wp","href":"https:\/\/api.w.org\/{rel}","templated":true}]}}