{"id":778,"date":"2024-12-13T14:00:50","date_gmt":"2024-12-13T06:00:50","guid":{"rendered":"http:\/\/jiuqi.deepvaluer.cn\/?post_type=product&#038;p=778"},"modified":"2025-09-16T16:58:46","modified_gmt":"2025-09-16T08:58:46","slug":"label-machine-paper-wrapping-machine","status":"publish","type":"product","link":"https:\/\/www.lightermakingmachine.com\/pl_pl\/product\/label-machine-paper-wrapping-machine\/","title":{"rendered":"Maszyna etykiet\/maszyna do pakowania papieru"},"content":{"rendered":"<p>po zako\u0144czeniu ko\u0144cowej kontroli zapalnich produkt\u00f3w pojawienie si\u0119 zapalniczki powinno by\u0107 przetwarzane, najcz\u0119stszym jest etykietowanie i ca\u0142y l\u017cejszy papier.<\/p>\n<table width=\"346\">\n<tbody>\n<tr>\n<td width=\"145\">model<\/td>\n<td width=\"104\">jq-tb<\/td>\n<td width=\"97\">jq-bz<\/td>\n<\/tr>\n<tr>\n<td>wolta\u017c<\/td>\n<td>AC220V<\/td>\n<td>AC220V<\/td>\n<\/tr>\n<tr>\n<td>cz\u0119stotliwo\u015b\u0107<\/td>\n<td>50HZ<\/td>\n<td>50HZ<\/td>\n<\/tr>\n<tr>\n<td>moc<\/td>\n<td>4.8KW<\/td>\n<td>5.6KW<\/td>\n<\/tr>\n<tr>\n<td>ci\u015bnienie<\/td>\n<td>0,6mp<\/td>\n<td>0,6mp<\/td>\n<\/tr>\n<tr>\n<td>rozmiar<\/td>\n<td>1,5 m3<\/td>\n<td>1m\u00b3<\/td>\n<\/tr>\n<tr>\n<td>waga<\/td>\n<td>167KG<\/td>\n<td>206KG<\/td>\n<\/tr>\n<tr>\n<td>wyj\u015bcie<\/td>\n<td>12000 pne\/godzin\u0119<\/td>\n<td>8000pcs\/godzina<\/td>\n<\/tr>\n<\/tbody>\n<\/table>","protected":false},"excerpt":{"rendered":"<p>po zako\u0144czeniu ko\u0144cowej kontroli zapalnich produkt\u00f3w pojawienie si\u0119 zapalniczki powinno by\u0107 przetwarzane, najcz\u0119stszym jest etykietowanie i ca\u0142y l\u017cejszy papier. model jq-tb jq-bz napi\u0119cie ac220v ac220v cz\u0119stotliwo\u015b\u0107 50 hz 50 hz moc 4,8kw 5,6 kw ci\u015bnienie 0,6mp 0,6mp rozmiar 1,5 m3 1 m3 waga 167 kg 206 kg wyj\u015bcie 12000pcs\/godzin\u0119 8000pcs\/godzin\u0119<\/p>","protected":false},"featured_media":779,"template":"","meta":[],"product_cat":[24],"product_tag":[],"class_list":{"0":"post-778","1":"product","2":"type-product","3":"status-publish","4":"has-post-thumbnail","6":"product_cat-automatic-machine","8":"first","9":"instock","10":"shipping-taxable","11":"product-type-simple"},"_links":{"self":[{"href":"https:\/\/www.lightermakingmachine.com\/pl_pl\/wp-json\/wp\/v2\/product\/778","targetHints":{"allow":["GET"]}}],"collection":[{"href":"https:\/\/www.lightermakingmachine.com\/pl_pl\/wp-json\/wp\/v2\/product"}],"about":[{"href":"https:\/\/www.lightermakingmachine.com\/pl_pl\/wp-json\/wp\/v2\/types\/product"}],"version-history":[{"count":1,"href":"https:\/\/www.lightermakingmachine.com\/pl_pl\/wp-json\/wp\/v2\/product\/778\/revisions"}],"predecessor-version":[{"id":1308,"href":"https:\/\/www.lightermakingmachine.com\/pl_pl\/wp-json\/wp\/v2\/product\/778\/revisions\/1308"}],"wp:featuredmedia":[{"embeddable":true,"href":"https:\/\/www.lightermakingmachine.com\/pl_pl\/wp-json\/wp\/v2\/media\/779"}],"wp:attachment":[{"href":"https:\/\/www.lightermakingmachine.com\/pl_pl\/wp-json\/wp\/v2\/media?parent=778"}],"wp:term":[{"taxonomy":"product_cat","embeddable":true,"href":"https:\/\/www.lightermakingmachine.com\/pl_pl\/wp-json\/wp\/v2\/product_cat?post=778"},{"taxonomy":"product_tag","embeddable":true,"href":"https:\/\/www.lightermakingmachine.com\/pl_pl\/wp-json\/wp\/v2\/product_tag?post=778"}],"curies":[{"name":"wp","href":"https:\/\/api.w.org\/{rel}","templated":true}]}}