{"id":785,"date":"2024-12-13T14:18:59","date_gmt":"2024-12-13T06:18:59","guid":{"rendered":"http:\/\/jiuqi.deepvaluer.cn\/?post_type=product&#038;p=785"},"modified":"2026-04-29T15:30:53","modified_gmt":"2026-04-29T07:30:53","slug":"appending-machine","status":"publish","type":"product","link":"https:\/\/www.lightermakingmachine.com\/pl_pl\/product\/appending-machine\/","title":{"rendered":"Maszyna do\u0142\u0105czaj\u0105ca"},"content":{"rendered":"<p>Podajnik jest zaawansowanym zautomatyzowanym urz\u0105dzeniem, kt\u00f3re mo\u017ce dok\u0142adnie zidentyfikowa\u0107 pozycj\u0119 i kierunek zapalniczki za po\u015brednictwem systemu rozpoznawania wizualnego. Wykorzystuje kamery o wysokiej rozdzielczo\u015bci i algorytmy przetwarzania obrazu do przechwytywania i analizy obraz\u00f3w zapalniczki w czasie rzeczywistym oraz okre\u015blania pozycji i k\u0105ta wk\u0142adki. Nast\u0119pnie, za po\u015brednictwem systemu ramienia robota precyzyjnego, zapalniczka jest dok\u0142adnie umieszczona na pasku przeno\u015bnika w celu poprawy wydajno\u015bci produkcji i jako\u015bci produktu.<\/p>\n<p>G\u0142\u00f3wny parametr<br \/>\n1. Wszechstronno\u015b\u0107: wymienny model<br \/>\n2. Pojemno\u015b\u0107 produkcyjna: 8000-10000 \/ godzina<br \/>\n3. Ci\u015bnienie \u017ar\u00f3d\u0142a powietrza: ci\u015bnienie \u017ar\u00f3d\u0142a powietrza 0,5-0,7mpa<br \/>\n4. Napi\u0119cie: 220 V.<br \/>\n5. Wymiary sprz\u0119tu: L2705 mm*W1925mm*H1725mm<br \/>\n6. Waga: oko\u0142o 200 kg<\/p>","protected":false},"excerpt":{"rendered":"<p>Podajnik jest zaawansowanym zautomatyzowanym urz\u0105dzeniem, kt\u00f3re mo\u017ce dok\u0142adnie zidentyfikowa\u0107 pozycj\u0119 i kierunek zapalniczki za po\u015brednictwem systemu rozpoznawania wizualnego. Wykorzystuje kamery o wysokiej rozdzielczo\u015bci i algorytmy przetwarzania obrazu do przechwytywania i analizy obraz\u00f3w zapalniczki w czasie rzeczywistym oraz okre\u015blania pozycji i k\u0105ta wk\u0142adki. Nast\u0119pnie przez rami\u0119 robota precyzyjnego [\u2026]<\/p>","protected":false},"featured_media":786,"template":"","meta":[],"product_cat":[24],"product_tag":[],"class_list":{"0":"post-785","1":"product","2":"type-product","3":"status-publish","4":"has-post-thumbnail","6":"product_cat-automatic-machine","8":"first","9":"instock","10":"shipping-taxable","11":"product-type-simple"},"_links":{"self":[{"href":"https:\/\/www.lightermakingmachine.com\/pl_pl\/wp-json\/wp\/v2\/product\/785","targetHints":{"allow":["GET"]}}],"collection":[{"href":"https:\/\/www.lightermakingmachine.com\/pl_pl\/wp-json\/wp\/v2\/product"}],"about":[{"href":"https:\/\/www.lightermakingmachine.com\/pl_pl\/wp-json\/wp\/v2\/types\/product"}],"version-history":[{"count":1,"href":"https:\/\/www.lightermakingmachine.com\/pl_pl\/wp-json\/wp\/v2\/product\/785\/revisions"}],"predecessor-version":[{"id":1307,"href":"https:\/\/www.lightermakingmachine.com\/pl_pl\/wp-json\/wp\/v2\/product\/785\/revisions\/1307"}],"wp:featuredmedia":[{"embeddable":true,"href":"https:\/\/www.lightermakingmachine.com\/pl_pl\/wp-json\/wp\/v2\/media\/786"}],"wp:attachment":[{"href":"https:\/\/www.lightermakingmachine.com\/pl_pl\/wp-json\/wp\/v2\/media?parent=785"}],"wp:term":[{"taxonomy":"product_cat","embeddable":true,"href":"https:\/\/www.lightermakingmachine.com\/pl_pl\/wp-json\/wp\/v2\/product_cat?post=785"},{"taxonomy":"product_tag","embeddable":true,"href":"https:\/\/www.lightermakingmachine.com\/pl_pl\/wp-json\/wp\/v2\/product_tag?post=785"}],"curies":[{"name":"wp","href":"https:\/\/api.w.org\/{rel}","templated":true}]}}