{"id":791,"date":"2024-12-13T14:50:49","date_gmt":"2024-12-13T06:50:49","guid":{"rendered":"http:\/\/jiuqi.deepvaluer.cn\/?post_type=product&#038;p=791"},"modified":"2025-09-16T16:55:48","modified_gmt":"2025-09-16T08:55:48","slug":"printing-machine","status":"publish","type":"product","link":"https:\/\/www.lightermakingmachine.com\/pl_pl\/product\/printing-machine\/","title":{"rendered":"Maszyna do drukowania"},"content":{"rendered":"<p>L\u017cejszy wchodzi do urz\u0105dzenia po kolei, a czcionka, kt\u00f3r\u0105 nale\u017cy wydrukowa\u0107, jest wydrukowana na zapalniczkach, kt\u00f3r\u0105 mo\u017cna wydrukowa\u0107 po obu stronach i w r\u00f3\u017cnych kolorach. Jeden na raz, wiele na raz, z wysok\u0105 wydajno\u015bci\u0105, prostot\u0105 i aspektami cech.<\/p>\n<table width=\"249\">\n<tbody>\n<tr>\n<td width=\"145\">model<\/td>\n<td width=\"104\">JQ-YZ-01<\/td>\n<\/tr>\n<tr>\n<td>wolta\u017c<\/td>\n<td>AC220V<\/td>\n<\/tr>\n<tr>\n<td>cz\u0119stotliwo\u015b\u0107<\/td>\n<td>50HZ<\/td>\n<\/tr>\n<tr>\n<td>moc<\/td>\n<td>0.3KW<\/td>\n<\/tr>\n<tr>\n<td>ci\u015bnienie<\/td>\n<td>0,6mp<\/td>\n<\/tr>\n<tr>\n<td>rozmiar<\/td>\n<td>1,04 m3<\/td>\n<\/tr>\n<tr>\n<td>waga<\/td>\n<td>200KG<\/td>\n<\/tr>\n<tr>\n<td>wyj\u015bcie<\/td>\n<td>12000 pne\/godzin\u0119<\/td>\n<\/tr>\n<\/tbody>\n<\/table>","protected":false},"excerpt":{"rendered":"<p>L\u017cejszy wchodzi do urz\u0105dzenia po kolei, a czcionka, kt\u00f3r\u0105 nale\u017cy wydrukowa\u0107, jest wydrukowana na zapalniczkach, kt\u00f3r\u0105 mo\u017cna wydrukowa\u0107 po obu stronach i w r\u00f3\u017cnych kolorach. Jeden na raz, wiele na raz, z wysok\u0105 wydajno\u015bci\u0105, prostot\u0105 i aspektami cech. Model JQ-YZ-01 Napi\u0119cie AC220V Cz\u0119stotliwo\u015b\u0107 50 Hz [\u2026]<\/p>","protected":false},"featured_media":792,"template":"","meta":[],"product_cat":[24],"product_tag":[],"class_list":{"0":"post-791","1":"product","2":"type-product","3":"status-publish","4":"has-post-thumbnail","6":"product_cat-automatic-machine","8":"first","9":"instock","10":"shipping-taxable","11":"product-type-simple"},"_links":{"self":[{"href":"https:\/\/www.lightermakingmachine.com\/pl_pl\/wp-json\/wp\/v2\/product\/791","targetHints":{"allow":["GET"]}}],"collection":[{"href":"https:\/\/www.lightermakingmachine.com\/pl_pl\/wp-json\/wp\/v2\/product"}],"about":[{"href":"https:\/\/www.lightermakingmachine.com\/pl_pl\/wp-json\/wp\/v2\/types\/product"}],"version-history":[{"count":1,"href":"https:\/\/www.lightermakingmachine.com\/pl_pl\/wp-json\/wp\/v2\/product\/791\/revisions"}],"predecessor-version":[{"id":1305,"href":"https:\/\/www.lightermakingmachine.com\/pl_pl\/wp-json\/wp\/v2\/product\/791\/revisions\/1305"}],"wp:featuredmedia":[{"embeddable":true,"href":"https:\/\/www.lightermakingmachine.com\/pl_pl\/wp-json\/wp\/v2\/media\/792"}],"wp:attachment":[{"href":"https:\/\/www.lightermakingmachine.com\/pl_pl\/wp-json\/wp\/v2\/media?parent=791"}],"wp:term":[{"taxonomy":"product_cat","embeddable":true,"href":"https:\/\/www.lightermakingmachine.com\/pl_pl\/wp-json\/wp\/v2\/product_cat?post=791"},{"taxonomy":"product_tag","embeddable":true,"href":"https:\/\/www.lightermakingmachine.com\/pl_pl\/wp-json\/wp\/v2\/product_tag?post=791"}],"curies":[{"name":"wp","href":"https:\/\/api.w.org\/{rel}","templated":true}]}}