{"id":321,"date":"2024-12-09T17:03:08","date_gmt":"2024-12-09T09:03:08","guid":{"rendered":"http:\/\/jiuqi.deepvaluer.cn\/?post_type=product&#038;p=321"},"modified":"2025-09-16T17:07:19","modified_gmt":"2025-09-16T09:07:19","slug":"gas-filling-machine","status":"publish","type":"product","link":"https:\/\/www.lightermakingmachine.com\/pt_br\/product\/gas-filling-machine\/","title":{"rendered":"M\u00e1quina de enchimento de g\u00e1s"},"content":{"rendered":"<p>Par\u00e2metro principal par\u00e2metro principal<\/p>\n<p>Posi\u00e7\u00e3o de preenchimento sobre a posi\u00e7\u00e3o de enchimento<\/p>\n<p>Cilindros quantitativos s\u00e3o cilindros quantitativos com 5 pcs<\/p>\n<p>Cabe\u00e7a de enchimento 5 PCs<\/p>\n<p>Automa\u00e7\u00e3o de automa\u00e7\u00e3o totalmente de automa\u00e7\u00e3o. Automa\u00e7\u00e3o de automa\u00e7\u00e3o totalmente<\/p>\n<p>Capacidade de produ\u00e7\u00e3o 8000-1000 PCs\/hora<\/p>\n<p>Escopo de quantidade de preenchimento 2-7ml (especifica\u00e7\u00e3o especial pode ser personalizada) Preencher o escopo da quantidade 2-7ml (especifica\u00e7\u00e3o especial pode ser personalizada)<\/p>\n<p>Aplica\u00e7\u00e3o do tamanho do mais leve dentro de tamanhos de 15*28*86 mm. Aplica\u00e7\u00e3o do tamanho do mais leve dentro de tamanhos de 15*28*86 mm<\/p>\n<p>Press\u00e3o da fonte do ar 0,5-0.6MPa Press\u00e3o da fonte do ar<\/p>\n<p>Fonte de ar de consumo 0,03 CBM\/minuto<\/p>\n<p>As dimens\u00f5es de esbo\u00e7o do equipamento s\u00e3o de 120 cm*160cm<\/p>","protected":false},"excerpt":{"rendered":"<p>Para atender \u00e0 demanda por quantidade da produ\u00e7\u00e3o de isqueiros, temos desenvolvimento e design por nossa pr\u00f3pria prova de explos\u00e3o, equipamentos totalmente pneum\u00e1ticos, totalmente autom\u00e1ticos.<\/p>","protected":false},"featured_media":738,"template":"","meta":[],"product_cat":[24],"product_tag":[],"class_list":{"0":"post-321","1":"product","2":"type-product","3":"status-publish","4":"has-post-thumbnail","6":"product_cat-automatic-machine","8":"first","9":"instock","10":"shipping-taxable","11":"product-type-simple"},"_links":{"self":[{"href":"https:\/\/www.lightermakingmachine.com\/pt_br\/wp-json\/wp\/v2\/product\/321","targetHints":{"allow":["GET"]}}],"collection":[{"href":"https:\/\/www.lightermakingmachine.com\/pt_br\/wp-json\/wp\/v2\/product"}],"about":[{"href":"https:\/\/www.lightermakingmachine.com\/pt_br\/wp-json\/wp\/v2\/types\/product"}],"version-history":[{"count":2,"href":"https:\/\/www.lightermakingmachine.com\/pt_br\/wp-json\/wp\/v2\/product\/321\/revisions"}],"predecessor-version":[{"id":1318,"href":"https:\/\/www.lightermakingmachine.com\/pt_br\/wp-json\/wp\/v2\/product\/321\/revisions\/1318"}],"wp:featuredmedia":[{"embeddable":true,"href":"https:\/\/www.lightermakingmachine.com\/pt_br\/wp-json\/wp\/v2\/media\/738"}],"wp:attachment":[{"href":"https:\/\/www.lightermakingmachine.com\/pt_br\/wp-json\/wp\/v2\/media?parent=321"}],"wp:term":[{"taxonomy":"product_cat","embeddable":true,"href":"https:\/\/www.lightermakingmachine.com\/pt_br\/wp-json\/wp\/v2\/product_cat?post=321"},{"taxonomy":"product_tag","embeddable":true,"href":"https:\/\/www.lightermakingmachine.com\/pt_br\/wp-json\/wp\/v2\/product_tag?post=321"}],"curies":[{"name":"wp","href":"https:\/\/api.w.org\/{rel}","templated":true}]}}