{"id":326,"date":"2024-12-09T17:49:46","date_gmt":"2024-12-09T09:49:46","guid":{"rendered":"http:\/\/jiuqi.deepvaluer.cn\/?post_type=product&#038;p=326"},"modified":"2025-09-16T17:06:39","modified_gmt":"2025-09-16T09:06:39","slug":"flame-adjust-machine","status":"publish","type":"product","link":"https:\/\/www.lightermakingmachine.com\/pt_br\/product\/flame-adjust-machine\/","title":{"rendered":"M\u00e1quina de ajuste de chama"},"content":{"rendered":"<p>Marca:<\/p>\n<p>Tecnologia jiUqi<\/p>\n<p>N\u00famero do modelo:<\/p>\n<p>D-JQ-THJ-6<\/p>\n<p>Artigo n\u00ba (n\u00famero do artigo):<\/p>\n<p>Consulte o atendimento ao cliente<\/p>\n<p>Alias \u200b\u200bdo produto:<\/p>\n<p>Equipamento mais leve<\/p>\n<p>usar:<\/p>\n<p>Ajuste mais leve<\/p>\n<p>Ind\u00fastria aplic\u00e1vel:<\/p>\n<p>F\u00e1brica<\/p>\n<p>Uso do produto:<\/p>\n<p>Ajuste a chama do isqueiro<\/p>\n<p>especifica\u00e7\u00e3o:<\/p>\n<p>105 * 100 * 170<\/p>\n<p>Se a exporta\u00e7\u00e3o transfronteiri\u00e7a \u00e9 uma fonte de mercadorias:<\/p>\n<p>n\u00e3o<\/p>","protected":false},"excerpt":{"rendered":"<p>Ajuste autom\u00e1tico da chama<\/p>","protected":false},"featured_media":328,"template":"","meta":[],"product_cat":[24],"product_tag":[],"class_list":{"0":"post-326","1":"product","2":"type-product","3":"status-publish","4":"has-post-thumbnail","6":"product_cat-automatic-machine","8":"first","9":"instock","10":"shipping-taxable","11":"product-type-simple"},"_links":{"self":[{"href":"https:\/\/www.lightermakingmachine.com\/pt_br\/wp-json\/wp\/v2\/product\/326","targetHints":{"allow":["GET"]}}],"collection":[{"href":"https:\/\/www.lightermakingmachine.com\/pt_br\/wp-json\/wp\/v2\/product"}],"about":[{"href":"https:\/\/www.lightermakingmachine.com\/pt_br\/wp-json\/wp\/v2\/types\/product"}],"version-history":[{"count":1,"href":"https:\/\/www.lightermakingmachine.com\/pt_br\/wp-json\/wp\/v2\/product\/326\/revisions"}],"predecessor-version":[{"id":1317,"href":"https:\/\/www.lightermakingmachine.com\/pt_br\/wp-json\/wp\/v2\/product\/326\/revisions\/1317"}],"wp:featuredmedia":[{"embeddable":true,"href":"https:\/\/www.lightermakingmachine.com\/pt_br\/wp-json\/wp\/v2\/media\/328"}],"wp:attachment":[{"href":"https:\/\/www.lightermakingmachine.com\/pt_br\/wp-json\/wp\/v2\/media?parent=326"}],"wp:term":[{"taxonomy":"product_cat","embeddable":true,"href":"https:\/\/www.lightermakingmachine.com\/pt_br\/wp-json\/wp\/v2\/product_cat?post=326"},{"taxonomy":"product_tag","embeddable":true,"href":"https:\/\/www.lightermakingmachine.com\/pt_br\/wp-json\/wp\/v2\/product_tag?post=326"}],"curies":[{"name":"wp","href":"https:\/\/api.w.org\/{rel}","templated":true}]}}