{"id":331,"date":"2024-12-10T09:23:36","date_gmt":"2024-12-10T01:23:36","guid":{"rendered":"http:\/\/jiuqi.deepvaluer.cn\/?post_type=product&#038;p=331"},"modified":"2026-04-29T15:30:57","modified_gmt":"2026-04-29T07:30:57","slug":"packing-machine","status":"publish","type":"product","link":"https:\/\/www.lightermakingmachine.com\/pt_br\/product\/packing-machine\/","title":{"rendered":"M\u00e1quina de embalagem"},"content":{"rendered":"<p>1. Uso do produto<br \/>\nA m\u00e1quina de embalagem completar\u00e1 a embalagem de produtos mais leves, desempenhar\u00e1 o papel premiado e bonito.<br \/>\n2. Par\u00e2metros do equipamento<\/p>\n<table style=\"height: 232px;\" width=\"190\">\n<tbody>\n<tr>\n<td width=\"68\">modelo<\/td>\n<td width=\"119\">JQ-BZ-01<\/td>\n<\/tr>\n<tr>\n<td>tens\u00e3o<\/td>\n<td>ac220v<\/td>\n<\/tr>\n<tr>\n<td>freq\u00fc\u00eancia<\/td>\n<td>50hz<\/td>\n<\/tr>\n<tr>\n<td>poder<\/td>\n<td>1.8KW<\/td>\n<\/tr>\n<tr>\n<td>press\u00e3o<\/td>\n<td>0.5MP<\/td>\n<\/tr>\n<tr>\n<td>tamanho<\/td>\n<td>4.2m<sup>3<\/sup><\/td>\n<\/tr>\n<tr>\n<td>peso<\/td>\n<td>480KG<\/td>\n<\/tr>\n<tr>\n<td>sa\u00edda<\/td>\n<td>18000PCS\/HOUR<\/td>\n<\/tr>\n<\/tbody>\n<\/table>","protected":false},"excerpt":{"rendered":"<p>1. M\u00e1quina de embalagem de uso do produto completar\u00e1 a embalagem mais leve do produto. 2. Par\u00e2metros do equipamento Modelo JQ-BZ-01 Tens\u00e3o AC220V Frequ\u00eancia 50Hz POWER 1,8KW PRESS\u00c3O 0,5MP Tamanho 4,2m3 Peso 480kg Sa\u00edda 18000pcs\/hora<\/p>","protected":false},"featured_media":333,"template":"","meta":[],"product_cat":[24],"product_tag":[],"class_list":{"0":"post-331","1":"product","2":"type-product","3":"status-publish","4":"has-post-thumbnail","6":"product_cat-automatic-machine","8":"first","9":"instock","10":"shipping-taxable","11":"product-type-simple"},"_links":{"self":[{"href":"https:\/\/www.lightermakingmachine.com\/pt_br\/wp-json\/wp\/v2\/product\/331","targetHints":{"allow":["GET"]}}],"collection":[{"href":"https:\/\/www.lightermakingmachine.com\/pt_br\/wp-json\/wp\/v2\/product"}],"about":[{"href":"https:\/\/www.lightermakingmachine.com\/pt_br\/wp-json\/wp\/v2\/types\/product"}],"version-history":[{"count":1,"href":"https:\/\/www.lightermakingmachine.com\/pt_br\/wp-json\/wp\/v2\/product\/331\/revisions"}],"predecessor-version":[{"id":1316,"href":"https:\/\/www.lightermakingmachine.com\/pt_br\/wp-json\/wp\/v2\/product\/331\/revisions\/1316"}],"wp:featuredmedia":[{"embeddable":true,"href":"https:\/\/www.lightermakingmachine.com\/pt_br\/wp-json\/wp\/v2\/media\/333"}],"wp:attachment":[{"href":"https:\/\/www.lightermakingmachine.com\/pt_br\/wp-json\/wp\/v2\/media?parent=331"}],"wp:term":[{"taxonomy":"product_cat","embeddable":true,"href":"https:\/\/www.lightermakingmachine.com\/pt_br\/wp-json\/wp\/v2\/product_cat?post=331"},{"taxonomy":"product_tag","embeddable":true,"href":"https:\/\/www.lightermakingmachine.com\/pt_br\/wp-json\/wp\/v2\/product_tag?post=331"}],"curies":[{"name":"wp","href":"https:\/\/api.w.org\/{rel}","templated":true}]}}