{"id":445,"date":"2024-12-11T13:53:49","date_gmt":"2024-12-11T05:53:49","guid":{"rendered":"http:\/\/jiuqi.deepvaluer.cn\/?post_type=product&#038;p=445"},"modified":"2026-04-29T15:30:55","modified_gmt":"2026-04-29T07:30:55","slug":"high-quality-lighter-assembly-press-automatic-cigarette-lighter-making","status":"publish","type":"product","link":"https:\/\/www.lightermakingmachine.com\/pt_br\/product\/high-quality-lighter-assembly-press-automatic-cigarette-lighter-making\/","title":{"rendered":"Conjunto de montagem mais leve de alta qualidade Pressione a fabrica\u00e7\u00e3o de isqueiro autom\u00e1tico"},"content":{"rendered":"<p>Montagem mais leve de alta qualidade Pressione o isqueiro autom\u00e1tico<\/p>\n<table style=\"height: 581px;\" width=\"402\">\n<tbody>\n<tr>\n<td width=\"210\" height=\"10\">Lugar de origem<\/td>\n<td width=\"210\">Zhejiang, China<\/td>\n<\/tr>\n<tr>\n<td>Doen\u00e7a<\/td>\n<td>Novo<\/td>\n<\/tr>\n<tr>\n<td>V\u00eddeo de sa\u00edda de v\u00eddeo<\/td>\n<td>N\u00e3o dispon\u00edvel<\/td>\n<\/tr>\n<tr>\n<td>Relat\u00f3rio de teste de m\u00e1quinas<\/td>\n<td>N\u00e3o dispon\u00edvel<\/td>\n<\/tr>\n<tr>\n<td>Tipo de marketing<\/td>\n<td>Novo produto 2020<\/td>\n<\/tr>\n<tr>\n<td>Garantia de componentes principais<\/td>\n<td>1 ano<\/td>\n<\/tr>\n<tr>\n<td>Componentes principais<\/td>\n<td>Plc<\/td>\n<\/tr>\n<tr>\n<td>Garantia<\/td>\n<td>Indispon\u00edvel<\/td>\n<\/tr>\n<tr>\n<td>Principais pontos de venda<\/td>\n<td>semi-autom\u00e1tico<\/td>\n<\/tr>\n<tr>\n<td>Peso (kg)<\/td>\n<td>95<\/td>\n<\/tr>\n<tr>\n<td>Ind\u00fastrias aplic\u00e1veis<\/td>\n<td>F\u00e1brica<\/td>\n<\/tr>\n<tr>\n<td>Localiza\u00e7\u00e3o do showroom<\/td>\n<td>Egito, Turquia, Vietn\u00e3, Brasil, \u00cdndia, Marrocos<\/td>\n<\/tr>\n<tr>\n<td>Nome da marca<\/td>\n<td>jiUqi<\/td>\n<\/tr>\n<tr>\n<td>Capacidade<\/td>\n<td>10000PCS\/H<\/td>\n<\/tr>\n<tr>\n<td>Press\u00e3o da fonte do ar<\/td>\n<td>0.6mpa<\/td>\n<\/tr>\n<tr>\n<td>Fun\u00e7\u00e3o<\/td>\n<td>M\u00e1quina de soldagem semi-autom\u00e1tica<\/td>\n<\/tr>\n<\/tbody>\n<\/table>","protected":false},"excerpt":{"rendered":"<p>Montagem mais leve de alta qualidade Pressione o cigarro autom\u00e1tico Local mais claro de origem Zhejiang, China Condi\u00e7\u00e3o Novo e inspe\u00e7\u00e3o de sa\u00edda de v\u00eddeo n\u00e3o dispon\u00edvel Relat\u00f3rio de teste de m\u00e1quinas n\u00e3o dispon\u00edvel Tipo de marketing Novo produto 2020 Garantia de componentes principais de 1 ano componentes centrais PLC Garantia Manufatura de Mostra de Ponto de Pontos de Chave e Turveiro (kg) 95 Ind\u00fastrias Aplic\u00e1veis Fabrica\u00e7\u00e3o de fabrica\u00e7\u00e3o Localiza\u00e7\u00e3o da sala [\u2026]<\/p>","protected":false},"featured_media":767,"template":"","meta":[],"product_cat":[24],"product_tag":[],"class_list":{"0":"post-445","1":"product","2":"type-product","3":"status-publish","4":"has-post-thumbnail","6":"product_cat-automatic-machine","8":"first","9":"instock","10":"shipping-taxable","11":"product-type-simple"},"_links":{"self":[{"href":"https:\/\/www.lightermakingmachine.com\/pt_br\/wp-json\/wp\/v2\/product\/445","targetHints":{"allow":["GET"]}}],"collection":[{"href":"https:\/\/www.lightermakingmachine.com\/pt_br\/wp-json\/wp\/v2\/product"}],"about":[{"href":"https:\/\/www.lightermakingmachine.com\/pt_br\/wp-json\/wp\/v2\/types\/product"}],"version-history":[{"count":1,"href":"https:\/\/www.lightermakingmachine.com\/pt_br\/wp-json\/wp\/v2\/product\/445\/revisions"}],"predecessor-version":[{"id":1311,"href":"https:\/\/www.lightermakingmachine.com\/pt_br\/wp-json\/wp\/v2\/product\/445\/revisions\/1311"}],"wp:featuredmedia":[{"embeddable":true,"href":"https:\/\/www.lightermakingmachine.com\/pt_br\/wp-json\/wp\/v2\/media\/767"}],"wp:attachment":[{"href":"https:\/\/www.lightermakingmachine.com\/pt_br\/wp-json\/wp\/v2\/media?parent=445"}],"wp:term":[{"taxonomy":"product_cat","embeddable":true,"href":"https:\/\/www.lightermakingmachine.com\/pt_br\/wp-json\/wp\/v2\/product_cat?post=445"},{"taxonomy":"product_tag","embeddable":true,"href":"https:\/\/www.lightermakingmachine.com\/pt_br\/wp-json\/wp\/v2\/product_tag?post=445"}],"curies":[{"name":"wp","href":"https:\/\/api.w.org\/{rel}","templated":true}]}}