{"id":778,"date":"2024-12-13T14:00:50","date_gmt":"2024-12-13T06:00:50","guid":{"rendered":"http:\/\/jiuqi.deepvaluer.cn\/?post_type=product&#038;p=778"},"modified":"2025-09-16T16:58:46","modified_gmt":"2025-09-16T08:58:46","slug":"label-machine-paper-wrapping-machine","status":"publish","type":"product","link":"https:\/\/www.lightermakingmachine.com\/pt_br\/product\/label-machine-paper-wrapping-machine\/","title":{"rendered":"m\u00e1quina de r\u00f3tulo\/m\u00e1quina de embalagem de papel"},"content":{"rendered":"<p>depois de terminar a inspe\u00e7\u00e3o final dos produtos mais leves, a apar\u00eancia do isqueiro deve ser processada, a mais comum \u00e9 a rotulagem e todo o papel mais leve.<\/p>\n<table width=\"346\">\n<tbody>\n<tr>\n<td width=\"145\">modelo<\/td>\n<td width=\"104\">jq-tb<\/td>\n<td width=\"97\">jq-bz<\/td>\n<\/tr>\n<tr>\n<td>tens\u00e3o<\/td>\n<td>ac220v<\/td>\n<td>ac220v<\/td>\n<\/tr>\n<tr>\n<td>freq\u00fc\u00eancia<\/td>\n<td>50hz<\/td>\n<td>50hz<\/td>\n<\/tr>\n<tr>\n<td>poder<\/td>\n<td>4.8KW<\/td>\n<td>5.6KW<\/td>\n<\/tr>\n<tr>\n<td>press\u00e3o<\/td>\n<td>0,6mp<\/td>\n<td>0,6mp<\/td>\n<\/tr>\n<tr>\n<td>tamanho<\/td>\n<td>1,5m\u00b3<\/td>\n<td>1m\u00b3<\/td>\n<\/tr>\n<tr>\n<td>peso<\/td>\n<td>167KG<\/td>\n<td>206KG<\/td>\n<\/tr>\n<tr>\n<td>sa\u00edda<\/td>\n<td>12000pcs\/hora<\/td>\n<td>8000pcs\/hora<\/td>\n<\/tr>\n<\/tbody>\n<\/table>","protected":false},"excerpt":{"rendered":"<p>depois de terminar a inspe\u00e7\u00e3o final dos produtos mais leves, a apar\u00eancia do isqueiro deve ser processada, a mais comum \u00e9 a rotulagem e todo o papel mais leve. modelo jq-tb jq-bz tens\u00e3o ac220v ac220v frequ\u00eancia 50hz 50hz power 4,8kw 5,6kw press\u00e3o 0,6mp 0,6mp tamanho 1,5m\u00b3 1m\u00b3 peso 167kg 206kg sa\u00edda 12000pcs\/hora 8000pcs\/hora<\/p>","protected":false},"featured_media":779,"template":"","meta":[],"product_cat":[24],"product_tag":[],"class_list":{"0":"post-778","1":"product","2":"type-product","3":"status-publish","4":"has-post-thumbnail","6":"product_cat-automatic-machine","8":"first","9":"instock","10":"shipping-taxable","11":"product-type-simple"},"_links":{"self":[{"href":"https:\/\/www.lightermakingmachine.com\/pt_br\/wp-json\/wp\/v2\/product\/778","targetHints":{"allow":["GET"]}}],"collection":[{"href":"https:\/\/www.lightermakingmachine.com\/pt_br\/wp-json\/wp\/v2\/product"}],"about":[{"href":"https:\/\/www.lightermakingmachine.com\/pt_br\/wp-json\/wp\/v2\/types\/product"}],"version-history":[{"count":1,"href":"https:\/\/www.lightermakingmachine.com\/pt_br\/wp-json\/wp\/v2\/product\/778\/revisions"}],"predecessor-version":[{"id":1308,"href":"https:\/\/www.lightermakingmachine.com\/pt_br\/wp-json\/wp\/v2\/product\/778\/revisions\/1308"}],"wp:featuredmedia":[{"embeddable":true,"href":"https:\/\/www.lightermakingmachine.com\/pt_br\/wp-json\/wp\/v2\/media\/779"}],"wp:attachment":[{"href":"https:\/\/www.lightermakingmachine.com\/pt_br\/wp-json\/wp\/v2\/media?parent=778"}],"wp:term":[{"taxonomy":"product_cat","embeddable":true,"href":"https:\/\/www.lightermakingmachine.com\/pt_br\/wp-json\/wp\/v2\/product_cat?post=778"},{"taxonomy":"product_tag","embeddable":true,"href":"https:\/\/www.lightermakingmachine.com\/pt_br\/wp-json\/wp\/v2\/product_tag?post=778"}],"curies":[{"name":"wp","href":"https:\/\/api.w.org\/{rel}","templated":true}]}}