{"id":791,"date":"2024-12-13T14:50:49","date_gmt":"2024-12-13T06:50:49","guid":{"rendered":"http:\/\/jiuqi.deepvaluer.cn\/?post_type=product&#038;p=791"},"modified":"2026-04-29T15:30:52","modified_gmt":"2026-04-29T07:30:52","slug":"printing-machine","status":"publish","type":"product","link":"https:\/\/www.lightermakingmachine.com\/pt_br\/product\/printing-machine\/","title":{"rendered":"M\u00e1quina de impress\u00e3o"},"content":{"rendered":"<p>O isqueiro entra no dispositivo, e a fonte que precisa ser impressa \u00e9 impressa no isqueiro, que pode ser impresso nos dois lados e em uma variedade de cores. Um de cada vez, m\u00faltiplo de cada vez, com alta efici\u00eancia, simplicidade e aspectos das caracter\u00edsticas.<\/p>\n<table width=\"249\">\n<tbody>\n<tr>\n<td width=\"145\">modelo<\/td>\n<td width=\"104\">JQ-YZ-01<\/td>\n<\/tr>\n<tr>\n<td>tens\u00e3o<\/td>\n<td>ac220v<\/td>\n<\/tr>\n<tr>\n<td>freq\u00fc\u00eancia<\/td>\n<td>50hz<\/td>\n<\/tr>\n<tr>\n<td>poder<\/td>\n<td>0.3KW<\/td>\n<\/tr>\n<tr>\n<td>press\u00e3o<\/td>\n<td>0,6mp<\/td>\n<\/tr>\n<tr>\n<td>tamanho<\/td>\n<td>1,04m\u00b3<\/td>\n<\/tr>\n<tr>\n<td>peso<\/td>\n<td>200KG<\/td>\n<\/tr>\n<tr>\n<td>sa\u00edda<\/td>\n<td>12000pcs\/hora<\/td>\n<\/tr>\n<\/tbody>\n<\/table>","protected":false},"excerpt":{"rendered":"<p>O isqueiro entra no dispositivo, e a fonte que precisa ser impressa \u00e9 impressa no isqueiro, que pode ser impresso nos dois lados e em uma variedade de cores. Um de cada vez, m\u00faltiplo de cada vez, com alta efici\u00eancia, simplicidade e aspectos das caracter\u00edsticas. Modelo JQ-YZ-01 Tens\u00e3o AC220V Frequ\u00eancia 50Hz [\u2026]<\/p>","protected":false},"featured_media":792,"template":"","meta":[],"product_cat":[24],"product_tag":[],"class_list":{"0":"post-791","1":"product","2":"type-product","3":"status-publish","4":"has-post-thumbnail","6":"product_cat-automatic-machine","8":"first","9":"instock","10":"shipping-taxable","11":"product-type-simple"},"_links":{"self":[{"href":"https:\/\/www.lightermakingmachine.com\/pt_br\/wp-json\/wp\/v2\/product\/791","targetHints":{"allow":["GET"]}}],"collection":[{"href":"https:\/\/www.lightermakingmachine.com\/pt_br\/wp-json\/wp\/v2\/product"}],"about":[{"href":"https:\/\/www.lightermakingmachine.com\/pt_br\/wp-json\/wp\/v2\/types\/product"}],"version-history":[{"count":1,"href":"https:\/\/www.lightermakingmachine.com\/pt_br\/wp-json\/wp\/v2\/product\/791\/revisions"}],"predecessor-version":[{"id":1305,"href":"https:\/\/www.lightermakingmachine.com\/pt_br\/wp-json\/wp\/v2\/product\/791\/revisions\/1305"}],"wp:featuredmedia":[{"embeddable":true,"href":"https:\/\/www.lightermakingmachine.com\/pt_br\/wp-json\/wp\/v2\/media\/792"}],"wp:attachment":[{"href":"https:\/\/www.lightermakingmachine.com\/pt_br\/wp-json\/wp\/v2\/media?parent=791"}],"wp:term":[{"taxonomy":"product_cat","embeddable":true,"href":"https:\/\/www.lightermakingmachine.com\/pt_br\/wp-json\/wp\/v2\/product_cat?post=791"},{"taxonomy":"product_tag","embeddable":true,"href":"https:\/\/www.lightermakingmachine.com\/pt_br\/wp-json\/wp\/v2\/product_tag?post=791"}],"curies":[{"name":"wp","href":"https:\/\/api.w.org\/{rel}","templated":true}]}}