{"id":321,"date":"2024-12-09T17:03:08","date_gmt":"2024-12-09T09:03:08","guid":{"rendered":"http:\/\/jiuqi.deepvaluer.cn\/?post_type=product&#038;p=321"},"modified":"2025-09-16T17:07:19","modified_gmt":"2025-09-16T09:07:19","slug":"gas-filling-machine","status":"publish","type":"product","link":"https:\/\/www.lightermakingmachine.com\/tr_tr\/product\/gas-filling-machine\/","title":{"rendered":"Gaz Doldurma Makinesi"},"content":{"rendered":"<p>ana parametre ana parametre<\/p>\n<p>doldurma pozisyonunun \u00fcst\u00fcnde dolgu pozisyonu<\/p>\n<p>nicel silindirler 5 adet ile kantitatif silindirlerdir<\/p>\n<p>kafan\u0131n doldurulmas\u0131 5 pc<\/p>\n<p>otomasyon derecesi tam otomasyon. otomasyon derecesi tam otomasyon<\/p>\n<p>\u00fcretim kapasitesi 8000-1000 pc\/saat<\/p>\n<p>dolgu miktar kapsam\u0131 2-7ml (\u00f6zel spesifikasyon \u00f6zelle\u015ftirilebilir) dolgu miktar\u0131 kapsam\u0131 2-7ml (\u00f6zel spesifikasyon \u00f6zelle\u015ftirilebilir)<\/p>\n<p>15*28*86 mm boyutlar\u0131 i\u00e7inde daha hafif boyut i\u00e7in uygulama. 15*28*86 mm boyutlar\u0131 i\u00e7indeki daha hafif boyut i\u00e7in uygulama<\/p>\n<p>hava kaynak bas\u0131nc\u0131 0.5-0.6mpa hava kaynak bas\u0131nc\u0131<\/p>\n<p>t\u00fcketim hava kayna\u011f\u0131 0.03 cbm\/dakika<\/p>\n<p>ekipman\u0131n anahat boyutlar\u0131 120cm*160cm'dir<\/p>","protected":false},"excerpt":{"rendered":"<p>\u00e7ak\u0131\u015flar\u0131n \u00fcretiminin miktar talebini kar\u015f\u0131lamak i\u00e7in, kendi bu explosion kan\u0131t\u0131, tamamen pn\u00f6matik, tam otomatik ekipman\u0131m\u0131za g\u00f6re geli\u015ftirme ve tasar\u0131m\u0131m\u0131z var.<\/p>","protected":false},"featured_media":738,"template":"","meta":[],"product_cat":[24],"product_tag":[],"class_list":{"0":"post-321","1":"product","2":"type-product","3":"status-publish","4":"has-post-thumbnail","6":"product_cat-automatic-machine","8":"first","9":"instock","10":"shipping-taxable","11":"product-type-simple"},"_links":{"self":[{"href":"https:\/\/www.lightermakingmachine.com\/tr_tr\/wp-json\/wp\/v2\/product\/321","targetHints":{"allow":["GET"]}}],"collection":[{"href":"https:\/\/www.lightermakingmachine.com\/tr_tr\/wp-json\/wp\/v2\/product"}],"about":[{"href":"https:\/\/www.lightermakingmachine.com\/tr_tr\/wp-json\/wp\/v2\/types\/product"}],"version-history":[{"count":2,"href":"https:\/\/www.lightermakingmachine.com\/tr_tr\/wp-json\/wp\/v2\/product\/321\/revisions"}],"predecessor-version":[{"id":1318,"href":"https:\/\/www.lightermakingmachine.com\/tr_tr\/wp-json\/wp\/v2\/product\/321\/revisions\/1318"}],"wp:featuredmedia":[{"embeddable":true,"href":"https:\/\/www.lightermakingmachine.com\/tr_tr\/wp-json\/wp\/v2\/media\/738"}],"wp:attachment":[{"href":"https:\/\/www.lightermakingmachine.com\/tr_tr\/wp-json\/wp\/v2\/media?parent=321"}],"wp:term":[{"taxonomy":"product_cat","embeddable":true,"href":"https:\/\/www.lightermakingmachine.com\/tr_tr\/wp-json\/wp\/v2\/product_cat?post=321"},{"taxonomy":"product_tag","embeddable":true,"href":"https:\/\/www.lightermakingmachine.com\/tr_tr\/wp-json\/wp\/v2\/product_tag?post=321"}],"curies":[{"name":"wp","href":"https:\/\/api.w.org\/{rel}","templated":true}]}}