{"id":326,"date":"2024-12-09T17:49:46","date_gmt":"2024-12-09T09:49:46","guid":{"rendered":"http:\/\/jiuqi.deepvaluer.cn\/?post_type=product&#038;p=326"},"modified":"2025-09-16T17:06:39","modified_gmt":"2025-09-16T09:06:39","slug":"flame-adjust-machine","status":"publish","type":"product","link":"https:\/\/www.lightermakingmachine.com\/tr_tr\/product\/flame-adjust-machine\/","title":{"rendered":"Alev Ayar Makinesi"},"content":{"rendered":"<p>Marka:<\/p>\n<p>Jiuqi teknolojisi<\/p>\n<p>Model numaras\u0131:<\/p>\n<p>D-JQ-THJ-6<\/p>\n<p>Madde No. (Makale Numaras\u0131):<\/p>\n<p>L\u00fctfen m\u00fc\u015fteri hizmetlerine dan\u0131\u015f\u0131n<\/p>\n<p>\u00dcr\u00fcn takma ad\u0131:<\/p>\n<p>Daha hafif ekipman<\/p>\n<p>kullanmak:<\/p>\n<p>Daha hafif ayarlama<\/p>\n<p>Uygulanabilir end\u00fcstri:<\/p>\n<p>Fabrika<\/p>\n<p>\u00dcr\u00fcn kullan\u0131m\u0131:<\/p>\n<p>\u00c7akma\u011f\u0131n alevini ayarlay\u0131n<\/p>\n<p>spesifikasyon:<\/p>\n<p>105 * 100 * 170<\/p>\n<p>S\u0131n\u0131r \u00f6tesi ihracat\u0131n bir mal kayna\u011f\u0131 olup olmad\u0131\u011f\u0131:<\/p>\n<p>HAYIR<\/p>","protected":false},"excerpt":{"rendered":"<p>Otomatik alev ayar\u0131<\/p>","protected":false},"featured_media":328,"template":"","meta":[],"product_cat":[24],"product_tag":[],"class_list":{"0":"post-326","1":"product","2":"type-product","3":"status-publish","4":"has-post-thumbnail","6":"product_cat-automatic-machine","8":"first","9":"instock","10":"shipping-taxable","11":"product-type-simple"},"_links":{"self":[{"href":"https:\/\/www.lightermakingmachine.com\/tr_tr\/wp-json\/wp\/v2\/product\/326","targetHints":{"allow":["GET"]}}],"collection":[{"href":"https:\/\/www.lightermakingmachine.com\/tr_tr\/wp-json\/wp\/v2\/product"}],"about":[{"href":"https:\/\/www.lightermakingmachine.com\/tr_tr\/wp-json\/wp\/v2\/types\/product"}],"version-history":[{"count":1,"href":"https:\/\/www.lightermakingmachine.com\/tr_tr\/wp-json\/wp\/v2\/product\/326\/revisions"}],"predecessor-version":[{"id":1317,"href":"https:\/\/www.lightermakingmachine.com\/tr_tr\/wp-json\/wp\/v2\/product\/326\/revisions\/1317"}],"wp:featuredmedia":[{"embeddable":true,"href":"https:\/\/www.lightermakingmachine.com\/tr_tr\/wp-json\/wp\/v2\/media\/328"}],"wp:attachment":[{"href":"https:\/\/www.lightermakingmachine.com\/tr_tr\/wp-json\/wp\/v2\/media?parent=326"}],"wp:term":[{"taxonomy":"product_cat","embeddable":true,"href":"https:\/\/www.lightermakingmachine.com\/tr_tr\/wp-json\/wp\/v2\/product_cat?post=326"},{"taxonomy":"product_tag","embeddable":true,"href":"https:\/\/www.lightermakingmachine.com\/tr_tr\/wp-json\/wp\/v2\/product_tag?post=326"}],"curies":[{"name":"wp","href":"https:\/\/api.w.org\/{rel}","templated":true}]}}