{"id":331,"date":"2024-12-10T09:23:36","date_gmt":"2024-12-10T01:23:36","guid":{"rendered":"http:\/\/jiuqi.deepvaluer.cn\/?post_type=product&#038;p=331"},"modified":"2025-09-16T17:05:53","modified_gmt":"2025-09-16T09:05:53","slug":"packing-machine","status":"publish","type":"product","link":"https:\/\/www.lightermakingmachine.com\/tr_tr\/product\/packing-machine\/","title":{"rendered":"Ambalaj makinesi"},"content":{"rendered":"<p>1. \u00dcr\u00fcn kullan\u0131m\u0131<br \/>\nPaketleme makinesi daha hafif \u00fcr\u00fcn ambalaj\u0131n\u0131 tamamlayacakt\u0131r \uff0c Pritektif, g\u00fczel rol oynay\u0131n.<br \/>\n2. Ekipman parametreleri<\/p>\n<table style=\"height: 232px;\" width=\"190\">\n<tbody>\n<tr>\n<td width=\"68\">model<\/td>\n<td width=\"119\">JQ-BZ-01<\/td>\n<\/tr>\n<tr>\n<td>Gerilim<\/td>\n<td>AC220V<\/td>\n<\/tr>\n<tr>\n<td>s\u0131kl\u0131k<\/td>\n<td>50HZ<\/td>\n<\/tr>\n<tr>\n<td>g\u00fc\u00e7<\/td>\n<td>1.8KW<\/td>\n<\/tr>\n<tr>\n<td>bas\u0131n\u00e7<\/td>\n<td>0.5MP<\/td>\n<\/tr>\n<tr>\n<td>boyut<\/td>\n<td>4.2m<sup>3<\/sup><\/td>\n<\/tr>\n<tr>\n<td>a\u011f\u0131rl\u0131k<\/td>\n<td>480KG<\/td>\n<\/tr>\n<tr>\n<td>\u00e7\u0131kt\u0131<\/td>\n<td>18000PCS\/HOUR<\/td>\n<\/tr>\n<\/tbody>\n<\/table>","protected":false},"excerpt":{"rendered":"<p>1. \u00dcr\u00fcn kullan\u0131m paketleme makinesi daha hafif \u00fcr\u00fcn ambalaj\u0131n\u0131 tamamlayacakt\u0131r \uff0c Pritektif, g\u00fczel rol oynay\u0131n. 2. Ekipman Parametreleri Modeli JQ-BZ-01 Voltaj AC220V Frekans 50Hz G\u00fc\u00e7 1.8kW Bas\u0131n\u00e7 0.5MP Boyutu 4.2m3 A\u011f\u0131rl\u0131k 480kg \u00c7\u0131kt\u0131 18000 PCS\/Saat<\/p>","protected":false},"featured_media":333,"template":"","meta":[],"product_cat":[24],"product_tag":[],"class_list":{"0":"post-331","1":"product","2":"type-product","3":"status-publish","4":"has-post-thumbnail","6":"product_cat-automatic-machine","8":"first","9":"instock","10":"shipping-taxable","11":"product-type-simple"},"_links":{"self":[{"href":"https:\/\/www.lightermakingmachine.com\/tr_tr\/wp-json\/wp\/v2\/product\/331","targetHints":{"allow":["GET"]}}],"collection":[{"href":"https:\/\/www.lightermakingmachine.com\/tr_tr\/wp-json\/wp\/v2\/product"}],"about":[{"href":"https:\/\/www.lightermakingmachine.com\/tr_tr\/wp-json\/wp\/v2\/types\/product"}],"version-history":[{"count":1,"href":"https:\/\/www.lightermakingmachine.com\/tr_tr\/wp-json\/wp\/v2\/product\/331\/revisions"}],"predecessor-version":[{"id":1316,"href":"https:\/\/www.lightermakingmachine.com\/tr_tr\/wp-json\/wp\/v2\/product\/331\/revisions\/1316"}],"wp:featuredmedia":[{"embeddable":true,"href":"https:\/\/www.lightermakingmachine.com\/tr_tr\/wp-json\/wp\/v2\/media\/333"}],"wp:attachment":[{"href":"https:\/\/www.lightermakingmachine.com\/tr_tr\/wp-json\/wp\/v2\/media?parent=331"}],"wp:term":[{"taxonomy":"product_cat","embeddable":true,"href":"https:\/\/www.lightermakingmachine.com\/tr_tr\/wp-json\/wp\/v2\/product_cat?post=331"},{"taxonomy":"product_tag","embeddable":true,"href":"https:\/\/www.lightermakingmachine.com\/tr_tr\/wp-json\/wp\/v2\/product_tag?post=331"}],"curies":[{"name":"wp","href":"https:\/\/api.w.org\/{rel}","templated":true}]}}