{"id":445,"date":"2024-12-11T13:53:49","date_gmt":"2024-12-11T05:53:49","guid":{"rendered":"http:\/\/jiuqi.deepvaluer.cn\/?post_type=product&#038;p=445"},"modified":"2025-09-16T17:01:41","modified_gmt":"2025-09-16T09:01:41","slug":"high-quality-lighter-assembly-press-automatic-cigarette-lighter-making","status":"publish","type":"product","link":"https:\/\/www.lightermakingmachine.com\/tr_tr\/product\/high-quality-lighter-assembly-press-automatic-cigarette-lighter-making\/","title":{"rendered":"y\u00fcksek kaliteli daha hafif montaj bas\u0131n otomatik \u00e7akmak yap\u0131m\u0131"},"content":{"rendered":"<p>y\u00fcksek kaliteli daha hafif montaj pres otomatik \u00e7akmak<\/p>\n<table style=\"height: 581px;\" width=\"402\">\n<tbody>\n<tr>\n<td width=\"210\" height=\"10\">men\u015fe yeri<\/td>\n<td width=\"210\">zhejiang, \u00e7in<\/td>\n<\/tr>\n<tr>\n<td>durum<\/td>\n<td>yeni<\/td>\n<\/tr>\n<tr>\n<td>video giden mekan<\/td>\n<td>m\u00fcsait de\u011fil<\/td>\n<\/tr>\n<tr>\n<td>makine testi raporu<\/td>\n<td>m\u00fcsait de\u011fil<\/td>\n<\/tr>\n<tr>\n<td>pazarlama t\u00fcr\u00fc<\/td>\n<td>yeni \u00fcr\u00fcn 2020<\/td>\n<\/tr>\n<tr>\n<td>\u00e7ekirdek bile\u015fenlerin garantisi<\/td>\n<td>1 y\u0131l<\/td>\n<\/tr>\n<tr>\n<td>\u00e7ekirdek bile\u015fenler<\/td>\n<td>plc<\/td>\n<\/tr>\n<tr>\n<td>garanti<\/td>\n<td>m\u00fcsait olmayan<\/td>\n<\/tr>\n<tr>\n<td>anahtar sat\u0131\u015f noktalar\u0131<\/td>\n<td>yar\u0131 otomatik<\/td>\n<\/tr>\n<tr>\n<td>a\u011f\u0131rl\u0131k (kg)<\/td>\n<td>95<\/td>\n<\/tr>\n<tr>\n<td>uygulanabilir end\u00fcstriler<\/td>\n<td>i\u0307malat tesisi<\/td>\n<\/tr>\n<tr>\n<td>showroom konumu<\/td>\n<td>m\u0131s\u0131r, t\u00fcrkiye, viet nam, brezilya, hindistan, fas<\/td>\n<\/tr>\n<tr>\n<td>marka<\/td>\n<td>jiuqi<\/td>\n<\/tr>\n<tr>\n<td>kapasite<\/td>\n<td>10000pcs\/s<\/td>\n<\/tr>\n<tr>\n<td>hava kaynakl\u0131 bas\u0131n\u00e7<\/td>\n<td>0.6mpa<\/td>\n<\/tr>\n<tr>\n<td>\u0130\u015flev<\/td>\n<td>yar\u0131 otomatik kaynak makinesi<\/td>\n<\/tr>\n<\/tbody>\n<\/table>","protected":false},"excerpt":{"rendered":"<p>y\u00fcksek kaliteli daha hafif montaj pres otomatik \u00e7akmak men\u015fe yeri zhejiang, \u00e7in ko\u015fullar\u0131 yeni video giden-inspection mevcut de\u011fil makine test raporu mevcut de\u011fil yeni \u00fcr\u00fcn 2020 \u00e7ekirdek bile\u015fenler 1 y\u0131l \u00e7ekirdek bile\u015fenler plc garanti yar\u0131 a\u011f\u0131rl\u0131k (kg) 95 uygulanabilir end\u00fcstriyel \u00fcretim imalat imalat\u00e7\u0131s\u0131 (kg).<\/p>","protected":false},"featured_media":767,"template":"","meta":[],"product_cat":[24],"product_tag":[],"class_list":{"0":"post-445","1":"product","2":"type-product","3":"status-publish","4":"has-post-thumbnail","6":"product_cat-automatic-machine","8":"first","9":"instock","10":"shipping-taxable","11":"product-type-simple"},"_links":{"self":[{"href":"https:\/\/www.lightermakingmachine.com\/tr_tr\/wp-json\/wp\/v2\/product\/445","targetHints":{"allow":["GET"]}}],"collection":[{"href":"https:\/\/www.lightermakingmachine.com\/tr_tr\/wp-json\/wp\/v2\/product"}],"about":[{"href":"https:\/\/www.lightermakingmachine.com\/tr_tr\/wp-json\/wp\/v2\/types\/product"}],"version-history":[{"count":1,"href":"https:\/\/www.lightermakingmachine.com\/tr_tr\/wp-json\/wp\/v2\/product\/445\/revisions"}],"predecessor-version":[{"id":1311,"href":"https:\/\/www.lightermakingmachine.com\/tr_tr\/wp-json\/wp\/v2\/product\/445\/revisions\/1311"}],"wp:featuredmedia":[{"embeddable":true,"href":"https:\/\/www.lightermakingmachine.com\/tr_tr\/wp-json\/wp\/v2\/media\/767"}],"wp:attachment":[{"href":"https:\/\/www.lightermakingmachine.com\/tr_tr\/wp-json\/wp\/v2\/media?parent=445"}],"wp:term":[{"taxonomy":"product_cat","embeddable":true,"href":"https:\/\/www.lightermakingmachine.com\/tr_tr\/wp-json\/wp\/v2\/product_cat?post=445"},{"taxonomy":"product_tag","embeddable":true,"href":"https:\/\/www.lightermakingmachine.com\/tr_tr\/wp-json\/wp\/v2\/product_tag?post=445"}],"curies":[{"name":"wp","href":"https:\/\/api.w.org\/{rel}","templated":true}]}}