{"id":452,"date":"2024-12-11T14:36:06","date_gmt":"2024-12-11T06:36:06","guid":{"rendered":"http:\/\/jiuqi.deepvaluer.cn\/?post_type=product&#038;p=452"},"modified":"2025-09-16T17:00:50","modified_gmt":"2025-09-16T09:00:50","slug":"swing-machine-for-lighter-making-machine","status":"publish","type":"product","link":"https:\/\/www.lightermakingmachine.com\/tr_tr\/product\/swing-machine-for-lighter-making-machine\/","title":{"rendered":"Daha hafif yap\u0131m makinesi i\u00e7in sal\u0131ncak makinesi"},"content":{"rendered":"<p>y\u00fcksek \u00fcretim kapasitesi: bu yar\u0131 otomatik gaz \u00e7akmak yap\u0131m makinesi, saatte 10.000 adet etkileyici bir \u00fcretim kapasitesine sahiptir ve bu da onu b\u00fcy\u00fck \u00f6l\u00e7ekli \u00fcretim operasyonlar\u0131 i\u00e7in ideal bir se\u00e7imdir.<\/p>\n<p>kompakt ve verimli tasar\u0131m: 1300x800x900mm boyutlar\u0131nda, bu makine y\u00fcksek d\u00fczeyde verimlilik korurken alan\u0131 en \u00fcst d\u00fczeye \u00e7\u0131karmak i\u00e7in tasarlanm\u0131\u015ft\u0131r.<\/p>\n<p>kolay \u00e7al\u0131\u015fma: swing makinesi mekanizmas\u0131, i\u015fg\u00fcc\u00fc maliyetlerini azaltarak ve \u00fcretkenli\u011fi art\u0131rarak sorunsuz ve kolay \u00e7al\u0131\u015fma sa\u011flar.<\/p>\n<p>marka g\u00fcvenilirli\u011fi: sayg\u0131n bir marka olan jiuqi taraf\u0131ndan \u00fcretilen bu makine, s\u00fcrecek \u015fekilde \u00fcretilmi\u015ftir ve tutarl\u0131 performans sa\u011flar.<\/p>\n<p><strong>sekt\u00f6re \u00f6zg\u00fc \u00f6zellikler<\/strong><\/p>\n<table width=\"209\">\n<tbody>\n<tr>\n<td width=\"141\">makine kapasitesi<\/td>\n<td width=\"68\">100pcs\/saat<\/td>\n<\/tr>\n<\/tbody>\n<\/table>\n<p><strong>di\u011fer \u00f6zellikler<\/strong><\/p>\n<table width=\"209\">\n<tbody>\n<tr>\n<td width=\"141\">A\u011f\u0131rl\u0131k<\/td>\n<td width=\"68\">55 kg<\/td>\n<\/tr>\n<tr>\n<td>otomatik s\u0131n\u0131f<\/td>\n<td>yar\u0131 otomatik<\/td>\n<\/tr>\n<tr>\n<td>anahtar makineler<\/td>\n<td>sal\u0131ncak makinesi<\/td>\n<\/tr>\n<tr>\n<td>durum<\/td>\n<td>yeni<\/td>\n<\/tr>\n<tr>\n<td>marka<\/td>\n<td>jiuqi<\/td>\n<\/tr>\n<tr>\n<td>boyut (l*w*h)<\/td>\n<td>1300*800*900mm<\/td>\n<\/tr>\n<tr>\n<td>men\u015fe yeri<\/td>\n<td>zhejiang, \u00e7in<\/td>\n<\/tr>\n<tr>\n<td>otomasyon derecesi<\/td>\n<td>yar\u0131 otomatik<\/td>\n<\/tr>\n<tr>\n<td>daha hafif boyut i\u00e7in uygulama<\/td>\n<td>1300*800*900mm<\/td>\n<\/tr>\n<tr>\n<td>kapasite<\/td>\n<td>10000pcs\/s<\/td>\n<\/tr>\n<\/tbody>\n<\/table>","protected":false},"excerpt":{"rendered":"<p>y\u00fcksek \u00fcretim kapasitesi: bu yar\u0131 otomatik gaz \u00e7akmak yap\u0131m makinesi, saatte 10.000 adet etkileyici bir \u00fcretim kapasitesine sahiptir ve bu da onu b\u00fcy\u00fck \u00f6l\u00e7ekli \u00fcretim operasyonlar\u0131 i\u00e7in ideal bir se\u00e7imdir. kompakt ve verimli tasar\u0131m: 1300x800x900mm boyutlar\u0131nda, bu makine y\u00fcksek d\u00fczeyde verimlilik korurken alan\u0131 en \u00fcst d\u00fczeye \u00e7\u0131karmak i\u00e7in tasarlanm\u0131\u015ft\u0131r. kolay \u00e7al\u0131\u015fma: the swing [\u2026]<\/p>","protected":false},"featured_media":789,"template":"","meta":[],"product_cat":[24],"product_tag":[],"class_list":{"0":"post-452","1":"product","2":"type-product","3":"status-publish","4":"has-post-thumbnail","6":"product_cat-automatic-machine","8":"first","9":"instock","10":"shipping-taxable","11":"product-type-simple"},"_links":{"self":[{"href":"https:\/\/www.lightermakingmachine.com\/tr_tr\/wp-json\/wp\/v2\/product\/452","targetHints":{"allow":["GET"]}}],"collection":[{"href":"https:\/\/www.lightermakingmachine.com\/tr_tr\/wp-json\/wp\/v2\/product"}],"about":[{"href":"https:\/\/www.lightermakingmachine.com\/tr_tr\/wp-json\/wp\/v2\/types\/product"}],"version-history":[{"count":2,"href":"https:\/\/www.lightermakingmachine.com\/tr_tr\/wp-json\/wp\/v2\/product\/452\/revisions"}],"predecessor-version":[{"id":1310,"href":"https:\/\/www.lightermakingmachine.com\/tr_tr\/wp-json\/wp\/v2\/product\/452\/revisions\/1310"}],"wp:featuredmedia":[{"embeddable":true,"href":"https:\/\/www.lightermakingmachine.com\/tr_tr\/wp-json\/wp\/v2\/media\/789"}],"wp:attachment":[{"href":"https:\/\/www.lightermakingmachine.com\/tr_tr\/wp-json\/wp\/v2\/media?parent=452"}],"wp:term":[{"taxonomy":"product_cat","embeddable":true,"href":"https:\/\/www.lightermakingmachine.com\/tr_tr\/wp-json\/wp\/v2\/product_cat?post=452"},{"taxonomy":"product_tag","embeddable":true,"href":"https:\/\/www.lightermakingmachine.com\/tr_tr\/wp-json\/wp\/v2\/product_tag?post=452"}],"curies":[{"name":"wp","href":"https:\/\/api.w.org\/{rel}","templated":true}]}}