{"id":776,"date":"2024-12-13T13:46:49","date_gmt":"2024-12-13T05:46:49","guid":{"rendered":"http:\/\/jiuqi.deepvaluer.cn\/?post_type=product&#038;p=776"},"modified":"2025-09-16T16:59:15","modified_gmt":"2025-09-16T08:59:15","slug":"jq-gz-3vcp-three-in-onesemi-automatic-aerosol-filling-machine","status":"publish","type":"product","link":"https:\/\/www.lightermakingmachine.com\/tr_tr\/product\/jq-gz-3vcp-three-in-onesemi-automatic-aerosol-filling-machine\/","title":{"rendered":"JQ-GZ-3VCP (\u00fc\u00e7te bir) yar\u0131 otomatik aerosol dolum makinesi"},"content":{"rendered":"<p>Semi-automatic vacuum machine,semi-automatic aerosol valve crimper and semi-automatic gas filling machine are installed on a working platform. Only one person operates the foot valve and can complete all actions at one time. Fast speed, high precision, good stability, saving time and effort, is the ideal choice for small and medium-sized aerosol manufacturers. The machine is mainly used for built-in-oven gas can filling.<\/p>\n<table width=\"213\">\n<tbody>\n<tr>\n<td width=\"145\">model<\/td>\n<td width=\"68\">JQ-GZ-3VCP<\/td>\n<\/tr>\n<tr>\n<td>capacity<\/td>\n<td>500ML<\/td>\n<\/tr>\n<tr>\n<td>applicable valve<\/td>\n<td>50HZ<\/td>\n<\/tr>\n<tr>\n<td>applicable height<\/td>\n<td>80-400MM<\/td>\n<\/tr>\n<tr>\n<td>bas\u0131n\u00e7<\/td>\n<td>0.4-0.65MP<\/td>\n<\/tr>\n<tr>\n<td>gas consumption<\/td>\n<td>\u22641.2m\u00b3<\/td>\n<\/tr>\n<tr>\n<td>Diameter<\/td>\n<td>45-65MM<\/td>\n<\/tr>\n<tr>\n<td>\u00e7\u0131kt\u0131<\/td>\n<td>800PCS\/HOUR<\/td>\n<\/tr>\n<\/tbody>\n<\/table>","protected":false},"excerpt":{"rendered":"<p>Semi-automatic vacuum machine,semi-automatic aerosol valve crimper and semi-automatic gas filling machine are installed on a working platform. Only one person operates the foot valve and can complete all actions at one time. Fast speed, high precision, good stability, saving time and effort, is the ideal choice for small and medium-sized aerosol manufacturers. The machine is [\u2026]<\/p>","protected":false},"featured_media":777,"template":"","meta":[],"product_cat":[25],"product_tag":[],"class_list":{"0":"post-776","1":"product","2":"type-product","3":"status-publish","4":"has-post-thumbnail","6":"product_cat-semi-automatic-machine","8":"first","9":"instock","10":"shipping-taxable","11":"product-type-simple"},"_links":{"self":[{"href":"https:\/\/www.lightermakingmachine.com\/tr_tr\/wp-json\/wp\/v2\/product\/776","targetHints":{"allow":["GET"]}}],"collection":[{"href":"https:\/\/www.lightermakingmachine.com\/tr_tr\/wp-json\/wp\/v2\/product"}],"about":[{"href":"https:\/\/www.lightermakingmachine.com\/tr_tr\/wp-json\/wp\/v2\/types\/product"}],"version-history":[{"count":1,"href":"https:\/\/www.lightermakingmachine.com\/tr_tr\/wp-json\/wp\/v2\/product\/776\/revisions"}],"predecessor-version":[{"id":1309,"href":"https:\/\/www.lightermakingmachine.com\/tr_tr\/wp-json\/wp\/v2\/product\/776\/revisions\/1309"}],"wp:featuredmedia":[{"embeddable":true,"href":"https:\/\/www.lightermakingmachine.com\/tr_tr\/wp-json\/wp\/v2\/media\/777"}],"wp:attachment":[{"href":"https:\/\/www.lightermakingmachine.com\/tr_tr\/wp-json\/wp\/v2\/media?parent=776"}],"wp:term":[{"taxonomy":"product_cat","embeddable":true,"href":"https:\/\/www.lightermakingmachine.com\/tr_tr\/wp-json\/wp\/v2\/product_cat?post=776"},{"taxonomy":"product_tag","embeddable":true,"href":"https:\/\/www.lightermakingmachine.com\/tr_tr\/wp-json\/wp\/v2\/product_tag?post=776"}],"curies":[{"name":"wp","href":"https:\/\/api.w.org\/{rel}","templated":true}]}}