{"id":778,"date":"2024-12-13T14:00:50","date_gmt":"2024-12-13T06:00:50","guid":{"rendered":"http:\/\/jiuqi.deepvaluer.cn\/?post_type=product&#038;p=778"},"modified":"2025-09-16T16:58:46","modified_gmt":"2025-09-16T08:58:46","slug":"label-machine-paper-wrapping-machine","status":"publish","type":"product","link":"https:\/\/www.lightermakingmachine.com\/tr_tr\/product\/label-machine-paper-wrapping-machine\/","title":{"rendered":"Etiket Makinesi\/Ka\u011f\u0131t Sarma Makinesi"},"content":{"rendered":"<p>daha hafif \u00fcr\u00fcnlerin son muayenesini bitirdikten sonra, \u00e7akma\u011f\u0131n g\u00f6r\u00fcn\u00fcm\u00fc i\u015flenmelidir, en yayg\u0131n olan\u0131 etiketleme ve t\u00fcm daha a\u00e7\u0131k ka\u011f\u0131tt\u0131r.<\/p>\n<table width=\"346\">\n<tbody>\n<tr>\n<td width=\"145\">model<\/td>\n<td width=\"104\">jq-tb<\/td>\n<td width=\"97\">jq-bz<\/td>\n<\/tr>\n<tr>\n<td>Gerilim<\/td>\n<td>AC220V<\/td>\n<td>AC220V<\/td>\n<\/tr>\n<tr>\n<td>s\u0131kl\u0131k<\/td>\n<td>50HZ<\/td>\n<td>50HZ<\/td>\n<\/tr>\n<tr>\n<td>g\u00fc\u00e7<\/td>\n<td>4.8KW<\/td>\n<td>5.6KW<\/td>\n<\/tr>\n<tr>\n<td>bas\u0131n\u00e7<\/td>\n<td>0.6MP<\/td>\n<td>0.6MP<\/td>\n<\/tr>\n<tr>\n<td>boyut<\/td>\n<td>1.5m\u00b3<\/td>\n<td>1m\u00b3<\/td>\n<\/tr>\n<tr>\n<td>a\u011f\u0131rl\u0131k<\/td>\n<td>167KG<\/td>\n<td>206KG<\/td>\n<\/tr>\n<tr>\n<td>\u00e7\u0131kt\u0131<\/td>\n<td>12000PCS\/HOUR<\/td>\n<td>8000 pc\/saat<\/td>\n<\/tr>\n<\/tbody>\n<\/table>","protected":false},"excerpt":{"rendered":"<p>daha hafif \u00fcr\u00fcnlerin son muayenesini bitirdikten sonra, \u00e7akma\u011f\u0131n g\u00f6r\u00fcn\u00fcm\u00fc i\u015flenmelidir, en yayg\u0131n olan\u0131 etiketleme ve t\u00fcm daha a\u00e7\u0131k ka\u011f\u0131tt\u0131r. model jq-tb jq-bz voltaj ac220v ac220v frekans 50hz 50hz 50hz g\u00fc\u00e7 4.8kw 5.6kw bas\u0131n\u00e7 0.6mp 0.6mp boyut 1.5m\u00b3 1m\u00b3 a\u011f\u0131rl\u0131k 167kg 206kg \u00e7\u0131k\u0131\u015f 12000pcs\/saat 8000pcs\/saat<\/p>","protected":false},"featured_media":779,"template":"","meta":[],"product_cat":[24],"product_tag":[],"class_list":{"0":"post-778","1":"product","2":"type-product","3":"status-publish","4":"has-post-thumbnail","6":"product_cat-automatic-machine","8":"first","9":"instock","10":"shipping-taxable","11":"product-type-simple"},"_links":{"self":[{"href":"https:\/\/www.lightermakingmachine.com\/tr_tr\/wp-json\/wp\/v2\/product\/778","targetHints":{"allow":["GET"]}}],"collection":[{"href":"https:\/\/www.lightermakingmachine.com\/tr_tr\/wp-json\/wp\/v2\/product"}],"about":[{"href":"https:\/\/www.lightermakingmachine.com\/tr_tr\/wp-json\/wp\/v2\/types\/product"}],"version-history":[{"count":1,"href":"https:\/\/www.lightermakingmachine.com\/tr_tr\/wp-json\/wp\/v2\/product\/778\/revisions"}],"predecessor-version":[{"id":1308,"href":"https:\/\/www.lightermakingmachine.com\/tr_tr\/wp-json\/wp\/v2\/product\/778\/revisions\/1308"}],"wp:featuredmedia":[{"embeddable":true,"href":"https:\/\/www.lightermakingmachine.com\/tr_tr\/wp-json\/wp\/v2\/media\/779"}],"wp:attachment":[{"href":"https:\/\/www.lightermakingmachine.com\/tr_tr\/wp-json\/wp\/v2\/media?parent=778"}],"wp:term":[{"taxonomy":"product_cat","embeddable":true,"href":"https:\/\/www.lightermakingmachine.com\/tr_tr\/wp-json\/wp\/v2\/product_cat?post=778"},{"taxonomy":"product_tag","embeddable":true,"href":"https:\/\/www.lightermakingmachine.com\/tr_tr\/wp-json\/wp\/v2\/product_tag?post=778"}],"curies":[{"name":"wp","href":"https:\/\/api.w.org\/{rel}","templated":true}]}}