{"id":785,"date":"2024-12-13T14:18:59","date_gmt":"2024-12-13T06:18:59","guid":{"rendered":"http:\/\/jiuqi.deepvaluer.cn\/?post_type=product&#038;p=785"},"modified":"2025-09-16T16:57:43","modified_gmt":"2025-09-16T08:57:43","slug":"appending-machine","status":"publish","type":"product","link":"https:\/\/www.lightermakingmachine.com\/tr_tr\/product\/appending-machine\/","title":{"rendered":"ekleme makinesi"},"content":{"rendered":"<p>besleyici, g\u00f6rsel bir tan\u0131ma sistemi arac\u0131l\u0131\u011f\u0131yla \u00e7akma\u011f\u0131n konumunu ve y\u00f6n\u00fcn\u00fc do\u011fru bir \u015fekilde tan\u0131mlayabilen geli\u015fmi\u015f bir otomatik cihazd\u0131r. daha hafifin ger\u00e7ek zamanl\u0131 g\u00f6r\u00fcnt\u00fclerini yakalamak ve analiz etmek ve ekin konumunu ve a\u00e7\u0131s\u0131n\u0131 belirlemek i\u00e7in y\u00fcksek \u00e7\u00f6z\u00fcn\u00fcrl\u00fckl\u00fc kameralar ve g\u00f6r\u00fcnt\u00fc i\u015fleme algoritmalar\u0131 kullan\u0131r. daha sonra, hassas robot kol sistemi arac\u0131l\u0131\u011f\u0131yla, \u00fcretim verimlili\u011fini ve \u00fcr\u00fcn kalitesini art\u0131rmak i\u00e7in konvey\u00f6r band\u0131na do\u011fru bir \u015fekilde yerle\u015ftirilir.<\/p>\n<p>ana parametre<br \/>\n1. \u00e7ok y\u00f6nl\u00fcl\u00fck: de\u011fi\u015ftirilebilir model<br \/>\n2. \u00fcretim kapasitesi: 8000-10000 \/ saat<br \/>\n3. hava kaynak bas\u0131nc\u0131: hava kaynak bas\u0131nc\u0131 0.5-0.7mpa<br \/>\n4. voltaj: 220v<br \/>\n5. ekipman boyutlar\u0131: l2705mm*w1925mm*h1725mm<br \/>\n6. a\u011f\u0131rl\u0131k: yakla\u015f\u0131k 200kg<\/p>","protected":false},"excerpt":{"rendered":"<p>besleyici, g\u00f6rsel bir tan\u0131ma sistemi arac\u0131l\u0131\u011f\u0131yla \u00e7akma\u011f\u0131n konumunu ve y\u00f6n\u00fcn\u00fc do\u011fru bir \u015fekilde tan\u0131mlayabilen geli\u015fmi\u015f bir otomatik cihazd\u0131r. daha hafifin ger\u00e7ek zamanl\u0131 g\u00f6r\u00fcnt\u00fclerini yakalamak ve analiz etmek ve ekin konumunu ve a\u00e7\u0131s\u0131n\u0131 belirlemek i\u00e7in y\u00fcksek \u00e7\u00f6z\u00fcn\u00fcrl\u00fckl\u00fc kameralar ve g\u00f6r\u00fcnt\u00fc i\u015fleme algoritmalar\u0131 kullan\u0131r. sonra, hassas robot kolu ile [\u2026]<\/p>","protected":false},"featured_media":786,"template":"","meta":[],"product_cat":[24],"product_tag":[],"class_list":{"0":"post-785","1":"product","2":"type-product","3":"status-publish","4":"has-post-thumbnail","6":"product_cat-automatic-machine","8":"first","9":"instock","10":"shipping-taxable","11":"product-type-simple"},"_links":{"self":[{"href":"https:\/\/www.lightermakingmachine.com\/tr_tr\/wp-json\/wp\/v2\/product\/785","targetHints":{"allow":["GET"]}}],"collection":[{"href":"https:\/\/www.lightermakingmachine.com\/tr_tr\/wp-json\/wp\/v2\/product"}],"about":[{"href":"https:\/\/www.lightermakingmachine.com\/tr_tr\/wp-json\/wp\/v2\/types\/product"}],"version-history":[{"count":1,"href":"https:\/\/www.lightermakingmachine.com\/tr_tr\/wp-json\/wp\/v2\/product\/785\/revisions"}],"predecessor-version":[{"id":1307,"href":"https:\/\/www.lightermakingmachine.com\/tr_tr\/wp-json\/wp\/v2\/product\/785\/revisions\/1307"}],"wp:featuredmedia":[{"embeddable":true,"href":"https:\/\/www.lightermakingmachine.com\/tr_tr\/wp-json\/wp\/v2\/media\/786"}],"wp:attachment":[{"href":"https:\/\/www.lightermakingmachine.com\/tr_tr\/wp-json\/wp\/v2\/media?parent=785"}],"wp:term":[{"taxonomy":"product_cat","embeddable":true,"href":"https:\/\/www.lightermakingmachine.com\/tr_tr\/wp-json\/wp\/v2\/product_cat?post=785"},{"taxonomy":"product_tag","embeddable":true,"href":"https:\/\/www.lightermakingmachine.com\/tr_tr\/wp-json\/wp\/v2\/product_tag?post=785"}],"curies":[{"name":"wp","href":"https:\/\/api.w.org\/{rel}","templated":true}]}}